{"id":13462,"date":"2025-11-25T15:23:12","date_gmt":"2025-11-25T15:23:12","guid":{"rendered":"https:\/\/viande-halal.fr\/illkirch\/?post_type=product&#038;p=13462"},"modified":"2025-11-25T15:23:26","modified_gmt":"2025-11-25T15:23:26","slug":"ayran-suntat-1l-brique","status":"publish","type":"product","link":"https:\/\/prointer.fr\/illkirch\/produit\/ayran-suntat-1l-brique\/","title":{"rendered":"AYRAN SUNTAT &#8211; 1L BRIQUE"},"content":{"rendered":"<p>D\u00e9couvrez le d\u00e9licieux Ayran Suntat en brique de 1L, un incontournable de la cuisine turque. Fabriqu\u00e9 par la marque Suntat, sp\u00e9cialis\u00e9e dans les produits laitiers de qualit\u00e9, ce d\u00e9licieux m\u00e9lange de yaourt et d&rsquo;eau sal\u00e9e est parfait pour accompagner vos repas ou simplement se d\u00e9salt\u00e9rer.nnLe Ayran Suntat est un produit sain et rafra\u00eechissant, id\u00e9al pour toute la famille. Sa texture cr\u00e9meuse et son go\u00fbt subtil en font une boisson appr\u00e9ci\u00e9e par tous. En plus d&rsquo;\u00eatre d\u00e9licieux, le Ayran Suntat est \u00e9galement riche en probiotiques et en nutriments essentiels pour une bonne sant\u00e9 digestive.nnCette brique de 1L vous permettra de profiter du Ayran Suntat en grande quantit\u00e9 et de le conserver facilement au r\u00e9frig\u00e9rateur. Parfait pour les repas en famille ou les soir\u00e9es entre amis, ce produit saura ravir les papilles des petits comme des grands.nnNe passez pas \u00e0 c\u00f4t\u00e9 de cette d\u00e9licieuse boisson turque, commandez d\u00e8s maintenant votre Ayran Suntat en brique de 1L sur notre site ou retrouvez-le en magasin au rayon lait, fromage et \u0153uf dans votre supermarch\u00e9 pr\u00e9f\u00e9r\u00e9. Profitez de cette offre exclusive et laissez-vous s\u00e9duire par le go\u00fbt authentique du Ayran Suntat de la marque Suntat.<\/p>\n","protected":false},"excerpt":{"rendered":"<p>D\u00e9couvrez le d\u00e9licieux Ayran Suntat en brique de 1L, un produit de qualit\u00e9 sign\u00e9 Suntat. Rafra\u00eechissant et savoureux, ce yaourt \u00e0 boire traditionnel turc est parfait pour accompagner vos repas.<\/p>\n","protected":false},"featured_media":13555,"comment_status":"open","ping_status":"closed","template":"","meta":{"footnotes":""},"product_cat":[92,75],"product_tag":[94],"class_list":{"0":"post-13462","1":"product","2":"type-product","3":"status-publish","4":"has-post-thumbnail","6":"product_brand-suntat","7":"product_cat-produits-laitiers","8":"product_cat-tous-les-produits","9":"product_tag-suntat","10":"product_shipping_class-top-produits","12":"first","13":"instock","14":"taxable","15":"shipping-taxable","16":"purchasable","17":"product-type-simple"},"_links":{"self":[{"href":"https:\/\/prointer.fr\/illkirch\/wp-json\/wp\/v2\/product\/13462","targetHints":{"allow":["GET"]}}],"collection":[{"href":"https:\/\/prointer.fr\/illkirch\/wp-json\/wp\/v2\/product"}],"about":[{"href":"https:\/\/prointer.fr\/illkirch\/wp-json\/wp\/v2\/types\/product"}],"replies":[{"embeddable":true,"href":"https:\/\/prointer.fr\/illkirch\/wp-json\/wp\/v2\/comments?post=13462"}],"version-history":[{"count":1,"href":"https:\/\/prointer.fr\/illkirch\/wp-json\/wp\/v2\/product\/13462\/revisions"}],"predecessor-version":[{"id":13556,"href":"https:\/\/prointer.fr\/illkirch\/wp-json\/wp\/v2\/product\/13462\/revisions\/13556"}],"wp:featuredmedia":[{"embeddable":true,"href":"https:\/\/prointer.fr\/illkirch\/wp-json\/wp\/v2\/media\/13555"}],"wp:attachment":[{"href":"https:\/\/prointer.fr\/illkirch\/wp-json\/wp\/v2\/media?parent=13462"}],"wp:term":[{"taxonomy":"product_cat","embeddable":true,"href":"https:\/\/prointer.fr\/illkirch\/wp-json\/wp\/v2\/product_cat?post=13462"},{"taxonomy":"product_tag","embeddable":true,"href":"https:\/\/prointer.fr\/illkirch\/wp-json\/wp\/v2\/product_tag?post=13462"}],"curies":[{"name":"wp","href":"https:\/\/api.w.org\/{rel}","templated":true}]}}