{"id":13477,"date":"2025-11-25T15:23:13","date_gmt":"2025-11-25T15:23:13","guid":{"rendered":"https:\/\/viande-halal.fr\/illkirch\/?post_type=product&#038;p=13477"},"modified":"2025-11-25T15:24:28","modified_gmt":"2025-11-25T15:24:28","slug":"red-bull-abricot-fraise-25cl","status":"publish","type":"product","link":"https:\/\/prointer.fr\/illkirch\/produit\/red-bull-abricot-fraise-25cl\/","title":{"rendered":"RED BULL ABRICOT FRAISE &#8211; 25CL"},"content":{"rendered":"<p>Le Red Bull Abricot Fraise est une boisson \u00e9nergisante rafra\u00eechissante et d\u00e9licieuse de la marque Red Bull. Avec son m\u00e9lange unique d&rsquo;abricot et de fraise, cette boisson saura vous ravir et vous donner l&rsquo;\u00e9nergie dont vous avez besoin pour affronter votre journ\u00e9e. Cette version de 25cl est parfaite pour emporter avec vous lors de vos d\u00e9placements ou pour vous d\u00e9salt\u00e9rer \u00e0 tout moment de la journ\u00e9e.nnRed Bull est une marque renomm\u00e9e dans le domaine des boissons \u00e9nergisantes, et ce Red Bull Abricot Fraise ne fait pas exception \u00e0 la r\u00e8gle. Sa saveur fruit\u00e9e et p\u00e9tillante en fait un choix populaire aupr\u00e8s des consommateurs en qu\u00eate d&rsquo;un coup de boost naturel.nnAjoutez d\u00e8s aujourd&rsquo;hui le Red Bull Abricot Fraise &#8211; 25cl \u00e0 votre panier et profitez de son go\u00fbt exquis et de ses bienfaits \u00e9nergisants. Parfait pour les amateurs de boissons fruit\u00e9es et dynamiques, ce produit saura satisfaire toutes vos envies. N&rsquo;attendez plus pour d\u00e9couvrir cette d\u00e9licieuse boisson et profiter de tous ses bienfaits. Commandez d\u00e8s maintenant et vivez une exp\u00e9rience gustative inoubliable avec Red Bull Abricot Fraise !<\/p>\n","protected":false},"excerpt":{"rendered":"<p>Red Bull Abricot Fraise est une boisson \u00e9nergisante au go\u00fbt fruit\u00e9 et rafra\u00eechissant de Red Bull. Id\u00e9ale pour booster votre \u00e9nergie et vous hydrater. Disponible en format pratique de 25cl.<\/p>\n","protected":false},"featured_media":13836,"comment_status":"closed","ping_status":"closed","template":"","meta":{"footnotes":""},"product_cat":[76,75],"product_tag":[98],"class_list":{"0":"post-13477","1":"product","2":"type-product","3":"status-publish","4":"has-post-thumbnail","6":"product_brand-red-bull","7":"product_cat-boissons","8":"product_cat-tous-les-produits","9":"product_tag-red-bull","10":"product_shipping_class-top-produits","12":"first","13":"instock","14":"taxable","15":"shipping-taxable","16":"purchasable","17":"product-type-simple"},"_links":{"self":[{"href":"https:\/\/prointer.fr\/illkirch\/wp-json\/wp\/v2\/product\/13477","targetHints":{"allow":["GET"]}}],"collection":[{"href":"https:\/\/prointer.fr\/illkirch\/wp-json\/wp\/v2\/product"}],"about":[{"href":"https:\/\/prointer.fr\/illkirch\/wp-json\/wp\/v2\/types\/product"}],"replies":[{"embeddable":true,"href":"https:\/\/prointer.fr\/illkirch\/wp-json\/wp\/v2\/comments?post=13477"}],"version-history":[{"count":1,"href":"https:\/\/prointer.fr\/illkirch\/wp-json\/wp\/v2\/product\/13477\/revisions"}],"predecessor-version":[{"id":13837,"href":"https:\/\/prointer.fr\/illkirch\/wp-json\/wp\/v2\/product\/13477\/revisions\/13837"}],"wp:featuredmedia":[{"embeddable":true,"href":"https:\/\/prointer.fr\/illkirch\/wp-json\/wp\/v2\/media\/13836"}],"wp:attachment":[{"href":"https:\/\/prointer.fr\/illkirch\/wp-json\/wp\/v2\/media?parent=13477"}],"wp:term":[{"taxonomy":"product_cat","embeddable":true,"href":"https:\/\/prointer.fr\/illkirch\/wp-json\/wp\/v2\/product_cat?post=13477"},{"taxonomy":"product_tag","embeddable":true,"href":"https:\/\/prointer.fr\/illkirch\/wp-json\/wp\/v2\/product_tag?post=13477"}],"curies":[{"name":"wp","href":"https:\/\/api.w.org\/{rel}","templated":true}]}}