{"id":13516,"date":"2025-11-25T15:23:14","date_gmt":"2025-11-25T15:23:14","guid":{"rendered":"https:\/\/viande-halal.fr\/illkirch\/?post_type=product&#038;p=13516"},"modified":"2025-11-25T15:23:32","modified_gmt":"2025-11-25T15:23:32","slug":"fanta-kiwi-fraise-33cl","status":"publish","type":"product","link":"https:\/\/prointer.fr\/illkirch\/produit\/fanta-kiwi-fraise-33cl\/","title":{"rendered":"FANTA KIWI\/FRAISE &#8211; 33CL"},"content":{"rendered":"<p>Le Fanta Kiwi\/Fraise est une boisson p\u00e9tillante rafra\u00eechissante qui allie le go\u00fbt acidul\u00e9 du kiwi avec la douceur sucr\u00e9e de la fraise. Cette d\u00e9licieuse boisson de la marque Fanta est parfaite pour se d\u00e9salt\u00e9rer \u00e0 tout moment de la journ\u00e9e. Avec son format pratique de 33cl, vous pourrez facilement l&#8217;emporter partout avec vous, que ce soit lors d&rsquo;une sortie en plein air, d&rsquo;une pause au travail ou simplement pour accompagner vos repas.nnFabriqu\u00e9 avec des ingr\u00e9dients de qualit\u00e9, le Fanta Kiwi\/Fraise est une boisson sans colorants artificiels, id\u00e9ale pour les amateurs de saveurs fruit\u00e9es et rafra\u00eechissantes. Sa texture p\u00e9tillante et son go\u00fbt unique en font une boisson appr\u00e9ci\u00e9e par petits et grands.nnAjoutez une touche de fra\u00eecheur \u00e0 vos journ\u00e9es avec le Fanta Kiwi\/Fraise et laissez-vous s\u00e9duire par son mariage subtil de saveurs exotiques. Disponible dans notre supermarch\u00e9, venez d\u00e9couvrir ce produit incontournable de la cat\u00e9gorie Boissons et profitez de son go\u00fbt unique en toute simplicit\u00e9. N&rsquo;h\u00e9sitez pas \u00e0 vous laisser tenter par cette boisson originale et rafra\u00eechissante lors de votre prochaine visite en magasin.<\/p>\n","protected":false},"excerpt":{"rendered":"<p>D\u00e9couvrez le d\u00e9licieux Fanta Kiwi\/Fraise en format 33cl. Rafra\u00eechissant et fruit\u00e9, ce soda de la c\u00e9l\u00e8bre marque Fanta est parfait pour se d\u00e9salt\u00e9rer en toutes occasions.<\/p>\n","protected":false},"featured_media":13575,"comment_status":"open","ping_status":"closed","template":"","meta":{"footnotes":""},"product_cat":[76,75],"product_tag":[103],"class_list":{"0":"post-13516","1":"product","2":"type-product","3":"status-publish","4":"has-post-thumbnail","6":"product_brand-fanta","7":"product_cat-boissons","8":"product_cat-tous-les-produits","9":"product_tag-fanta","10":"product_shipping_class-top-produits","12":"first","13":"instock","14":"taxable","15":"shipping-taxable","16":"purchasable","17":"product-type-simple"},"_links":{"self":[{"href":"https:\/\/prointer.fr\/illkirch\/wp-json\/wp\/v2\/product\/13516","targetHints":{"allow":["GET"]}}],"collection":[{"href":"https:\/\/prointer.fr\/illkirch\/wp-json\/wp\/v2\/product"}],"about":[{"href":"https:\/\/prointer.fr\/illkirch\/wp-json\/wp\/v2\/types\/product"}],"replies":[{"embeddable":true,"href":"https:\/\/prointer.fr\/illkirch\/wp-json\/wp\/v2\/comments?post=13516"}],"version-history":[{"count":1,"href":"https:\/\/prointer.fr\/illkirch\/wp-json\/wp\/v2\/product\/13516\/revisions"}],"predecessor-version":[{"id":13576,"href":"https:\/\/prointer.fr\/illkirch\/wp-json\/wp\/v2\/product\/13516\/revisions\/13576"}],"wp:featuredmedia":[{"embeddable":true,"href":"https:\/\/prointer.fr\/illkirch\/wp-json\/wp\/v2\/media\/13575"}],"wp:attachment":[{"href":"https:\/\/prointer.fr\/illkirch\/wp-json\/wp\/v2\/media?parent=13516"}],"wp:term":[{"taxonomy":"product_cat","embeddable":true,"href":"https:\/\/prointer.fr\/illkirch\/wp-json\/wp\/v2\/product_cat?post=13516"},{"taxonomy":"product_tag","embeddable":true,"href":"https:\/\/prointer.fr\/illkirch\/wp-json\/wp\/v2\/product_tag?post=13516"}],"curies":[{"name":"wp","href":"https:\/\/api.w.org\/{rel}","templated":true}]}}