{"id":13603,"date":"2025-11-25T15:23:33","date_gmt":"2025-11-25T15:23:33","guid":{"rendered":"https:\/\/viande-halal.fr\/illkirch\/?post_type=product&#038;p=13603"},"modified":"2025-11-25T15:23:57","modified_gmt":"2025-11-25T15:23:57","slug":"jambon-de-boeuf-seche-pastirma-ozyorem-100g","status":"publish","type":"product","link":"https:\/\/prointer.fr\/illkirch\/produit\/jambon-de-boeuf-seche-pastirma-ozyorem-100g\/","title":{"rendered":"JAMBON DE BOEUF SECHE PASTIRMA OZYOREM &#8211; 100G"},"content":{"rendered":"<h3>JAMBON DE BOEUF SECHE PASTIRMA <a href=\"https:\/\/ozyorem.de\/fr\/\" target=\"_blank\" rel=\"noopener\">OZYOREM<\/a> &#8211; 100G<\/h3>\n<p data-start=\"1480\" data-end=\"1869\">Le <strong data-start=\"1483\" data-end=\"1531\"><a href=\"https:\/\/viande-halal.fr\/categorie-produit\/tous-les-produits\/rayon-charcuterie\/\" target=\"_blank\" rel=\"noopener\">Jambon<\/a> de Boeuf S\u00e9ch\u00e9 Pastirma Ozyorem &#8211; 200G<\/strong> est un produit de charcuterie <strong data-start=\"1562\" data-end=\"1571\">halal<\/strong> embl\u00e9matique pour tous les amateurs de viande s\u00e9ch\u00e9e et de saveurs orientales. Confectionn\u00e9 avec du <strong data-start=\"1672\" data-end=\"1706\">boeuf soigneusement s\u00e9lectionn\u00e9<\/strong> et des <strong data-start=\"1714\" data-end=\"1737\">\u00e9pices authentiques<\/strong>, il d\u00e9livre un go\u00fbt riche, intense et parfaitement \u00e9quilibr\u00e9, caract\u00e9ristique du savoir-faire artisanal de la marque <strong data-start=\"1855\" data-end=\"1866\">Ozyorem<\/strong>.<\/p>\n<p data-start=\"1871\" data-end=\"2231\">Id\u00e9al pour composer des <strong data-start=\"1895\" data-end=\"1922\">plateaux de charcuterie<\/strong>, garnir vos <strong data-start=\"1935\" data-end=\"1958\">sandwichs gourmands<\/strong> ou accompagner vos plats du quotidien, le jambon s\u00e9ch\u00e9 Pastirma se distingue par sa texture tendre et fondante. Chaque tranche r\u00e9v\u00e8le une profondeur de saveurs subtilement relev\u00e9e par les \u00e9pices, offrant une exp\u00e9rience gustative qui ravira les palais les plus exigeants.<\/p>\n<p data-start=\"2233\" data-end=\"2548\">Ce produit polyvalent peut \u00eatre d\u00e9gust\u00e9 seul pour un <strong data-start=\"2286\" data-end=\"2306\">ap\u00e9ritif raffin\u00e9<\/strong>, en lamelles sur une pizza maison ou en d\u00e9s dans des salades compos\u00e9es, apportant \u00e0 vos pr\u00e9parations un go\u00fbt authentique et oriental. Sa praticit\u00e9 et son conditionnement en 200G le rendent facile \u00e0 utiliser et \u00e0 conserver au r\u00e9frig\u00e9rateur.<\/p>\n<p data-start=\"2550\" data-end=\"2899\">La marque <a href=\"https:\/\/ozyorem.de\" target=\"_blank\" rel=\"noopener\"><strong data-start=\"2560\" data-end=\"2571\">Ozyorem<\/strong><\/a>, reconnue pour son expertise en charcuterie orientale, garantit une qualit\u00e9 constante et un respect strict des normes halal, permettant aux consommateurs de savourer un produit authentique, s\u00fbr et savoureux. Le <strong data-start=\"2783\" data-end=\"2824\">Jambon de Boeuf S\u00e9ch\u00e9 Pastirma Ozyorem<\/strong> repr\u00e9sente l\u2019alliance parfaite entre tradition et plaisir gastronomique.<\/p>\n<p data-start=\"2901\" data-end=\"3319\">Disponible dans vos <strong data-start=\"2921\" data-end=\"3009\">magasins Pro-Inter Groupe Centerkam dans le Grand Est et le Territoire de Belfort \ud83d\udccd<\/strong>, ce jambon de b\u0153uf s\u00e9ch\u00e9 est un incontournable pour toutes vos occasions, qu\u2019il s\u2019agisse d\u2019un repas quotidien, d\u2019un pique-nique ou d\u2019un \u00e9v\u00e9nement festif. Offrez-vous un moment de gourmandise avec cette charcuterie halal de qualit\u00e9 sup\u00e9rieure et d\u00e9couvrez la richesse des saveurs orientales \u00e0 chaque bouch\u00e9e.<\/p>\n","protected":false},"excerpt":{"rendered":"<p data-start=\"399\" data-end=\"745\">D\u00e9couvrez le <strong data-start=\"412\" data-end=\"460\">Jambon de Boeuf S\u00e9ch\u00e9 Pastirma Ozyorem &#8211; 200G<\/strong>, une charcuterie <strong data-start=\"478\" data-end=\"487\">halal<\/strong> savoureuse et authentique qui s\u00e9duira les amateurs de viande s\u00e9ch\u00e9e. Fabriqu\u00e9 avec du <strong data-start=\"574\" data-end=\"630\">boeuf de qualit\u00e9 sup\u00e9rieure soigneusement s\u00e9lectionn\u00e9<\/strong>, ce jambon est assaisonn\u00e9 avec des \u00e9pices traditionnelles pour offrir une exp\u00e9rience gustative riche et intense.<\/p>\n<p data-start=\"747\" data-end=\"1112\">Sa texture tendre et fondante en bouche permet une d\u00e9gustation imm\u00e9diate et facile, que ce soit pour des <strong data-start=\"852\" data-end=\"874\">ap\u00e9ritifs raffin\u00e9s<\/strong>, des <strong data-start=\"880\" data-end=\"903\">sandwichs gourmands<\/strong> ou comme accompagnement de vos plats chauds ou froids. La saveur unique de ce jambon s\u00e9ch\u00e9, typique de la charcuterie orientale, en fait un incontournable pour vos repas conviviaux et vos moments gourmands.<\/p>\n<p data-start=\"1114\" data-end=\"1416\">Pratique et facile \u00e0 conserver, le <strong data-start=\"1149\" data-end=\"1190\">Jambon de Boeuf S\u00e9ch\u00e9 Pastirma Ozyorem<\/strong> se pr\u00e9sente en tranches pr\u00eates \u00e0 consommer, parfait pour partager entre amis et en famille. Offrez-vous le meilleur de la charcuterie halal avec ce produit authentique sign\u00e9 <strong data-start=\"1365\" data-end=\"1376\">Ozyorem<\/strong>, r\u00e9f\u00e9rence en charcuterie de qualit\u00e9.<\/p>\n","protected":false},"featured_media":13703,"comment_status":"closed","ping_status":"closed","template":"","meta":{"footnotes":""},"product_cat":[314,638,75],"product_tag":[124],"class_list":{"0":"post-13603","1":"product","2":"type-product","3":"status-publish","4":"has-post-thumbnail","6":"product_brand-ozyorem","7":"product_cat-produits-frais","8":"product_cat-rayon-charcuterie","9":"product_cat-tous-les-produits","10":"product_tag-ozyorem","11":"product_shipping_class-top-produits","13":"first","14":"instock","15":"taxable","16":"shipping-taxable","17":"purchasable","18":"product-type-simple"},"_links":{"self":[{"href":"https:\/\/prointer.fr\/illkirch\/wp-json\/wp\/v2\/product\/13603","targetHints":{"allow":["GET"]}}],"collection":[{"href":"https:\/\/prointer.fr\/illkirch\/wp-json\/wp\/v2\/product"}],"about":[{"href":"https:\/\/prointer.fr\/illkirch\/wp-json\/wp\/v2\/types\/product"}],"replies":[{"embeddable":true,"href":"https:\/\/prointer.fr\/illkirch\/wp-json\/wp\/v2\/comments?post=13603"}],"version-history":[{"count":1,"href":"https:\/\/prointer.fr\/illkirch\/wp-json\/wp\/v2\/product\/13603\/revisions"}],"predecessor-version":[{"id":13704,"href":"https:\/\/prointer.fr\/illkirch\/wp-json\/wp\/v2\/product\/13603\/revisions\/13704"}],"wp:featuredmedia":[{"embeddable":true,"href":"https:\/\/prointer.fr\/illkirch\/wp-json\/wp\/v2\/media\/13703"}],"wp:attachment":[{"href":"https:\/\/prointer.fr\/illkirch\/wp-json\/wp\/v2\/media?parent=13603"}],"wp:term":[{"taxonomy":"product_cat","embeddable":true,"href":"https:\/\/prointer.fr\/illkirch\/wp-json\/wp\/v2\/product_cat?post=13603"},{"taxonomy":"product_tag","embeddable":true,"href":"https:\/\/prointer.fr\/illkirch\/wp-json\/wp\/v2\/product_tag?post=13603"}],"curies":[{"name":"wp","href":"https:\/\/api.w.org\/{rel}","templated":true}]}}