{"id":13697,"date":"2025-11-25T15:23:56","date_gmt":"2025-11-25T15:23:56","guid":{"rendered":"https:\/\/viande-halal.fr\/illkirch\/?post_type=product&#038;p=13697"},"modified":"2025-11-25T15:25:10","modified_gmt":"2025-11-25T15:25:10","slug":"bouchee-de-volaille-id-halal-800g","status":"publish","type":"product","link":"https:\/\/prointer.fr\/illkirch\/produit\/bouchee-de-volaille-id-halal-800g\/","title":{"rendered":"BOUCHEE DE VOLAILLE ID HALAL &#8211; 800G"},"content":{"rendered":"<p>D\u00e9couvrez les d\u00e9licieuses Bouch\u00e9es de Volaille ID Halal, un produit incontournable de la marque r\u00e9put\u00e9e ID Halal. Pr\u00e9par\u00e9es avec soin et selon les normes halal, ces bouch\u00e9es savoureuses sauront ravir les papilles des amateurs de viande de volaille. Chaque bouch\u00e9e est confectionn\u00e9e avec des ingr\u00e9dients de qualit\u00e9, garantissant une exp\u00e9rience gustative in\u00e9gal\u00e9e.nnId\u00e9ales pour un repas rapide et gourmand, ces bouch\u00e9es de volaille sont pratiques \u00e0 cuisiner et peuvent \u00eatre d\u00e9gust\u00e9es en famille ou entre amis. Le format \u00e9conomique de 800g vous permettra de profiter de ce d\u00e9lice \u00e0 plusieurs reprises, pour des moments conviviaux et savoureux.nnGr\u00e2ce \u00e0 leur certification halal, les Bouch\u00e9es de Volaille ID Halal sont une option parfaite pour les consommateurs en qu\u00eate de produits conformes \u00e0 leurs convictions religieuses. Offrez-vous un festin de qualit\u00e9 en optant pour ces bouch\u00e9es irr\u00e9sistibles, disponibles dans notre rayon boucherie.nnNe passez pas \u00e0 c\u00f4t\u00e9 de cette opportunit\u00e9 de r\u00e9galer vos proches avec les Bouch\u00e9es de Volaille ID Halal. Commandez d\u00e8s maintenant et profitez d&rsquo;un produit de qualit\u00e9 sup\u00e9rieure, sp\u00e9cialement s\u00e9lectionn\u00e9 pour vous par notre supermarch\u00e9.<\/p>\n","protected":false},"excerpt":{"rendered":"<p>D\u00e9couvrez les d\u00e9licieuses bouch\u00e9es de volaille ID HALAL, un produit de qualit\u00e9 de 800g. Savourez une viande halal tendre et savoureuse, parfait pour un repas gourmand et authentique.<\/p>\n","protected":false},"featured_media":14025,"comment_status":"closed","ping_status":"closed","template":"","meta":{"footnotes":""},"product_cat":[639,78,75],"product_tag":[135],"class_list":{"0":"post-13697","1":"product","2":"type-product","3":"status-publish","4":"has-post-thumbnail","6":"product_brand-id-halal","7":"product_cat-nuggets","8":"product_cat-pane","9":"product_cat-tous-les-produits","10":"product_tag-id-halal","11":"product_shipping_class-top-produits","13":"first","14":"instock","15":"taxable","16":"shipping-taxable","17":"purchasable","18":"product-type-simple"},"_links":{"self":[{"href":"https:\/\/prointer.fr\/illkirch\/wp-json\/wp\/v2\/product\/13697","targetHints":{"allow":["GET"]}}],"collection":[{"href":"https:\/\/prointer.fr\/illkirch\/wp-json\/wp\/v2\/product"}],"about":[{"href":"https:\/\/prointer.fr\/illkirch\/wp-json\/wp\/v2\/types\/product"}],"replies":[{"embeddable":true,"href":"https:\/\/prointer.fr\/illkirch\/wp-json\/wp\/v2\/comments?post=13697"}],"version-history":[{"count":1,"href":"https:\/\/prointer.fr\/illkirch\/wp-json\/wp\/v2\/product\/13697\/revisions"}],"predecessor-version":[{"id":14026,"href":"https:\/\/prointer.fr\/illkirch\/wp-json\/wp\/v2\/product\/13697\/revisions\/14026"}],"wp:featuredmedia":[{"embeddable":true,"href":"https:\/\/prointer.fr\/illkirch\/wp-json\/wp\/v2\/media\/14025"}],"wp:attachment":[{"href":"https:\/\/prointer.fr\/illkirch\/wp-json\/wp\/v2\/media?parent=13697"}],"wp:term":[{"taxonomy":"product_cat","embeddable":true,"href":"https:\/\/prointer.fr\/illkirch\/wp-json\/wp\/v2\/product_cat?post=13697"},{"taxonomy":"product_tag","embeddable":true,"href":"https:\/\/prointer.fr\/illkirch\/wp-json\/wp\/v2\/product_tag?post=13697"}],"curies":[{"name":"wp","href":"https:\/\/api.w.org\/{rel}","templated":true}]}}