{"id":13799,"date":"2025-11-25T15:24:17","date_gmt":"2025-11-25T15:24:17","guid":{"rendered":"https:\/\/viande-halal.fr\/illkirch\/?post_type=product&#038;p=13799"},"modified":"2025-11-25T15:26:46","modified_gmt":"2025-11-25T15:26:46","slug":"yaourt-nature-brasse-ciftlik-gazi-3kg","status":"publish","type":"product","link":"https:\/\/prointer.fr\/illkirch\/produit\/yaourt-nature-brasse-ciftlik-gazi-3kg\/","title":{"rendered":"YAOURT NATURE BRASSE CIFTLIK GAZI &#8211; 3KG"},"content":{"rendered":"<h3>YAOURT NATURE BRASSE CIFTLIK GAZI &#8211; 3KG<\/h3>\n<p data-start=\"1491\" data-end=\"1825\">Le <strong data-start=\"1494\" data-end=\"1537\"><a href=\"https:\/\/viande-halal.fr\/categorie-produit\/tous-les-produits\/produits-frais\/produits-laitiers\/\" target=\"_blank\" rel=\"noopener\">Yaourt<\/a> Nature Brass\u00e9 CIFTLIK <a href=\"https:\/\/gazi.de\" target=\"_blank\" rel=\"noopener\">GAZI<\/a> \u2013 3KG<\/strong> est un produit phare de la cat\u00e9gorie <strong data-start=\"1575\" data-end=\"1600\">lait, fromage et \u0153ufs<\/strong>, destin\u00e9 aux amateurs de produits laitiers authentiques et de qualit\u00e9. Fabriqu\u00e9 par la marque <strong data-start=\"1695\" data-end=\"1703\">GAZI<\/strong>, reconnue pour son savoir-faire, ce yaourt allie <strong data-start=\"1753\" data-end=\"1769\">go\u00fbt d\u00e9licat<\/strong>, <strong data-start=\"1771\" data-end=\"1792\">texture onctueuse<\/strong> et <strong data-start=\"1796\" data-end=\"1822\">qualit\u00e9 nutritionnelle<\/strong>.<\/p>\n<p data-start=\"1827\" data-end=\"2172\">Con\u00e7u selon une <strong data-start=\"1843\" data-end=\"1869\">recette traditionnelle<\/strong>, ce yaourt est \u00e9labor\u00e9 \u00e0 partir de <strong data-start=\"1905\" data-end=\"1919\">lait frais<\/strong> et de <strong data-start=\"1926\" data-end=\"1957\">ferments lactiques naturels<\/strong>, garantissant une saveur authentique et une texture cr\u00e9meuse. Sans additifs ni conservateurs, il pr\u00e9serve toutes les qualit\u00e9s du lait et permet de profiter d\u2019un produit sain et naturel, adapt\u00e9 \u00e0 toute la famille.<\/p>\n<p data-start=\"2174\" data-end=\"2613\">Le yaourt nature brass\u00e9 CIFTLIK GAZI est une excellente source de <strong data-start=\"2240\" data-end=\"2267\">prot\u00e9ines et de calcium<\/strong>, contribuant \u00e0 une alimentation \u00e9quilibr\u00e9e et au maintien de la sant\u00e9 des os et des muscles. Sa douceur et sa fra\u00eecheur en font un produit polyvalent, id\u00e9al pour \u00eatre d\u00e9gust\u00e9 <strong data-start=\"2443\" data-end=\"2453\">nature<\/strong>, accompagn\u00e9 de fruits frais, de miel ou de confiture, ou pour \u00eatre int\u00e9gr\u00e9 dans vos <strong data-start=\"2538\" data-end=\"2557\">recettes maison<\/strong> comme les sauces, smoothies, desserts ou p\u00e2tisseries.<\/p>\n<p data-start=\"2615\" data-end=\"2936\">Le format de <strong data-start=\"2628\" data-end=\"2635\">3KG<\/strong> est pratique pour un usage familial, permettant de conserver le yaourt au r\u00e9frig\u00e9rateur tout en l\u2019utilisant quotidiennement pour les repas et collations. Ce produit s\u2019adresse aussi bien aux particuliers qu\u2019aux petites structures souhaitant proposer un yaourt de qualit\u00e9 sup\u00e9rieure \u00e0 leurs convives.<\/p>\n<p data-start=\"2938\" data-end=\"3321\">En choisissant le <strong data-start=\"2956\" data-end=\"2993\">Yaourt Nature Brass\u00e9 CIFTLIK GAZI<\/strong>, vous optez pour un produit de qualit\u00e9, authentique et naturel, fabriqu\u00e9 par une marque fiable et reconnue. Sa polyvalence et son go\u00fbt doux font de ce yaourt un incontournable dans votre r\u00e9frig\u00e9rateur pour toute occasion, que ce soit pour un petit-d\u00e9jeuner \u00e9quilibr\u00e9, un encas rapide ou pour enrichir vos recettes culinaires.<\/p>\n<p data-start=\"3323\" data-end=\"3416\"><strong data-start=\"3323\" data-end=\"3414\">Disponible dans vos magasins Pro-Inter dans le Grand Est et le Territoire de Belfort<\/strong><\/p>\n","protected":false},"excerpt":{"rendered":"<p data-start=\"202\" data-end=\"648\">Le <strong data-start=\"205\" data-end=\"248\">Yaourt Nature Brass\u00e9 CIFTLIK GAZI \u2013 3KG<\/strong> est un incontournable pour les amateurs de produits laitiers de qualit\u00e9. Fabriqu\u00e9 par la marque reconnue <strong data-start=\"354\" data-end=\"362\">GAZI<\/strong>, ce yaourt offre une <strong data-start=\"384\" data-end=\"405\">texture onctueuse<\/strong> et un go\u00fbt d\u00e9licatement acidul\u00e9 qui s\u00e9duira tous les palais. Id\u00e9al pour vos <strong data-start=\"482\" data-end=\"502\">petits-d\u00e9jeuners<\/strong>, <strong data-start=\"504\" data-end=\"534\">encas ou pauses gourmandes<\/strong>, il s\u2019int\u00e8gre parfaitement dans une alimentation \u00e9quilibr\u00e9e gr\u00e2ce \u00e0 sa richesse en <strong data-start=\"618\" data-end=\"645\">prot\u00e9ines et en calcium<\/strong>.<\/p>\n<p data-start=\"650\" data-end=\"946\">Ce yaourt nature brass\u00e9 est \u00e9labor\u00e9 selon une <strong data-start=\"696\" data-end=\"722\">recette traditionnelle<\/strong> \u00e0 base de <strong data-start=\"733\" data-end=\"747\">lait frais<\/strong> et de <strong data-start=\"754\" data-end=\"785\">ferments lactiques naturels<\/strong>, sans additifs ni conservateurs. Sa qualit\u00e9 et sa fra\u00eecheur en font un produit sain et authentique, parfait pour accompagner vos plats ou \u00e0 d\u00e9guster tel quel.<\/p>\n<p data-start=\"948\" data-end=\"1241\">Le format g\u00e9n\u00e9reux de <strong data-start=\"970\" data-end=\"977\">3KG<\/strong> est pratique pour une consommation familiale ou pour les amateurs de yaourt qui souhaitent allier qualit\u00e9 et quantit\u00e9. Polyvalent, il peut \u00eatre d\u00e9gust\u00e9 nature, avec des fruits, du miel, ou utilis\u00e9 dans vos recettes culinaires pour apporter onctuosit\u00e9 et saveur.<\/p>\n<p data-start=\"1243\" data-end=\"1428\">Offrez-vous un produit laitier de qualit\u00e9 sup\u00e9rieure avec le <strong data-start=\"1304\" data-end=\"1341\">Yaourt Nature Brass\u00e9 CIFTLIK GAZI<\/strong>, un classique incontournable \u00e0 avoir dans votre r\u00e9frig\u00e9rateur pour toute la famille.<\/p>\n","protected":false},"featured_media":14384,"comment_status":"closed","ping_status":"closed","template":"","meta":{"footnotes":""},"product_cat":[92,75],"product_tag":[148],"class_list":{"0":"post-13799","1":"product","2":"type-product","3":"status-publish","4":"has-post-thumbnail","6":"product_brand-gazi","7":"product_cat-produits-laitiers","8":"product_cat-tous-les-produits","9":"product_tag-gazi","10":"product_shipping_class-top-produits","12":"first","13":"instock","14":"taxable","15":"shipping-taxable","16":"purchasable","17":"product-type-simple"},"_links":{"self":[{"href":"https:\/\/prointer.fr\/illkirch\/wp-json\/wp\/v2\/product\/13799","targetHints":{"allow":["GET"]}}],"collection":[{"href":"https:\/\/prointer.fr\/illkirch\/wp-json\/wp\/v2\/product"}],"about":[{"href":"https:\/\/prointer.fr\/illkirch\/wp-json\/wp\/v2\/types\/product"}],"replies":[{"embeddable":true,"href":"https:\/\/prointer.fr\/illkirch\/wp-json\/wp\/v2\/comments?post=13799"}],"version-history":[{"count":1,"href":"https:\/\/prointer.fr\/illkirch\/wp-json\/wp\/v2\/product\/13799\/revisions"}],"predecessor-version":[{"id":14385,"href":"https:\/\/prointer.fr\/illkirch\/wp-json\/wp\/v2\/product\/13799\/revisions\/14385"}],"wp:featuredmedia":[{"embeddable":true,"href":"https:\/\/prointer.fr\/illkirch\/wp-json\/wp\/v2\/media\/14384"}],"wp:attachment":[{"href":"https:\/\/prointer.fr\/illkirch\/wp-json\/wp\/v2\/media?parent=13799"}],"wp:term":[{"taxonomy":"product_cat","embeddable":true,"href":"https:\/\/prointer.fr\/illkirch\/wp-json\/wp\/v2\/product_cat?post=13799"},{"taxonomy":"product_tag","embeddable":true,"href":"https:\/\/prointer.fr\/illkirch\/wp-json\/wp\/v2\/product_tag?post=13799"}],"curies":[{"name":"wp","href":"https:\/\/api.w.org\/{rel}","templated":true}]}}