{"id":71988,"date":"2025-11-25T15:22:47","date_gmt":"2025-11-25T15:22:47","guid":{"rendered":"https:\/\/viande-halal.fr\/meinau\/?post_type=product&#038;p=71988"},"modified":"2025-11-25T15:23:00","modified_gmt":"2025-11-25T15:23:00","slug":"coca-cola-vanille-33cl","status":"publish","type":"product","link":"https:\/\/prointer.fr\/meinau\/produit\/coca-cola-vanille-33cl\/","title":{"rendered":"COCA COLA VANILLE &#8211; 33CL"},"content":{"rendered":"<p>D\u00e9couvrez le d\u00e9licieux Coca Cola Vanille en format 33cl, une boisson rafra\u00eechissante et gourmande qui saura satisfaire toutes vos envies de douceur. La marque embl\u00e9matique Coca Cola vous propose une version originale de son c\u00e9l\u00e8bre soda, subtilement parfum\u00e9e \u00e0 la vanille pour une exp\u00e9rience gustative unique et savoureuse.nnId\u00e9al pour accompagner vos repas ou pour vous d\u00e9salt\u00e9rer en toute occasion, le Coca Cola Vanille est une boisson incontournable qui plaira \u00e0 tous les membres de la famille. Sa recette authentique et son go\u00fbt irr\u00e9sistible en font un produit phare de la cat\u00e9gorie Boissons, \u00e0 d\u00e9guster sans mod\u00e9ration.nnSurprenez vos papilles avec cette boisson p\u00e9tillante et pleine de saveurs, id\u00e9ale pour les amateurs de sensations sucr\u00e9es. Le Coca Cola Vanille &#8211; 33cl est disponible dans notre supermarch\u00e9, o\u00f9 vous pourrez le retrouver ais\u00e9ment pour compl\u00e9ter votre panier d&rsquo;achats.nnN&rsquo;h\u00e9sitez plus et offrez-vous un moment de plaisir avec le Coca Cola Vanille, un produit de qualit\u00e9 sign\u00e9 Coca Cola qui saura vous s\u00e9duire d\u00e8s la premi\u00e8re gorg\u00e9e. Profitez de son go\u00fbt unique et de sa fra\u00eecheur incomparable pour une exp\u00e9rience gustative inoubliable.<\/p>\n","protected":false},"excerpt":{"rendered":"<p>D\u00e9couvrez la d\u00e9licieuse boisson p\u00e9tillante Coca Cola Vanille en format 33cl. Un m\u00e9lange unique de cola et de vanille pour une exp\u00e9rience rafra\u00eechissante et gourmande. Appr\u00e9ciez le go\u00fbt authentique de Coca Cola.<\/p>\n","protected":false},"featured_media":72098,"comment_status":"open","ping_status":"closed","template":"","meta":{"footnotes":""},"product_cat":[76,75],"product_tag":[89],"class_list":{"0":"post-71988","1":"product","2":"type-product","3":"status-publish","4":"has-post-thumbnail","6":"product_brand-coca-cola","7":"product_cat-boissons","8":"product_cat-tous-les-produits","9":"product_tag-coca-cola","10":"product_shipping_class-top-produits","12":"first","13":"instock","14":"taxable","15":"shipping-taxable","16":"purchasable","17":"product-type-simple"},"_links":{"self":[{"href":"https:\/\/prointer.fr\/meinau\/wp-json\/wp\/v2\/product\/71988","targetHints":{"allow":["GET"]}}],"collection":[{"href":"https:\/\/prointer.fr\/meinau\/wp-json\/wp\/v2\/product"}],"about":[{"href":"https:\/\/prointer.fr\/meinau\/wp-json\/wp\/v2\/types\/product"}],"replies":[{"embeddable":true,"href":"https:\/\/prointer.fr\/meinau\/wp-json\/wp\/v2\/comments?post=71988"}],"version-history":[{"count":1,"href":"https:\/\/prointer.fr\/meinau\/wp-json\/wp\/v2\/product\/71988\/revisions"}],"predecessor-version":[{"id":72099,"href":"https:\/\/prointer.fr\/meinau\/wp-json\/wp\/v2\/product\/71988\/revisions\/72099"}],"wp:featuredmedia":[{"embeddable":true,"href":"https:\/\/prointer.fr\/meinau\/wp-json\/wp\/v2\/media\/72098"}],"wp:attachment":[{"href":"https:\/\/prointer.fr\/meinau\/wp-json\/wp\/v2\/media?parent=71988"}],"wp:term":[{"taxonomy":"product_cat","embeddable":true,"href":"https:\/\/prointer.fr\/meinau\/wp-json\/wp\/v2\/product_cat?post=71988"},{"taxonomy":"product_tag","embeddable":true,"href":"https:\/\/prointer.fr\/meinau\/wp-json\/wp\/v2\/product_tag?post=71988"}],"curies":[{"name":"wp","href":"https:\/\/api.w.org\/{rel}","templated":true}]}}