{"id":72001,"date":"2025-11-25T15:22:47","date_gmt":"2025-11-25T15:22:47","guid":{"rendered":"https:\/\/viande-halal.fr\/meinau\/?post_type=product&#038;p=72001"},"modified":"2025-11-25T15:22:49","modified_gmt":"2025-11-25T15:22:49","slug":"ayran-suntat-250ml-verre-plastiqu","status":"publish","type":"product","link":"https:\/\/prointer.fr\/meinau\/produit\/ayran-suntat-250ml-verre-plastiqu\/","title":{"rendered":"AYRAN SUNTAT &#8211; 250ML VERRE PLASTIQU"},"content":{"rendered":"<p>Le Ayran Suntat est un d\u00e9licieux yaourt turc traditionnellement consomm\u00e9 en accompagnement des repas ou en tant que boisson rafra\u00eechissante. Ce produit de la marque Suntat est propos\u00e9 en format pratique de 250ml dans un verre en plastique, id\u00e9al pour une consommation nomade ou \u00e0 emporter.nnLe Ayran Suntat est fabriqu\u00e9 \u00e0 partir de yaourt nature, d&rsquo;eau et d&rsquo;une pinc\u00e9e de sel, lui conf\u00e9rant un go\u00fbt unique et rafra\u00eechissant. Sa texture cr\u00e9meuse et sa saveur l\u00e9g\u00e8rement acidul\u00e9e en font un incontournable des tables turques.nnCe produit de la cat\u00e9gorie Lait, fromage et oeuf est parfait pour accompagner vos plats pr\u00e9f\u00e9r\u00e9s, notamment les kebabs, les mezzes ou les salades. Sa composition naturelle en fait \u00e9galement un choix sain et \u00e9quilibr\u00e9 pour une pause gourmande \u00e0 tout moment de la journ\u00e9e.nnRetrouvez le Ayran Suntat dans notre rayon Lait, fromage et oeuf de notre supermarch\u00e9 physique et succombez \u00e0 sa fra\u00eecheur et son authenticit\u00e9. Profitez de son format pratique pour le d\u00e9guster o\u00f9 que vous soyez et laissez-vous envo\u00fbter par ses saveurs orientales. Commandez d\u00e8s maintenant et d\u00e9couvrez le plaisir du Ayran Suntat !<\/p>\n","protected":false},"excerpt":{"rendered":"<p>D\u00e9couvrez le d\u00e9licieux Ayran Suntat en format pratique de 250ml. Cette boisson rafra\u00eechissante \u00e0 base de yaourt est parfaite pour accompagner vos repas. Profitez du savoir-faire de la marque Suntat.<\/p>\n","protected":false},"featured_media":71269,"comment_status":"open","ping_status":"closed","template":"","meta":{"footnotes":""},"product_cat":[76,92,75],"product_tag":[94],"class_list":{"0":"post-72001","1":"product","2":"type-product","3":"status-publish","4":"has-post-thumbnail","6":"product_brand-suntat","7":"product_cat-boissons","8":"product_cat-produits-laitiers","9":"product_cat-tous-les-produits","10":"product_tag-suntat","11":"product_shipping_class-top-produits","13":"first","14":"instock","15":"taxable","16":"shipping-taxable","17":"purchasable","18":"product-type-simple"},"_links":{"self":[{"href":"https:\/\/prointer.fr\/meinau\/wp-json\/wp\/v2\/product\/72001","targetHints":{"allow":["GET"]}}],"collection":[{"href":"https:\/\/prointer.fr\/meinau\/wp-json\/wp\/v2\/product"}],"about":[{"href":"https:\/\/prointer.fr\/meinau\/wp-json\/wp\/v2\/types\/product"}],"replies":[{"embeddable":true,"href":"https:\/\/prointer.fr\/meinau\/wp-json\/wp\/v2\/comments?post=72001"}],"version-history":[{"count":1,"href":"https:\/\/prointer.fr\/meinau\/wp-json\/wp\/v2\/product\/72001\/revisions"}],"predecessor-version":[{"id":72059,"href":"https:\/\/prointer.fr\/meinau\/wp-json\/wp\/v2\/product\/72001\/revisions\/72059"}],"wp:featuredmedia":[{"embeddable":true,"href":"https:\/\/prointer.fr\/meinau\/wp-json\/wp\/v2\/media\/71269"}],"wp:attachment":[{"href":"https:\/\/prointer.fr\/meinau\/wp-json\/wp\/v2\/media?parent=72001"}],"wp:term":[{"taxonomy":"product_cat","embeddable":true,"href":"https:\/\/prointer.fr\/meinau\/wp-json\/wp\/v2\/product_cat?post=72001"},{"taxonomy":"product_tag","embeddable":true,"href":"https:\/\/prointer.fr\/meinau\/wp-json\/wp\/v2\/product_tag?post=72001"}],"curies":[{"name":"wp","href":"https:\/\/api.w.org\/{rel}","templated":true}]}}