{"id":72003,"date":"2025-11-25T15:22:47","date_gmt":"2025-11-25T15:22:47","guid":{"rendered":"https:\/\/viande-halal.fr\/meinau\/?post_type=product&#038;p=72003"},"modified":"2025-11-25T15:23:45","modified_gmt":"2025-11-25T15:23:45","slug":"ayran-suntat-500ml-brique","status":"publish","type":"product","link":"https:\/\/prointer.fr\/meinau\/produit\/ayran-suntat-500ml-brique\/","title":{"rendered":"AYRAN SUNTAT &#8211; 500ML BRIQUE"},"content":{"rendered":"<p>D\u00e9couvrez le d\u00e9licieux Ayran Suntat en brique de 500ml, un produit incontournable de la marque Suntat dans la cat\u00e9gorie Lait, fromage et oeuf. Ce produit authentique et rafra\u00eechissant est parfait pour accompagner vos repas ou simplement se d\u00e9salt\u00e9rer \u00e0 tout moment de la journ\u00e9e.nnFabriqu\u00e9 avec des ingr\u00e9dients de qualit\u00e9, ce Ayran Suntat est une source naturelle de calcium et de prot\u00e9ines essentielles pour une alimentation \u00e9quilibr\u00e9e. Sa texture onctueuse et son go\u00fbt subtil en font un produit appr\u00e9ci\u00e9 de tous, petits et grands.nnLa brique de 500ml est id\u00e9ale pour partager ce d\u00e9licieux Ayran Suntat en famille ou entre amis lors de vos repas conviviaux. Son packaging pratique et refermable permet de conserver la fra\u00eecheur du produit apr\u00e8s ouverture, pour en profiter pleinement jusqu&rsquo;\u00e0 la derni\u00e8re goutte.nnNe manquez pas l&rsquo;occasion de go\u00fbter \u00e0 ce Ayran Suntat de qualit\u00e9 exceptionnelle, disponible exclusivement dans notre supermarch\u00e9. Ajoutez-le d\u00e8s maintenant \u00e0 votre panier pour une exp\u00e9rience gustative unique et savourez chaque gorg\u00e9e de ce d\u00e9licieux produit Suntat.<\/p>\n","protected":false},"excerpt":{"rendered":"<p>D\u00e9couvrez le d\u00e9licieux AYRAN SUNTAT en brique de 500ml. Rafra\u00eechissant et onctueux, ce produit de la marque SUNTAT est parfait pour accompagner vos repas. Essayez-le d\u00e8s aujourd&rsquo;hui!<\/p>\n","protected":false},"featured_media":72393,"comment_status":"closed","ping_status":"closed","template":"","meta":{"footnotes":""},"product_cat":[76,92,75],"product_tag":[94],"class_list":{"0":"post-72003","1":"product","2":"type-product","3":"status-publish","4":"has-post-thumbnail","6":"product_brand-suntat","7":"product_cat-boissons","8":"product_cat-produits-laitiers","9":"product_cat-tous-les-produits","10":"product_tag-suntat","11":"product_shipping_class-top-produits","13":"first","14":"instock","15":"taxable","16":"shipping-taxable","17":"purchasable","18":"product-type-simple"},"_links":{"self":[{"href":"https:\/\/prointer.fr\/meinau\/wp-json\/wp\/v2\/product\/72003","targetHints":{"allow":["GET"]}}],"collection":[{"href":"https:\/\/prointer.fr\/meinau\/wp-json\/wp\/v2\/product"}],"about":[{"href":"https:\/\/prointer.fr\/meinau\/wp-json\/wp\/v2\/types\/product"}],"replies":[{"embeddable":true,"href":"https:\/\/prointer.fr\/meinau\/wp-json\/wp\/v2\/comments?post=72003"}],"version-history":[{"count":1,"href":"https:\/\/prointer.fr\/meinau\/wp-json\/wp\/v2\/product\/72003\/revisions"}],"predecessor-version":[{"id":72394,"href":"https:\/\/prointer.fr\/meinau\/wp-json\/wp\/v2\/product\/72003\/revisions\/72394"}],"wp:featuredmedia":[{"embeddable":true,"href":"https:\/\/prointer.fr\/meinau\/wp-json\/wp\/v2\/media\/72393"}],"wp:attachment":[{"href":"https:\/\/prointer.fr\/meinau\/wp-json\/wp\/v2\/media?parent=72003"}],"wp:term":[{"taxonomy":"product_cat","embeddable":true,"href":"https:\/\/prointer.fr\/meinau\/wp-json\/wp\/v2\/product_cat?post=72003"},{"taxonomy":"product_tag","embeddable":true,"href":"https:\/\/prointer.fr\/meinau\/wp-json\/wp\/v2\/product_tag?post=72003"}],"curies":[{"name":"wp","href":"https:\/\/api.w.org\/{rel}","templated":true}]}}