{"id":72005,"date":"2025-11-25T15:22:47","date_gmt":"2025-11-25T15:22:47","guid":{"rendered":"https:\/\/viande-halal.fr\/meinau\/?post_type=product&#038;p=72005"},"modified":"2025-11-25T15:22:54","modified_gmt":"2025-11-25T15:22:54","slug":"beypazari-eau-petillante-citron-2","status":"publish","type":"product","link":"https:\/\/prointer.fr\/meinau\/produit\/beypazari-eau-petillante-citron-2\/","title":{"rendered":"BEYPAZARI EAU PETILLANTE CITRON &#8211; 2"},"content":{"rendered":"<p>BEYPAZARI EAU PETILLANTE CITRON &#8211; 2 est une boisson rafra\u00eechissante et p\u00e9tillante de la marque BEYPAZARI. Cette d\u00e9licieuse eau p\u00e9tillante est aromatis\u00e9e au citron pour une explosion de saveurs en bouche. Parfaite pour vous hydrater lors des journ\u00e9es chaudes d&rsquo;\u00e9t\u00e9, cette boisson est \u00e9galement id\u00e9ale pour accompagner vos repas ou simplement pour vous d\u00e9salt\u00e9rer \u00e0 tout moment de la journ\u00e9e.nnFabriqu\u00e9e avec des ingr\u00e9dients de haute qualit\u00e9, cette eau p\u00e9tillante est sans sucres ajout\u00e9s, ce qui en fait une option saine et l\u00e9g\u00e8re pour tous les amateurs de boissons p\u00e9tillantes. De plus, son format de 2 bouteilles vous permet de toujours en avoir sous la main, que ce soit \u00e0 la maison, au bureau ou en d\u00e9placement.nnAjoutez BEYPAZARI EAU PETILLANTE CITRON &#8211; 2 \u00e0 votre panier d\u00e8s maintenant et profitez de son go\u00fbt rafra\u00eechissant et de sa praticit\u00e9. Offrez-vous une pause bien m\u00e9rit\u00e9e en d\u00e9gustant cette boisson p\u00e9tillante au citron, et laissez-vous emporter par sa fra\u00eecheur incomparable. N&rsquo;attendez plus pour d\u00e9couvrir cette boisson incontournable de la cat\u00e9gorie Boissons, disponible dans votre supermarch\u00e9 pr\u00e9f\u00e9r\u00e9.<\/p>\n","protected":false},"excerpt":{"rendered":"<p>D\u00e9couvrez la fra\u00eecheur p\u00e9tillante de l&rsquo;eau gazeuse au citron de BeyPazari. Rafra\u00eechissante et d\u00e9licieuse, cette boisson est parfaite pour \u00e9tancher votre soif et apporter une touche d&rsquo;acidit\u00e9 \u00e0 vos repas.<\/p>\n","protected":false},"featured_media":72077,"comment_status":"open","ping_status":"closed","template":"","meta":{"footnotes":""},"product_cat":[76,75],"product_tag":[95],"class_list":{"0":"post-72005","1":"product","2":"type-product","3":"status-publish","4":"has-post-thumbnail","6":"product_brand-beypazari","7":"product_cat-boissons","8":"product_cat-tous-les-produits","9":"product_tag-beypazari","10":"product_shipping_class-top-produits","12":"first","13":"instock","14":"taxable","15":"shipping-taxable","16":"purchasable","17":"product-type-simple"},"_links":{"self":[{"href":"https:\/\/prointer.fr\/meinau\/wp-json\/wp\/v2\/product\/72005","targetHints":{"allow":["GET"]}}],"collection":[{"href":"https:\/\/prointer.fr\/meinau\/wp-json\/wp\/v2\/product"}],"about":[{"href":"https:\/\/prointer.fr\/meinau\/wp-json\/wp\/v2\/types\/product"}],"replies":[{"embeddable":true,"href":"https:\/\/prointer.fr\/meinau\/wp-json\/wp\/v2\/comments?post=72005"}],"version-history":[{"count":1,"href":"https:\/\/prointer.fr\/meinau\/wp-json\/wp\/v2\/product\/72005\/revisions"}],"predecessor-version":[{"id":72078,"href":"https:\/\/prointer.fr\/meinau\/wp-json\/wp\/v2\/product\/72005\/revisions\/72078"}],"wp:featuredmedia":[{"embeddable":true,"href":"https:\/\/prointer.fr\/meinau\/wp-json\/wp\/v2\/media\/72077"}],"wp:attachment":[{"href":"https:\/\/prointer.fr\/meinau\/wp-json\/wp\/v2\/media?parent=72005"}],"wp:term":[{"taxonomy":"product_cat","embeddable":true,"href":"https:\/\/prointer.fr\/meinau\/wp-json\/wp\/v2\/product_cat?post=72005"},{"taxonomy":"product_tag","embeddable":true,"href":"https:\/\/prointer.fr\/meinau\/wp-json\/wp\/v2\/product_tag?post=72005"}],"curies":[{"name":"wp","href":"https:\/\/api.w.org\/{rel}","templated":true}]}}