{"id":72007,"date":"2025-11-25T15:22:47","date_gmt":"2025-11-25T15:22:47","guid":{"rendered":"https:\/\/viande-halal.fr\/meinau\/?post_type=product&#038;p=72007"},"modified":"2025-11-25T15:23:17","modified_gmt":"2025-11-25T15:23:17","slug":"beypazari-eau-petillante-fraise-2","status":"publish","type":"product","link":"https:\/\/prointer.fr\/meinau\/produit\/beypazari-eau-petillante-fraise-2\/","title":{"rendered":"BEYPAZARI EAU PETILLANTE FRAISE &#8211; 2"},"content":{"rendered":"<p>D\u00e9couvrez la d\u00e9licieuse eau p\u00e9tillante \u00e0 la fraise de la marque BEYPAZARI, id\u00e9ale pour vous rafra\u00eechir tout au long de la journ\u00e9e. Cette boisson p\u00e9tillante et fruit\u00e9e est parfaite pour satisfaire vos envies de douceur et de fra\u00eecheur en toute occasion. nnL&rsquo;eau p\u00e9tillante \u00e0 la fraise BEYPAZARI est une boisson rafra\u00eechissante fabriqu\u00e9e \u00e0 partir d&rsquo;ingr\u00e9dients de qualit\u00e9, pour une exp\u00e9rience gustative unique et gourmande. Son go\u00fbt sucr\u00e9 et acidul\u00e9 saura ravir les papilles des petits comme des grands.nnQue ce soit pour accompagner un repas, se d\u00e9salt\u00e9rer lors d&rsquo;une journ\u00e9e ensoleill\u00e9e ou simplement pour se faire plaisir, l&rsquo;eau p\u00e9tillante \u00e0 la fraise BEYPAZARI est un choix parfait. Sa bouteille de 2 litres vous permettra de profiter de cette boisson p\u00e9tillante pendant plusieurs jours, en famille ou entre amis.nnN&rsquo;h\u00e9sitez plus et offrez-vous un moment de fra\u00eecheur et de gourmandise avec l&rsquo;eau p\u00e9tillante \u00e0 la fraise BEYPAZARI. Retrouvez ce produit dans la cat\u00e9gorie Boissons de notre supermarch\u00e9 physique, pour une exp\u00e9rience de shopping agr\u00e9able et conviviale. Profitez de la qualit\u00e9 et du savoir-faire de la marque BEYPAZARI pour vos moments de d\u00e9tente et de plaisir.<\/p>\n","protected":false},"excerpt":{"rendered":"<p>D\u00e9couvrez la d\u00e9licieuse eau p\u00e9tillante \u00e0 la fraise de BEYPAZARI. Rafra\u00eechissante et savoureuse, cette boisson est parfaite pour une pause gourmande. Essayez-la d\u00e8s aujourd&rsquo;hui pour un plaisir fruit\u00e9.<\/p>\n","protected":false},"featured_media":72222,"comment_status":"closed","ping_status":"closed","template":"","meta":{"footnotes":""},"product_cat":[76,75],"product_tag":[95],"class_list":{"0":"post-72007","1":"product","2":"type-product","3":"status-publish","4":"has-post-thumbnail","6":"product_brand-beypazari","7":"product_cat-boissons","8":"product_cat-tous-les-produits","9":"product_tag-beypazari","10":"product_shipping_class-top-produits","12":"first","13":"instock","14":"taxable","15":"shipping-taxable","16":"purchasable","17":"product-type-simple"},"_links":{"self":[{"href":"https:\/\/prointer.fr\/meinau\/wp-json\/wp\/v2\/product\/72007","targetHints":{"allow":["GET"]}}],"collection":[{"href":"https:\/\/prointer.fr\/meinau\/wp-json\/wp\/v2\/product"}],"about":[{"href":"https:\/\/prointer.fr\/meinau\/wp-json\/wp\/v2\/types\/product"}],"replies":[{"embeddable":true,"href":"https:\/\/prointer.fr\/meinau\/wp-json\/wp\/v2\/comments?post=72007"}],"version-history":[{"count":1,"href":"https:\/\/prointer.fr\/meinau\/wp-json\/wp\/v2\/product\/72007\/revisions"}],"predecessor-version":[{"id":72223,"href":"https:\/\/prointer.fr\/meinau\/wp-json\/wp\/v2\/product\/72007\/revisions\/72223"}],"wp:featuredmedia":[{"embeddable":true,"href":"https:\/\/prointer.fr\/meinau\/wp-json\/wp\/v2\/media\/72222"}],"wp:attachment":[{"href":"https:\/\/prointer.fr\/meinau\/wp-json\/wp\/v2\/media?parent=72007"}],"wp:term":[{"taxonomy":"product_cat","embeddable":true,"href":"https:\/\/prointer.fr\/meinau\/wp-json\/wp\/v2\/product_cat?post=72007"},{"taxonomy":"product_tag","embeddable":true,"href":"https:\/\/prointer.fr\/meinau\/wp-json\/wp\/v2\/product_tag?post=72007"}],"curies":[{"name":"wp","href":"https:\/\/api.w.org\/{rel}","templated":true}]}}