{"id":72008,"date":"2025-11-25T15:22:47","date_gmt":"2025-11-25T15:22:47","guid":{"rendered":"https:\/\/viande-halal.fr\/meinau\/?post_type=product&#038;p=72008"},"modified":"2025-11-25T15:23:58","modified_gmt":"2025-11-25T15:23:58","slug":"beypazari-eau-petillante-griotte","status":"publish","type":"product","link":"https:\/\/prointer.fr\/meinau\/produit\/beypazari-eau-petillante-griotte\/","title":{"rendered":"BEYPAZARI EAU PETILLANTE GRIOTTE &#8211;"},"content":{"rendered":"<p>D\u00e9couvrez la d\u00e9licieuse Eau P\u00e9tillante Griotte de la marque BEYPAZARI, une boisson rafra\u00eechissante et p\u00e9tillante qui saura ravir vos papilles. Fabriqu\u00e9e \u00e0 partir d&rsquo;ingr\u00e9dients de qualit\u00e9, cette eau p\u00e9tillante est parfaite pour vous d\u00e9salt\u00e9rer en toute occasion.nnL&rsquo;Eau P\u00e9tillante Griotte BEYPAZARI est id\u00e9ale pour accompagner vos repas ou pour vous rafra\u00eechir lors des chaudes journ\u00e9es d&rsquo;\u00e9t\u00e9. Son go\u00fbt subtil de griotte apporte une touche fruit\u00e9e et acidul\u00e9e qui en fait une boisson tr\u00e8s appr\u00e9ci\u00e9e de tous.nnAjoutez une touche d&rsquo;originalit\u00e9 \u00e0 vos moments de d\u00e9tente en d\u00e9gustant cette Eau P\u00e9tillante Griotte de qualit\u00e9 sup\u00e9rieure. Sa bouteille pratique et \u00e9l\u00e9gante vous permettra de l&#8217;emporter partout avec vous, que ce soit au bureau, en balade ou lors de vos sorties en plein air.nnOffrez-vous un instant de fra\u00eecheur et de plaisir avec l&rsquo;Eau P\u00e9tillante Griotte BEYPAZARI, une boisson p\u00e9tillante et savoureuse qui saura vous s\u00e9duire \u00e0 coup s\u00fbr. N&rsquo;attendez plus pour la d\u00e9couvrir et laissez-vous tenter par cette d\u00e9licieuse boisson aux saveurs uniques. Profitez d\u00e8s maintenant de cette boisson de qualit\u00e9 sup\u00e9rieure propos\u00e9e par BEYPAZARI, votre alli\u00e9 pour des instants gourmands et rafra\u00eechissants.<\/p>\n","protected":false},"excerpt":{"rendered":"<p>D\u00e9couvrez la d\u00e9licieuse eau p\u00e9tillante \u00e0 la griotte de BEYPAZARI, rafra\u00eechissante et savoureuse. Profitez d&rsquo;une boisson p\u00e9tillante et fruit\u00e9e pour une exp\u00e9rience gustative unique. Commandez d\u00e8s maintenant !<\/p>\n","protected":false},"featured_media":72473,"comment_status":"closed","ping_status":"closed","template":"","meta":{"footnotes":""},"product_cat":[76,75],"product_tag":[95],"class_list":{"0":"post-72008","1":"product","2":"type-product","3":"status-publish","4":"has-post-thumbnail","6":"product_brand-beypazari","7":"product_cat-boissons","8":"product_cat-tous-les-produits","9":"product_tag-beypazari","10":"product_shipping_class-top-produits","12":"first","13":"instock","14":"taxable","15":"shipping-taxable","16":"purchasable","17":"product-type-simple"},"_links":{"self":[{"href":"https:\/\/prointer.fr\/meinau\/wp-json\/wp\/v2\/product\/72008","targetHints":{"allow":["GET"]}}],"collection":[{"href":"https:\/\/prointer.fr\/meinau\/wp-json\/wp\/v2\/product"}],"about":[{"href":"https:\/\/prointer.fr\/meinau\/wp-json\/wp\/v2\/types\/product"}],"replies":[{"embeddable":true,"href":"https:\/\/prointer.fr\/meinau\/wp-json\/wp\/v2\/comments?post=72008"}],"version-history":[{"count":1,"href":"https:\/\/prointer.fr\/meinau\/wp-json\/wp\/v2\/product\/72008\/revisions"}],"predecessor-version":[{"id":72474,"href":"https:\/\/prointer.fr\/meinau\/wp-json\/wp\/v2\/product\/72008\/revisions\/72474"}],"wp:featuredmedia":[{"embeddable":true,"href":"https:\/\/prointer.fr\/meinau\/wp-json\/wp\/v2\/media\/72473"}],"wp:attachment":[{"href":"https:\/\/prointer.fr\/meinau\/wp-json\/wp\/v2\/media?parent=72008"}],"wp:term":[{"taxonomy":"product_cat","embeddable":true,"href":"https:\/\/prointer.fr\/meinau\/wp-json\/wp\/v2\/product_cat?post=72008"},{"taxonomy":"product_tag","embeddable":true,"href":"https:\/\/prointer.fr\/meinau\/wp-json\/wp\/v2\/product_tag?post=72008"}],"curies":[{"name":"wp","href":"https:\/\/api.w.org\/{rel}","templated":true}]}}