{"id":72009,"date":"2025-11-25T15:22:47","date_gmt":"2025-11-25T15:22:47","guid":{"rendered":"https:\/\/viande-halal.fr\/meinau\/?post_type=product&#038;p=72009"},"modified":"2025-11-25T15:24:23","modified_gmt":"2025-11-25T15:24:23","slug":"beypazari-eau-petillante-mangue-ana","status":"publish","type":"product","link":"https:\/\/prointer.fr\/meinau\/produit\/beypazari-eau-petillante-mangue-ana\/","title":{"rendered":"BEYPAZARI EAU PETILLANTE MANGUE\/ANA"},"content":{"rendered":"<p>D\u00e9couvrez la d\u00e9licieuse Beypazari Eau P\u00e9tillante Mangue\/Ana, une boisson rafra\u00eechissante et p\u00e9tillante qui vous transportera directement sous le soleil de la Turquie. Fabriqu\u00e9e par la c\u00e9l\u00e8bre marque Beypazari, reconnue pour la qualit\u00e9 de ses produits, cette eau p\u00e9tillante est parfaite pour vous d\u00e9salt\u00e9rer en toute saison.nnLa mangue et l&rsquo;ana, deux fruits exotiques aux saveurs sucr\u00e9es et acidul\u00e9es, se marient \u00e0 merveille dans cette boisson pour vous offrir une explosion de saveurs en bouche. Sans colorants ni conservateurs ajout\u00e9s, l&rsquo;eau p\u00e9tillante Beypazari est un choix sain et naturel pour accompagner vos repas ou pour vous d\u00e9salt\u00e9rer lors de vos moments de d\u00e9tente.nnAjoutez une touche d&rsquo;exotisme \u00e0 votre quotidien avec la Beypazari Eau P\u00e9tillante Mangue\/Ana, id\u00e9ale pour les amateurs de boissons p\u00e9tillantes et fruit\u00e9es. Disponible en bouteille pratique de 50cl, cette boisson est parfaite \u00e0 emporter partout avec vous pour vous rafra\u00eechir \u00e0 tout moment de la journ\u00e9e.nnRendez-vous dans notre supermarch\u00e9 pour d\u00e9couvrir la Beypazari Eau P\u00e9tillante Mangue\/Ana et laissez-vous s\u00e9duire par ses saveurs uniques et rafra\u00eechissantes. Offrez-vous un moment de plaisir gustatif avec cette boisson qui saura ravir vos papilles.<\/p>\n","protected":false},"excerpt":{"rendered":"<p>D\u00e9couvrez la d\u00e9licieuse eau p\u00e9tillante \u00e0 la mangue et \u00e0 l&rsquo;ananas de BEYPAZARI. Rafra\u00eechissante et exotique, cette boisson saura ravir vos papilles. Essayez-la d\u00e8s aujourd&rsquo;hui pour une exp\u00e9rience gustative unique.<\/p>\n","protected":false},"featured_media":72597,"comment_status":"closed","ping_status":"closed","template":"","meta":{"footnotes":""},"product_cat":[76,75],"product_tag":[95],"class_list":{"0":"post-72009","1":"product","2":"type-product","3":"status-publish","4":"has-post-thumbnail","6":"product_brand-beypazari","7":"product_cat-boissons","8":"product_cat-tous-les-produits","9":"product_tag-beypazari","10":"product_shipping_class-top-produits","12":"first","13":"instock","14":"taxable","15":"shipping-taxable","16":"purchasable","17":"product-type-simple"},"_links":{"self":[{"href":"https:\/\/prointer.fr\/meinau\/wp-json\/wp\/v2\/product\/72009","targetHints":{"allow":["GET"]}}],"collection":[{"href":"https:\/\/prointer.fr\/meinau\/wp-json\/wp\/v2\/product"}],"about":[{"href":"https:\/\/prointer.fr\/meinau\/wp-json\/wp\/v2\/types\/product"}],"replies":[{"embeddable":true,"href":"https:\/\/prointer.fr\/meinau\/wp-json\/wp\/v2\/comments?post=72009"}],"version-history":[{"count":1,"href":"https:\/\/prointer.fr\/meinau\/wp-json\/wp\/v2\/product\/72009\/revisions"}],"predecessor-version":[{"id":72598,"href":"https:\/\/prointer.fr\/meinau\/wp-json\/wp\/v2\/product\/72009\/revisions\/72598"}],"wp:featuredmedia":[{"embeddable":true,"href":"https:\/\/prointer.fr\/meinau\/wp-json\/wp\/v2\/media\/72597"}],"wp:attachment":[{"href":"https:\/\/prointer.fr\/meinau\/wp-json\/wp\/v2\/media?parent=72009"}],"wp:term":[{"taxonomy":"product_cat","embeddable":true,"href":"https:\/\/prointer.fr\/meinau\/wp-json\/wp\/v2\/product_cat?post=72009"},{"taxonomy":"product_tag","embeddable":true,"href":"https:\/\/prointer.fr\/meinau\/wp-json\/wp\/v2\/product_tag?post=72009"}],"curies":[{"name":"wp","href":"https:\/\/api.w.org\/{rel}","templated":true}]}}