{"id":72028,"date":"2025-11-25T15:22:48","date_gmt":"2025-11-25T15:22:48","guid":{"rendered":"https:\/\/viande-halal.fr\/meinau\/?post_type=product&#038;p=72028"},"modified":"2025-11-25T15:24:44","modified_gmt":"2025-11-25T15:24:44","slug":"lipton-ice-tea-pasteque-menthe-1","status":"publish","type":"product","link":"https:\/\/prointer.fr\/meinau\/produit\/lipton-ice-tea-pasteque-menthe-1\/","title":{"rendered":"LIPTON ICE TEA PASTEQUE\/MENTHE &#8211; 1."},"content":{"rendered":"<p>D\u00e9couvrez le d\u00e9licieux Lipton Ice Tea Past\u00e8que\/Menthe, une boisson rafra\u00eechissante et d\u00e9salt\u00e9rante parfaite pour vous d\u00e9salt\u00e9rer lors des journ\u00e9es chaudes d&rsquo;\u00e9t\u00e9. Fabriqu\u00e9 par la c\u00e9l\u00e8bre marque Lipton, ce th\u00e9 glac\u00e9 au go\u00fbt unique de past\u00e8que associ\u00e9 \u00e0 la fra\u00eecheur de la menthe vous transportera directement sous le soleil de l&rsquo;\u00e9t\u00e9.nnId\u00e9al pour se d\u00e9salt\u00e9rer \u00e0 tout moment de la journ\u00e9e, le Lipton Ice Tea Past\u00e8que\/Menthe est \u00e9galement une excellente alternative aux boissons sucr\u00e9es traditionnelles. Sa saveur fruit\u00e9e et sa touche de menthe en font une boisson appr\u00e9ci\u00e9e de tous, petits et grands.nnAjoutez une touche de fra\u00eecheur \u00e0 votre quotidien avec le Lipton Ice Tea Past\u00e8que\/Menthe, disponible en format 1 litre pour vous accompagner partout o\u00f9 vous allez. Parfait pour les pique-niques, les barbecues ou simplement pour se d\u00e9tendre \u00e0 la maison, ce th\u00e9 glac\u00e9 saura satisfaire toutes vos envies de fra\u00eecheur.nnN&rsquo;attendez plus pour go\u00fbter au Lipton Ice Tea Past\u00e8que\/Menthe et laissez-vous s\u00e9duire par son go\u00fbt irr\u00e9sistible et sa fra\u00eecheur in\u00e9gal\u00e9e. Disponible d\u00e8s maintenant dans notre supermarch\u00e9, venez vite le d\u00e9couvrir et profiter de moments de rafra\u00eechissement uniques.<\/p>\n","protected":false},"excerpt":{"rendered":"<p>D\u00e9couvrez le d\u00e9licieux LIPTON ICE TEA PASTEQUE\/MENTHE &#8211; 1, une boisson rafra\u00eechissante au go\u00fbt fruit\u00e9 et rafra\u00eechissant. Savourez le m\u00e9lange parfait de past\u00e8que et de menthe pour une exp\u00e9rience d\u00e9salt\u00e9rante unique.<\/p>\n","protected":false},"featured_media":72691,"comment_status":"closed","ping_status":"closed","template":"","meta":{"footnotes":""},"product_cat":[76,75],"product_tag":[99],"class_list":{"0":"post-72028","1":"product","2":"type-product","3":"status-publish","4":"has-post-thumbnail","6":"product_brand-lipton","7":"product_cat-boissons","8":"product_cat-tous-les-produits","9":"product_tag-lipton","10":"product_shipping_class-top-produits","12":"first","13":"instock","14":"taxable","15":"shipping-taxable","16":"purchasable","17":"product-type-simple"},"_links":{"self":[{"href":"https:\/\/prointer.fr\/meinau\/wp-json\/wp\/v2\/product\/72028","targetHints":{"allow":["GET"]}}],"collection":[{"href":"https:\/\/prointer.fr\/meinau\/wp-json\/wp\/v2\/product"}],"about":[{"href":"https:\/\/prointer.fr\/meinau\/wp-json\/wp\/v2\/types\/product"}],"replies":[{"embeddable":true,"href":"https:\/\/prointer.fr\/meinau\/wp-json\/wp\/v2\/comments?post=72028"}],"version-history":[{"count":1,"href":"https:\/\/prointer.fr\/meinau\/wp-json\/wp\/v2\/product\/72028\/revisions"}],"predecessor-version":[{"id":72692,"href":"https:\/\/prointer.fr\/meinau\/wp-json\/wp\/v2\/product\/72028\/revisions\/72692"}],"wp:featuredmedia":[{"embeddable":true,"href":"https:\/\/prointer.fr\/meinau\/wp-json\/wp\/v2\/media\/72691"}],"wp:attachment":[{"href":"https:\/\/prointer.fr\/meinau\/wp-json\/wp\/v2\/media?parent=72028"}],"wp:term":[{"taxonomy":"product_cat","embeddable":true,"href":"https:\/\/prointer.fr\/meinau\/wp-json\/wp\/v2\/product_cat?post=72028"},{"taxonomy":"product_tag","embeddable":true,"href":"https:\/\/prointer.fr\/meinau\/wp-json\/wp\/v2\/product_tag?post=72028"}],"curies":[{"name":"wp","href":"https:\/\/api.w.org\/{rel}","templated":true}]}}