{"id":72114,"date":"2025-11-25T15:23:02","date_gmt":"2025-11-25T15:23:02","guid":{"rendered":"https:\/\/viande-halal.fr\/meinau\/?post_type=product&#038;p=72114"},"modified":"2025-11-25T15:23:06","modified_gmt":"2025-11-25T15:23:06","slug":"fromage-kasar-24-ayar-suntat-750g","status":"publish","type":"product","link":"https:\/\/prointer.fr\/meinau\/produit\/fromage-kasar-24-ayar-suntat-750g\/","title":{"rendered":"FROMAGE KASAR 24 AYAR SUNTAT &#8211; 750G"},"content":{"rendered":"<p>Le fromage Kasar 24 Ayar de la marque Suntat est un incontournable de la cuisine turque. Ce d\u00e9licieux fromage \u00e0 p\u00e2te dure est fabriqu\u00e9 \u00e0 partir de lait de qualit\u00e9 sup\u00e9rieure, lui conf\u00e9rant un go\u00fbt riche et authentique. Avec son format pratique de 750g, il est id\u00e9al pour les familles et les amateurs de fromage.nnLe fromage Kasar 24 Ayar Suntat est parfait pour accompagner vos plats pr\u00e9f\u00e9r\u00e9s, que ce soit en tranches sur un plateau de fromages, r\u00e2p\u00e9 dans vos recettes de gratins ou simplement d\u00e9gust\u00e9 avec un morceau de pain frais. Sa texture ferme et fondante en fait un fromage polyvalent qui saura satisfaire tous les palais.nnSuntat est une marque reconnue pour la qualit\u00e9 de ses produits laitiers, et ce fromage Kasar 24 Ayar ne fait pas exception. Avec sa saveur unique et son emballage pratique, il est un choix id\u00e9al pour ajouter une touche de gourmandise \u00e0 vos repas.nnNe tardez pas \u00e0 vous procurer le fromage Kasar 24 Ayar Suntat sur notre site, disponible en exclusivit\u00e9 dans notre rayon lait, fromage et oeuf. Offrez-vous le meilleur de la gastronomie turque avec ce fromage d&rsquo;exception !<\/p>\n","protected":false},"excerpt":{"rendered":"<p>D\u00e9couvrez le d\u00e9licieux fromage Kasar 24 ayar Sunpat, un produit de qualit\u00e9 de la marque Suntat. Ce fromage de 750g est parfait pour vos recettes savoureuses. Commandez-le d\u00e8s maintenant !<\/p>\n","protected":false},"featured_media":71310,"comment_status":"open","ping_status":"closed","template":"","meta":{"footnotes":""},"product_cat":[92,75],"product_tag":[94],"class_list":{"0":"post-72114","1":"product","2":"type-product","3":"status-publish","4":"has-post-thumbnail","6":"product_brand-suntat","7":"product_cat-produits-laitiers","8":"product_cat-tous-les-produits","9":"product_tag-suntat","10":"product_shipping_class-top-produits","12":"first","13":"instock","14":"taxable","15":"shipping-taxable","16":"purchasable","17":"product-type-simple"},"_links":{"self":[{"href":"https:\/\/prointer.fr\/meinau\/wp-json\/wp\/v2\/product\/72114","targetHints":{"allow":["GET"]}}],"collection":[{"href":"https:\/\/prointer.fr\/meinau\/wp-json\/wp\/v2\/product"}],"about":[{"href":"https:\/\/prointer.fr\/meinau\/wp-json\/wp\/v2\/types\/product"}],"replies":[{"embeddable":true,"href":"https:\/\/prointer.fr\/meinau\/wp-json\/wp\/v2\/comments?post=72114"}],"version-history":[{"count":1,"href":"https:\/\/prointer.fr\/meinau\/wp-json\/wp\/v2\/product\/72114\/revisions"}],"predecessor-version":[{"id":72145,"href":"https:\/\/prointer.fr\/meinau\/wp-json\/wp\/v2\/product\/72114\/revisions\/72145"}],"wp:featuredmedia":[{"embeddable":true,"href":"https:\/\/prointer.fr\/meinau\/wp-json\/wp\/v2\/media\/71310"}],"wp:attachment":[{"href":"https:\/\/prointer.fr\/meinau\/wp-json\/wp\/v2\/media?parent=72114"}],"wp:term":[{"taxonomy":"product_cat","embeddable":true,"href":"https:\/\/prointer.fr\/meinau\/wp-json\/wp\/v2\/product_cat?post=72114"},{"taxonomy":"product_tag","embeddable":true,"href":"https:\/\/prointer.fr\/meinau\/wp-json\/wp\/v2\/product_tag?post=72114"}],"curies":[{"name":"wp","href":"https:\/\/api.w.org\/{rel}","templated":true}]}}