{"id":72182,"date":"2025-11-25T15:23:14","date_gmt":"2025-11-25T15:23:14","guid":{"rendered":"https:\/\/viande-halal.fr\/meinau\/?post_type=product&#038;p=72182"},"modified":"2025-11-25T15:23:18","modified_gmt":"2025-11-25T15:23:18","slug":"fire-of-istanbul-250ml","status":"publish","type":"product","link":"https:\/\/prointer.fr\/meinau\/produit\/fire-of-istanbul-250ml\/","title":{"rendered":"FIRE OF ISTANBUL &#8211; 250ML"},"content":{"rendered":"<p>D\u00e9couvrez la saveur enivrante de la boisson FIRE OF ISTANBUL &#8211; 250ML de la marque SUNTAT. Cette d\u00e9licieuse boisson rafra\u00eechissante vous transportera au c\u0153ur de la ville anim\u00e9e d&rsquo;Istanbul gr\u00e2ce \u00e0 son m\u00e9lange unique d&rsquo;ingr\u00e9dients exotiques. Parfait pour \u00e9tancher votre soif lors d&rsquo;une chaude journ\u00e9e d&rsquo;\u00e9t\u00e9 ou pour accompagner vos repas, ce soda aux ar\u00f4mes ensoleill\u00e9s saura vous s\u00e9duire.nnLa bouteille de 250ML de FIRE OF ISTANBUL est id\u00e9ale pour emporter partout avec vous, que ce soit au travail, en voyage ou lors de vos moments de d\u00e9tente \u00e0 la maison. Sa taille pratique en fait un compagnon de choix pour toutes vos activit\u00e9s du quotidien.nnAjoutez une touche d&rsquo;exotisme \u00e0 votre quotidien en commandant d\u00e8s aujourd&rsquo;hui la boisson FIRE OF ISTANBUL &#8211; 250ML de la marque SUNTAT. Offrez-vous un voyage gustatif unique et laissez-vous envo\u00fbter par ses saveurs originales.nnVisitez notre supermarch\u00e9 physique pour d\u00e9couvrir notre large s\u00e9lection de boissons exotiques et de produits d&rsquo;\u00e9picerie du monde entier. Impr\u00e9gnez-vous des saveurs et des traditions culinaires d&rsquo;Istanbul et d&rsquo;ailleurs gr\u00e2ce \u00e0 nos produits soigneusement s\u00e9lectionn\u00e9s. N&rsquo;attendez plus pour \u00e9veiller vos papilles et \u00e9largir vos horizons culinaires avec FIRE OF ISTANBUL &#8211; 250ML de la marque SUNTAT.<\/p>\n","protected":false},"excerpt":{"rendered":"<p>D\u00e9couvrez le d\u00e9licieux FIRE OF ISTANBUL de la marque SUNTAT, une sauce piquante de 250ml aux saveurs authentiques de la Turquie. Parfaite pour relever vos plats, essayez-la d\u00e8s maintenant !<\/p>\n","protected":false},"featured_media":71349,"comment_status":"closed","ping_status":"closed","template":"","meta":{"footnotes":""},"product_cat":[76,75],"product_tag":[94],"class_list":{"0":"post-72182","1":"product","2":"type-product","3":"status-publish","4":"has-post-thumbnail","6":"product_brand-suntat","7":"product_cat-boissons","8":"product_cat-tous-les-produits","9":"product_tag-suntat","10":"product_shipping_class-top-produits","12":"first","13":"instock","14":"taxable","15":"shipping-taxable","16":"purchasable","17":"product-type-simple"},"_links":{"self":[{"href":"https:\/\/prointer.fr\/meinau\/wp-json\/wp\/v2\/product\/72182","targetHints":{"allow":["GET"]}}],"collection":[{"href":"https:\/\/prointer.fr\/meinau\/wp-json\/wp\/v2\/product"}],"about":[{"href":"https:\/\/prointer.fr\/meinau\/wp-json\/wp\/v2\/types\/product"}],"replies":[{"embeddable":true,"href":"https:\/\/prointer.fr\/meinau\/wp-json\/wp\/v2\/comments?post=72182"}],"version-history":[{"count":1,"href":"https:\/\/prointer.fr\/meinau\/wp-json\/wp\/v2\/product\/72182\/revisions"}],"predecessor-version":[{"id":72226,"href":"https:\/\/prointer.fr\/meinau\/wp-json\/wp\/v2\/product\/72182\/revisions\/72226"}],"wp:featuredmedia":[{"embeddable":true,"href":"https:\/\/prointer.fr\/meinau\/wp-json\/wp\/v2\/media\/71349"}],"wp:attachment":[{"href":"https:\/\/prointer.fr\/meinau\/wp-json\/wp\/v2\/media?parent=72182"}],"wp:term":[{"taxonomy":"product_cat","embeddable":true,"href":"https:\/\/prointer.fr\/meinau\/wp-json\/wp\/v2\/product_cat?post=72182"},{"taxonomy":"product_tag","embeddable":true,"href":"https:\/\/prointer.fr\/meinau\/wp-json\/wp\/v2\/product_tag?post=72182"}],"curies":[{"name":"wp","href":"https:\/\/api.w.org\/{rel}","templated":true}]}}