{"id":72183,"date":"2025-11-25T15:23:14","date_gmt":"2025-11-25T15:23:14","guid":{"rendered":"https:\/\/viande-halal.fr\/meinau\/?post_type=product&#038;p=72183"},"modified":"2025-11-25T15:23:18","modified_gmt":"2025-11-25T15:23:18","slug":"taze-kadayif-frais-suntat-400g","status":"publish","type":"product","link":"https:\/\/prointer.fr\/meinau\/produit\/taze-kadayif-frais-suntat-400g\/","title":{"rendered":"TAZE KADAYIF FRAIS SUNTAT &#8211; 400G"},"content":{"rendered":"<p>Le TAZE KADAYIF FRAIS SUNTAT &#8211; 400G est un d\u00e9licieux produit de boulangerie de la c\u00e9l\u00e8bre marque SUNTAT. Ce d\u00e9licieux dessert turc est compos\u00e9 de fines vermicelles de p\u00e2te sucr\u00e9e, parfait pour satisfaire vos envies de sucr\u00e9. Avec son format pratique de 400g, il est id\u00e9al pour partager en famille ou entre amis.nnChez notre supermarch\u00e9, nous vous proposons des produits frais et de qualit\u00e9, et le TAZE KADAYIF FRAIS SUNTAT ne fait pas exception. Sa texture moelleuse et son go\u00fbt sucr\u00e9 en font un incontournable pour les amateurs de p\u00e2tisseries orientales.nnQue ce soit pour un go\u00fbter gourmand, un dessert festif ou simplement pour se faire plaisir, le TAZE KADAYIF FRAIS SUNTAT saura ravir vos papilles. N&rsquo;h\u00e9sitez pas \u00e0 le d\u00e9guster tel quel ou \u00e0 l&rsquo;accompagner de cr\u00e8me, de glace ou de fruits pour une touche encore plus gourmande.nnFaites confiance \u00e0 la marque SUNTAT pour vous offrir des produits authentiques et savoureux. Offrez-vous une parenth\u00e8se sucr\u00e9e en craquant pour le TAZE KADAYIF FRAIS SUNTAT &#8211; 400G lors de votre prochaine visite dans notre supermarch\u00e9.<\/p>\n","protected":false},"excerpt":{"rendered":"<p>D\u00e9couvrez le d\u00e9licieux Taze Kadayif Frais de la marque Suntat, un dessert turc traditionnel \u00e0 base de fin vermicelles de p\u00e2te sucr\u00e9e. Disponible en format pratique de 400g. \u00c0 d\u00e9guster sans plus attendre.<\/p>\n","protected":false},"featured_media":71350,"comment_status":"closed","ping_status":"closed","template":"","meta":{"footnotes":""},"product_cat":[81,75],"product_tag":[94],"class_list":{"0":"post-72183","1":"product","2":"type-product","3":"status-publish","4":"has-post-thumbnail","6":"product_brand-suntat","7":"product_cat-boulangerie","8":"product_cat-tous-les-produits","9":"product_tag-suntat","10":"product_shipping_class-top-produits","12":"first","13":"instock","14":"taxable","15":"shipping-taxable","16":"purchasable","17":"product-type-simple"},"_links":{"self":[{"href":"https:\/\/prointer.fr\/meinau\/wp-json\/wp\/v2\/product\/72183","targetHints":{"allow":["GET"]}}],"collection":[{"href":"https:\/\/prointer.fr\/meinau\/wp-json\/wp\/v2\/product"}],"about":[{"href":"https:\/\/prointer.fr\/meinau\/wp-json\/wp\/v2\/types\/product"}],"replies":[{"embeddable":true,"href":"https:\/\/prointer.fr\/meinau\/wp-json\/wp\/v2\/comments?post=72183"}],"version-history":[{"count":1,"href":"https:\/\/prointer.fr\/meinau\/wp-json\/wp\/v2\/product\/72183\/revisions"}],"predecessor-version":[{"id":72227,"href":"https:\/\/prointer.fr\/meinau\/wp-json\/wp\/v2\/product\/72183\/revisions\/72227"}],"wp:featuredmedia":[{"embeddable":true,"href":"https:\/\/prointer.fr\/meinau\/wp-json\/wp\/v2\/media\/71350"}],"wp:attachment":[{"href":"https:\/\/prointer.fr\/meinau\/wp-json\/wp\/v2\/media?parent=72183"}],"wp:term":[{"taxonomy":"product_cat","embeddable":true,"href":"https:\/\/prointer.fr\/meinau\/wp-json\/wp\/v2\/product_cat?post=72183"},{"taxonomy":"product_tag","embeddable":true,"href":"https:\/\/prointer.fr\/meinau\/wp-json\/wp\/v2\/product_tag?post=72183"}],"curies":[{"name":"wp","href":"https:\/\/api.w.org\/{rel}","templated":true}]}}