{"id":72196,"date":"2025-11-25T15:23:14","date_gmt":"2025-11-25T15:23:14","guid":{"rendered":"https:\/\/viande-halal.fr\/meinau\/?post_type=product&#038;p=72196"},"modified":"2025-11-25T15:23:21","modified_gmt":"2025-11-25T15:23:21","slug":"camlica-orange-ulker-1-5l-pet","status":"publish","type":"product","link":"https:\/\/prointer.fr\/meinau\/produit\/camlica-orange-ulker-1-5l-pet\/","title":{"rendered":"CAMLICA ORANGE ULKER &#8211; 1.5L PET"},"content":{"rendered":"<p>Le CAMLICA ORANGE ULKER &#8211; 1.5L PET est une d\u00e9licieuse boisson rafra\u00eechissante \u00e0 l&rsquo;orange de la marque ULKER. Parfait pour \u00e9tancher votre soif et vous d\u00e9salt\u00e9rer, ce produit de la cat\u00e9gorie Boissons est id\u00e9al pour accompagner vos repas ou simplement pour vous rafra\u00eechir lors des journ\u00e9es chaudes.nnAvec sa bouteille de 1.5L, le CAMLICA ORANGE ULKER est parfait pour partager en famille ou entre amis. Son go\u00fbt authentique et sa saveur sucr\u00e9e et acidul\u00e9e en font un incontournable pour les amateurs de boissons aux fruits.nnFabriqu\u00e9 avec des ingr\u00e9dients de qualit\u00e9, ce produit ULKER est une valeur s\u00fbre pour satisfaire vos papilles et vous offrir un moment de plaisir et de fra\u00eecheur. Que ce soit pour un pique-nique en plein air, un barbecue entre amis ou simplement pour vous d\u00e9salt\u00e9rer \u00e0 la maison, le CAMLICA ORANGE ULKER saura vous satisfaire \u00e0 tout moment de la journ\u00e9e.nnFaites-vous plaisir en ajoutant le CAMLICA ORANGE ULKER \u00e0 votre panier lors de votre prochaine visite dans notre supermarch\u00e9. N&rsquo;h\u00e9sitez pas \u00e0 d\u00e9couvrir \u00e9galement les autres produits de la gamme ULKER pour varier les plaisirs et profiter de moments gourmands et rafra\u00eechissants.<\/p>\n","protected":false},"excerpt":{"rendered":"<p>D\u00e9couvrez la d\u00e9licieuse boisson Camlica Orange Ulker, une boisson rafra\u00eechissante et savoureuse en format 1.5L PET. Profitez de l&rsquo;authenticit\u00e9 de la marque Ulker pour une exp\u00e9rience gustative inoubliable.<\/p>\n","protected":false},"featured_media":72241,"comment_status":"closed","ping_status":"closed","template":"","meta":{"footnotes":""},"product_cat":[76,75],"product_tag":[106],"class_list":{"0":"post-72196","1":"product","2":"type-product","3":"status-publish","4":"has-post-thumbnail","6":"product_brand-ulker","7":"product_cat-boissons","8":"product_cat-tous-les-produits","9":"product_tag-ulker","10":"product_shipping_class-top-produits","12":"first","13":"instock","14":"taxable","15":"shipping-taxable","16":"purchasable","17":"product-type-simple"},"_links":{"self":[{"href":"https:\/\/prointer.fr\/meinau\/wp-json\/wp\/v2\/product\/72196","targetHints":{"allow":["GET"]}}],"collection":[{"href":"https:\/\/prointer.fr\/meinau\/wp-json\/wp\/v2\/product"}],"about":[{"href":"https:\/\/prointer.fr\/meinau\/wp-json\/wp\/v2\/types\/product"}],"replies":[{"embeddable":true,"href":"https:\/\/prointer.fr\/meinau\/wp-json\/wp\/v2\/comments?post=72196"}],"version-history":[{"count":1,"href":"https:\/\/prointer.fr\/meinau\/wp-json\/wp\/v2\/product\/72196\/revisions"}],"predecessor-version":[{"id":72242,"href":"https:\/\/prointer.fr\/meinau\/wp-json\/wp\/v2\/product\/72196\/revisions\/72242"}],"wp:featuredmedia":[{"embeddable":true,"href":"https:\/\/prointer.fr\/meinau\/wp-json\/wp\/v2\/media\/72241"}],"wp:attachment":[{"href":"https:\/\/prointer.fr\/meinau\/wp-json\/wp\/v2\/media?parent=72196"}],"wp:term":[{"taxonomy":"product_cat","embeddable":true,"href":"https:\/\/prointer.fr\/meinau\/wp-json\/wp\/v2\/product_cat?post=72196"},{"taxonomy":"product_tag","embeddable":true,"href":"https:\/\/prointer.fr\/meinau\/wp-json\/wp\/v2\/product_tag?post=72196"}],"curies":[{"name":"wp","href":"https:\/\/api.w.org\/{rel}","templated":true}]}}