{"id":72268,"date":"2025-11-25T15:23:26","date_gmt":"2025-11-25T15:23:26","guid":{"rendered":"https:\/\/viande-halal.fr\/meinau\/?post_type=product&#038;p=72268"},"modified":"2025-11-25T15:23:33","modified_gmt":"2025-11-25T15:23:33","slug":"lingettes-sleepy-green-x100","status":"publish","type":"product","link":"https:\/\/prointer.fr\/meinau\/produit\/lingettes-sleepy-green-x100\/","title":{"rendered":"LINGETTES SLEEPY GREEN &#8211; X100"},"content":{"rendered":"<p><span data-sheets-root=\"1\">Les lingettes SLEEPY GREEN &#8211; X100 sont l&rsquo;accessoire id\u00e9al pour garder votre maison propre et fra\u00eeche en un clin d&rsquo;\u0153il. Fabriqu\u00e9es par la marque SLEEPY, ces lingettes sont con\u00e7ues pour offrir une solution pratique et efficace pour nettoyer toutes les surfaces de votre maison.<\/span><br \/>\nn<br \/>\nnFabriqu\u00e9es \u00e0 partir de mat\u00e9riaux durables et respectueux de l&rsquo;environnement, les lingettes SLEEPY GREEN sont non seulement efficaces, mais aussi \u00e9cologiques. Elles sont parfaites pour nettoyer les comptoirs de cuisine, les tables, les \u00e9viers et m\u00eame les jouets de vos enfants.<br \/>\nn<br \/>\nnChaque paquet contient 100 lingettes, ce qui vous permet de toujours en avoir sous la main pour toutes les petites t\u00e2ches du quotidien. Leur format pratique et leur emballage refermable les rendent faciles \u00e0 ranger et \u00e0 transporter, que ce soit \u00e0 la maison ou en d\u00e9placement.<br \/>\nn<br \/>\nnNe laissez plus la salet\u00e9 s&rsquo;accumuler dans votre maison, optez pour les lingettes SLEEPY GREEN &#8211; X100 pour un nettoyage facile et efficace. Commandez d\u00e8s maintenant sur notre site ou retrouvez-les en rayon dans notre supermarch\u00e9 Maison &amp; Loisirs.<\/p>\n","protected":false},"excerpt":{"rendered":"<p><span data-sheets-root=\"1\">D\u00e9couvrez les lingettes Sleepy Green X100, des lingettes \u00e9cologiques et douces pour b\u00e9b\u00e9. Fabriqu\u00e9es par la marque Sleepy, elles offrent une solution pratique et respectueuse de l&rsquo;environnement pour le change.<\/span><\/p>\n","protected":false},"featured_media":71403,"comment_status":"closed","ping_status":"closed","template":"","meta":{"footnotes":""},"product_cat":[75,85],"product_tag":[329],"class_list":{"0":"post-72268","1":"product","2":"type-product","3":"status-publish","4":"has-post-thumbnail","6":"product_brand-sleepy","7":"product_cat-tous-les-produits","8":"product_cat-hygiene-beaute","9":"product_tag-lingettes-sleepy-green-x100","10":"product_shipping_class-top-produits","12":"first","13":"instock","14":"taxable","15":"shipping-taxable","16":"purchasable","17":"product-type-simple"},"_links":{"self":[{"href":"https:\/\/prointer.fr\/meinau\/wp-json\/wp\/v2\/product\/72268","targetHints":{"allow":["GET"]}}],"collection":[{"href":"https:\/\/prointer.fr\/meinau\/wp-json\/wp\/v2\/product"}],"about":[{"href":"https:\/\/prointer.fr\/meinau\/wp-json\/wp\/v2\/types\/product"}],"replies":[{"embeddable":true,"href":"https:\/\/prointer.fr\/meinau\/wp-json\/wp\/v2\/comments?post=72268"}],"version-history":[{"count":1,"href":"https:\/\/prointer.fr\/meinau\/wp-json\/wp\/v2\/product\/72268\/revisions"}],"predecessor-version":[{"id":72319,"href":"https:\/\/prointer.fr\/meinau\/wp-json\/wp\/v2\/product\/72268\/revisions\/72319"}],"wp:featuredmedia":[{"embeddable":true,"href":"https:\/\/prointer.fr\/meinau\/wp-json\/wp\/v2\/media\/71403"}],"wp:attachment":[{"href":"https:\/\/prointer.fr\/meinau\/wp-json\/wp\/v2\/media?parent=72268"}],"wp:term":[{"taxonomy":"product_cat","embeddable":true,"href":"https:\/\/prointer.fr\/meinau\/wp-json\/wp\/v2\/product_cat?post=72268"},{"taxonomy":"product_tag","embeddable":true,"href":"https:\/\/prointer.fr\/meinau\/wp-json\/wp\/v2\/product_tag?post=72268"}],"curies":[{"name":"wp","href":"https:\/\/api.w.org\/{rel}","templated":true}]}}