{"id":72271,"date":"2025-11-25T15:23:26","date_gmt":"2025-11-25T15:23:26","guid":{"rendered":"https:\/\/viande-halal.fr\/meinau\/?post_type=product&#038;p=72271"},"modified":"2025-11-25T15:23:33","modified_gmt":"2025-11-25T15:23:33","slug":"tenders-poulet-kentucky-spicy-hunkar","status":"publish","type":"product","link":"https:\/\/prointer.fr\/meinau\/produit\/tenders-poulet-kentucky-spicy-hunkar\/","title":{"rendered":"TENDERS POULET KENTUCKY SPICY HUNKAR"},"content":{"rendered":"<h3>TENDERS POULET KENTUCKY SPICY HUNKAR &#8211; 800g<\/h3>\n<p>D\u00e9couvrez les d\u00e9licieux <a href=\"https:\/\/viande-halal.fr\/categorie-produit\/tous-les-produits\/surgeles\/\" target=\"_blank\" rel=\"noopener\">tenders<\/a> de poulet Kentucky Spicy <a href=\"https:\/\/hunkar.fr\" target=\"_blank\" rel=\"noopener\">Hunkar<\/a> de la marque Hunkar, une r\u00e9f\u00e9rence incontournable dans la cat\u00e9gorie des surgel\u00e9s. Savoureux et croustillants, ces tenders de poulet sont parfaitement assaisonn\u00e9s pour vous offrir une explosion de saveurs en bouche. Avec leur recette authentique et leur cuisson croustillante, les Tenders Poulet Kentucky Spicy Hunkar sauront satisfaire les papilles des amateurs de poulet frit.<\/p>\n<p>Id\u00e9aux pour un repas rapide et gourmand, ces tenders sont parfaits \u00e0 d\u00e9guster en famille ou entre amis. Les Tenders Poulet Kentucky Spicy Hunkar sont faciles \u00e0 pr\u00e9parer : il vous suffit de les faire cuire au four pour obtenir des tenders dor\u00e9s et croustillants. Pr\u00e9parez-les en accompagnement d&rsquo;une salade fra\u00eeche ou de frites croustillantes pour un repas complet et savoureux.<\/p>\n<p>Ne r\u00e9sistez plus \u00e0 la tentation et ajoutez d\u00e8s maintenant les Tenders Poulet Kentucky Spicy de la marque Hunkar \u00e0 votre panier lors de votre prochaine visite dans notre supermarch\u00e9. Offrez-vous une pause gourmande et succombez \u00e0 la tentation de ces d\u00e9licieux tenders de poulet.<\/p>\n","protected":false},"excerpt":{"rendered":"<p>D\u00e9couvrez les d\u00e9licieux Tenders Poulet Kentucky Spicy Hunkar, des morceaux de poulet croustillants et \u00e9pic\u00e9s. Savourez la qualit\u00e9 et le go\u00fbt unique de la marque Hunkar. Venez en acheter d\u00e8s maintenant !<\/p>\n","protected":false},"featured_media":71404,"comment_status":"closed","ping_status":"closed","template":"","meta":{"footnotes":""},"product_cat":[80,75,317],"product_tag":[127],"class_list":{"0":"post-72271","1":"product","2":"type-product","3":"status-publish","4":"has-post-thumbnail","6":"product_brand-hunkar","7":"product_cat-surgeles","8":"product_cat-tous-les-produits","9":"product_cat-volailles-surgeles","10":"product_tag-hunkar","11":"product_shipping_class-top-produits","13":"first","14":"instock","15":"taxable","16":"shipping-taxable","17":"purchasable","18":"product-type-simple"},"_links":{"self":[{"href":"https:\/\/prointer.fr\/meinau\/wp-json\/wp\/v2\/product\/72271","targetHints":{"allow":["GET"]}}],"collection":[{"href":"https:\/\/prointer.fr\/meinau\/wp-json\/wp\/v2\/product"}],"about":[{"href":"https:\/\/prointer.fr\/meinau\/wp-json\/wp\/v2\/types\/product"}],"replies":[{"embeddable":true,"href":"https:\/\/prointer.fr\/meinau\/wp-json\/wp\/v2\/comments?post=72271"}],"version-history":[{"count":1,"href":"https:\/\/prointer.fr\/meinau\/wp-json\/wp\/v2\/product\/72271\/revisions"}],"predecessor-version":[{"id":72322,"href":"https:\/\/prointer.fr\/meinau\/wp-json\/wp\/v2\/product\/72271\/revisions\/72322"}],"wp:featuredmedia":[{"embeddable":true,"href":"https:\/\/prointer.fr\/meinau\/wp-json\/wp\/v2\/media\/71404"}],"wp:attachment":[{"href":"https:\/\/prointer.fr\/meinau\/wp-json\/wp\/v2\/media?parent=72271"}],"wp:term":[{"taxonomy":"product_cat","embeddable":true,"href":"https:\/\/prointer.fr\/meinau\/wp-json\/wp\/v2\/product_cat?post=72271"},{"taxonomy":"product_tag","embeddable":true,"href":"https:\/\/prointer.fr\/meinau\/wp-json\/wp\/v2\/product_tag?post=72271"}],"curies":[{"name":"wp","href":"https:\/\/api.w.org\/{rel}","templated":true}]}}