{"id":72342,"date":"2025-11-25T15:23:38","date_gmt":"2025-11-25T15:23:38","guid":{"rendered":"https:\/\/viande-halal.fr\/meinau\/?post_type=product&#038;p=72342"},"modified":"2025-11-25T15:23:39","modified_gmt":"2025-11-25T15:23:39","slug":"lait-fermente-alsace-lait-1l","status":"publish","type":"product","link":"https:\/\/prointer.fr\/meinau\/produit\/lait-fermente-alsace-lait-1l\/","title":{"rendered":"LAIT FERMENTE ALSACE LAIT &#8211; 1L"},"content":{"rendered":"<p>Le LAIT FERMENTE ALSACE LAIT &#8211; 1L est un produit incontournable de la marque ALSACE LAIT, sp\u00e9cialiste des produits laitiers de qualit\u00e9. Ce lait ferment\u00e9, issu de la r\u00e9gion alsacienne, est riche en probiotiques et en nutriments essentiels pour une digestion saine et \u00e9quilibr\u00e9e. nnAvec sa texture onctueuse et son go\u00fbt l\u00e9g\u00e8rement acidul\u00e9, ce LAIT FERMENTE ALSACE LAIT &#8211; 1L est id\u00e9al pour accompagner vos repas ou pour \u00eatre consomm\u00e9 tel quel en guise de collation savoureuse. Gr\u00e2ce \u00e0 sa bouteille d&rsquo;1L, il est parfait pour toute la famille et se conserve facilement au r\u00e9frig\u00e9rateur.nnCe produit de la cat\u00e9gorie Lait, fromage et oeuf est un v\u00e9ritable alli\u00e9 pour votre bien-\u00eatre au quotidien. En choisissant le LAIT FERMENTE ALSACE LAIT &#8211; 1L, vous optez pour un produit de qualit\u00e9, issu d&rsquo;une production locale et respectueuse de l&rsquo;environnement.nnNe tardez plus \u00e0 d\u00e9couvrir ce d\u00e9licieux LAIT FERMENTE ALSACE LAIT &#8211; 1L lors de votre prochaine visite dans notre supermarch\u00e9 physique. Faites confiance \u00e0 ALSACE LAIT pour vous offrir le meilleur de la tradition laiti\u00e8re alsacienne.<\/p>\n","protected":false},"excerpt":{"rendered":"<p>D\u00e9couvrez le lait ferment\u00e9 Alsace Lait, un produit de qualit\u00e9 de la marque Alsace Lait. Avec sa texture onctueuse et son go\u00fbt d\u00e9licieux, ce produit est parfait pour une alimentation saine.<\/p>\n","protected":false},"featured_media":71440,"comment_status":"closed","ping_status":"closed","template":"","meta":{"footnotes":""},"product_cat":[92,75],"product_tag":[150],"class_list":{"0":"post-72342","1":"product","2":"type-product","3":"status-publish","4":"has-post-thumbnail","6":"product_brand-alsace-lait","7":"product_cat-produits-laitiers","8":"product_cat-tous-les-produits","9":"product_tag-alsace-lait","10":"product_shipping_class-top-produits","12":"first","13":"instock","14":"taxable","15":"shipping-taxable","16":"purchasable","17":"product-type-simple"},"_links":{"self":[{"href":"https:\/\/prointer.fr\/meinau\/wp-json\/wp\/v2\/product\/72342","targetHints":{"allow":["GET"]}}],"collection":[{"href":"https:\/\/prointer.fr\/meinau\/wp-json\/wp\/v2\/product"}],"about":[{"href":"https:\/\/prointer.fr\/meinau\/wp-json\/wp\/v2\/types\/product"}],"replies":[{"embeddable":true,"href":"https:\/\/prointer.fr\/meinau\/wp-json\/wp\/v2\/comments?post=72342"}],"version-history":[{"count":1,"href":"https:\/\/prointer.fr\/meinau\/wp-json\/wp\/v2\/product\/72342\/revisions"}],"predecessor-version":[{"id":72373,"href":"https:\/\/prointer.fr\/meinau\/wp-json\/wp\/v2\/product\/72342\/revisions\/72373"}],"wp:featuredmedia":[{"embeddable":true,"href":"https:\/\/prointer.fr\/meinau\/wp-json\/wp\/v2\/media\/71440"}],"wp:attachment":[{"href":"https:\/\/prointer.fr\/meinau\/wp-json\/wp\/v2\/media?parent=72342"}],"wp:term":[{"taxonomy":"product_cat","embeddable":true,"href":"https:\/\/prointer.fr\/meinau\/wp-json\/wp\/v2\/product_cat?post=72342"},{"taxonomy":"product_tag","embeddable":true,"href":"https:\/\/prointer.fr\/meinau\/wp-json\/wp\/v2\/product_tag?post=72342"}],"curies":[{"name":"wp","href":"https:\/\/api.w.org\/{rel}","templated":true}]}}