{"id":72420,"date":"2025-11-25T15:23:51","date_gmt":"2025-11-25T15:23:51","guid":{"rendered":"https:\/\/viande-halal.fr\/meinau\/?post_type=product&#038;p=72420"},"modified":"2025-11-25T15:24:38","modified_gmt":"2025-11-25T15:24:38","slug":"fromage-kasar-rond-erzincan-suntat","status":"publish","type":"product","link":"https:\/\/prointer.fr\/meinau\/produit\/fromage-kasar-rond-erzincan-suntat\/","title":{"rendered":"FROMAGE KASAR ROND ERZINCAN SUNTAT"},"content":{"rendered":"<p>Le FROMAGE KASAR ROND ERZINCAN SUNTAT est un d\u00e9licieux fromage Turc de la marque SUNTAT, disponible dans la cat\u00e9gorie Lait, fromage et oeuf. Ce fromage rond est fabriqu\u00e9 \u00e0 partir de lait de qualit\u00e9 sup\u00e9rieure, offrant une texture cr\u00e9meuse et un go\u00fbt riche et savoureux. Parfait pour les amateurs de fromage \u00e0 la recherche d&rsquo;une option authentique et d\u00e9licieuse.nnLe FROMAGE KASAR ROND ERZINCAN SUNTAT est id\u00e9al pour \u00eatre d\u00e9gust\u00e9 seul, sur des toasts ou en accompagnement de plats vari\u00e9s. Sa saveur unique et son ar\u00f4me d\u00e9licat en font un incontournable de votre cuisine. Ce fromage est \u00e9galement une excellente source de prot\u00e9ines et de calcium, essentiels pour une alimentation saine et \u00e9quilibr\u00e9e.nnAjoutez le FROMAGE KASAR ROND ERZINCAN SUNTAT \u00e0 votre panier lors de votre prochaine visite dans notre supermarch\u00e9 physique pour d\u00e9couvrir le go\u00fbt authentique de la Turquie. Offrez-vous une exp\u00e9rience culinaire unique et savourez chaque bouch\u00e9e de ce d\u00e9licieux fromage. Ne manquez pas l&rsquo;occasion de d\u00e9couvrir la qualit\u00e9 et la saveur exceptionnelle du FROMAGE KASAR ROND ERZINCAN SUNTAT de la marque SUNTAT.<\/p>\n","protected":false},"excerpt":{"rendered":"<p>D\u00e9couvrez le d\u00e9licieux fromage Kasar rond Erzincan Suntat, un produit de qualit\u00e9 sup\u00e9rieure de la marque Suntat. Savourez ce fromage turc au go\u00fbt unique et authentique. Commandez-le d\u00e8s maintenant !<\/p>\n","protected":false},"featured_media":72667,"comment_status":"closed","ping_status":"closed","template":"","meta":{"footnotes":""},"product_cat":[92,75],"product_tag":[94],"class_list":{"0":"post-72420","1":"product","2":"type-product","3":"status-publish","4":"has-post-thumbnail","6":"product_brand-suntat","7":"product_cat-produits-laitiers","8":"product_cat-tous-les-produits","9":"product_tag-suntat","10":"product_shipping_class-top-produits","12":"first","13":"instock","14":"taxable","15":"shipping-taxable","16":"purchasable","17":"product-type-simple"},"_links":{"self":[{"href":"https:\/\/prointer.fr\/meinau\/wp-json\/wp\/v2\/product\/72420","targetHints":{"allow":["GET"]}}],"collection":[{"href":"https:\/\/prointer.fr\/meinau\/wp-json\/wp\/v2\/product"}],"about":[{"href":"https:\/\/prointer.fr\/meinau\/wp-json\/wp\/v2\/types\/product"}],"replies":[{"embeddable":true,"href":"https:\/\/prointer.fr\/meinau\/wp-json\/wp\/v2\/comments?post=72420"}],"version-history":[{"count":1,"href":"https:\/\/prointer.fr\/meinau\/wp-json\/wp\/v2\/product\/72420\/revisions"}],"predecessor-version":[{"id":72668,"href":"https:\/\/prointer.fr\/meinau\/wp-json\/wp\/v2\/product\/72420\/revisions\/72668"}],"wp:featuredmedia":[{"embeddable":true,"href":"https:\/\/prointer.fr\/meinau\/wp-json\/wp\/v2\/media\/72667"}],"wp:attachment":[{"href":"https:\/\/prointer.fr\/meinau\/wp-json\/wp\/v2\/media?parent=72420"}],"wp:term":[{"taxonomy":"product_cat","embeddable":true,"href":"https:\/\/prointer.fr\/meinau\/wp-json\/wp\/v2\/product_cat?post=72420"},{"taxonomy":"product_tag","embeddable":true,"href":"https:\/\/prointer.fr\/meinau\/wp-json\/wp\/v2\/product_tag?post=72420"}],"curies":[{"name":"wp","href":"https:\/\/api.w.org\/{rel}","templated":true}]}}