{"id":72641,"date":"2025-11-25T15:24:33","date_gmt":"2025-11-25T15:24:33","guid":{"rendered":"https:\/\/viande-halal.fr\/meinau\/?post_type=product&#038;p=72641"},"modified":"2025-11-25T15:24:39","modified_gmt":"2025-11-25T15:24:39","slug":"psychik-energy-drink-crf-250ml","status":"publish","type":"product","link":"https:\/\/prointer.fr\/meinau\/produit\/psychik-energy-drink-crf-250ml\/","title":{"rendered":"PSYCHIK ENERGY DRINK CRF &#8211; 250ML"},"content":{"rendered":"<p>D\u00e9couvrez le PSYCHIK ENERGY DRINK CRF &#8211; 250ML, une boisson \u00e9nergisante sign\u00e9e CARREFOUR, id\u00e9ale pour vous donner un coup de boost lors de vos journ\u00e9es charg\u00e9es. nnCe d\u00e9licieux energy drink est parfait pour vous redonner de l&rsquo;\u00e9nergie et de la vitalit\u00e9, que ce soit avant une s\u00e9ance de sport intense, une longue journ\u00e9e de travail ou tout simplement pour vous aider \u00e0 rester concentr\u00e9. nnAvec sa formule unique, le PSYCHIK ENERGY DRINK CRF &#8211; 250ML vous procurera un regain d&rsquo;\u00e9nergie instantan\u00e9, pour des performances optimales tout au long de la journ\u00e9e. Son format pratique de 250ML vous permet de l&#8217;emporter partout avec vous, que ce soit \u00e0 la salle de sport, au bureau, ou en d\u00e9placement. nnN&rsquo;attendez plus pour essayer le PSYCHIK ENERGY DRINK CRF &#8211; 250ML de CARREFOUR et booster votre \u00e9nergie d\u00e8s maintenant. Disponible dans votre supermarch\u00e9 CARREFOUR, cette boisson \u00e9nergisante saura vous s\u00e9duire par son go\u00fbt d\u00e9licieux et son efficacit\u00e9. Faites le plein d&rsquo;\u00e9nergie et de vitalit\u00e9 avec le PSYCHIK ENERGY DRINK CRF &#8211; 250ML !<\/p>\n","protected":false},"excerpt":{"rendered":"<p>D\u00e9couvrez le PSYCHIK ENERGY DRINK CRF de 250ML de la marque CARREFOUR. Une boisson \u00e9nergisante rafra\u00eechissante et revitalisante pour booster votre journ\u00e9e. Disponible en ligne ou en magasin.<\/p>\n","protected":false},"featured_media":71578,"comment_status":"closed","ping_status":"closed","template":"","meta":{"footnotes":""},"product_cat":[76,75],"product_tag":[194],"class_list":{"0":"post-72641","1":"product","2":"type-product","3":"status-publish","4":"has-post-thumbnail","6":"product_brand-carrefour","7":"product_cat-boissons","8":"product_cat-tous-les-produits","9":"product_tag-carrefour","10":"product_shipping_class-top-produits","12":"first","13":"instock","14":"taxable","15":"shipping-taxable","16":"purchasable","17":"product-type-simple"},"_links":{"self":[{"href":"https:\/\/prointer.fr\/meinau\/wp-json\/wp\/v2\/product\/72641","targetHints":{"allow":["GET"]}}],"collection":[{"href":"https:\/\/prointer.fr\/meinau\/wp-json\/wp\/v2\/product"}],"about":[{"href":"https:\/\/prointer.fr\/meinau\/wp-json\/wp\/v2\/types\/product"}],"replies":[{"embeddable":true,"href":"https:\/\/prointer.fr\/meinau\/wp-json\/wp\/v2\/comments?post=72641"}],"version-history":[{"count":1,"href":"https:\/\/prointer.fr\/meinau\/wp-json\/wp\/v2\/product\/72641\/revisions"}],"predecessor-version":[{"id":72672,"href":"https:\/\/prointer.fr\/meinau\/wp-json\/wp\/v2\/product\/72641\/revisions\/72672"}],"wp:featuredmedia":[{"embeddable":true,"href":"https:\/\/prointer.fr\/meinau\/wp-json\/wp\/v2\/media\/71578"}],"wp:attachment":[{"href":"https:\/\/prointer.fr\/meinau\/wp-json\/wp\/v2\/media?parent=72641"}],"wp:term":[{"taxonomy":"product_cat","embeddable":true,"href":"https:\/\/prointer.fr\/meinau\/wp-json\/wp\/v2\/product_cat?post=72641"},{"taxonomy":"product_tag","embeddable":true,"href":"https:\/\/prointer.fr\/meinau\/wp-json\/wp\/v2\/product_tag?post=72641"}],"curies":[{"name":"wp","href":"https:\/\/api.w.org\/{rel}","templated":true}]}}