{"id":72642,"date":"2025-11-25T15:24:33","date_gmt":"2025-11-25T15:24:33","guid":{"rendered":"https:\/\/viande-halal.fr\/meinau\/?post_type=product&#038;p=72642"},"modified":"2025-11-25T15:24:40","modified_gmt":"2025-11-25T15:24:40","slug":"pate-feuilletee-filo-taze-suntat","status":"publish","type":"product","link":"https:\/\/prointer.fr\/meinau\/produit\/pate-feuilletee-filo-taze-suntat\/","title":{"rendered":"PATE FEUILLETEE FILO TAZE SUNTAT &#8211;"},"content":{"rendered":"<p>La p\u00e2te feuillet\u00e9e filo Taze Suntat est un incontournable de la boulangerie pour tous les amateurs de p\u00e2tisserie. Fabriqu\u00e9e par la marque renomm\u00e9e Suntat, cette p\u00e2te feuillet\u00e9e filo vous garantit une qualit\u00e9 irr\u00e9prochable pour la r\u00e9alisation de vos d\u00e9licieuses recettes. Que ce soit pour des tourtes, des tartes sal\u00e9es ou sucr\u00e9es, cette p\u00e2te feuillet\u00e9e filo vous permettra de r\u00e9aliser des cr\u00e9ations gourmandes et croustillantes \u00e0 souhait.nnLa p\u00e2te feuillet\u00e9e filo Taze Suntat se distingue par sa texture l\u00e9g\u00e8re et a\u00e9rienne, ainsi que par sa facilit\u00e9 de manipulation. Sa composition de premier choix et son mode de fabrication traditionnel en font un produit de qualit\u00e9 sup\u00e9rieure, id\u00e9al pour sublimer toutes vos pr\u00e9parations culinaires. nnDisponible en format pratique, la p\u00e2te feuillet\u00e9e filo Taze Suntat vous permettra de r\u00e9aliser des recettes savoureuses en un tour de main. N&rsquo;h\u00e9sitez plus et ajoutez ce produit incontournable \u00e0 votre panier lors de votre prochaine visite en magasin pour vous r\u00e9galer en famille ou entre amis.<\/p>\n","protected":false},"excerpt":{"rendered":"<p>D\u00e9couvrez la d\u00e9licieuse p\u00e2te feuillet\u00e9e filo Taze Suntat, id\u00e9ale pour pr\u00e9parer des plats savoureux et croustillants. Qualit\u00e9 et authenticit\u00e9 sign\u00e9es Suntat, pour des recettes r\u00e9ussies \u00e0 tous les coups.<\/p>\n","protected":false},"featured_media":71579,"comment_status":"closed","ping_status":"closed","template":"","meta":{"footnotes":""},"product_cat":[81,75],"product_tag":[94],"class_list":{"0":"post-72642","1":"product","2":"type-product","3":"status-publish","4":"has-post-thumbnail","6":"product_brand-suntat","7":"product_cat-boulangerie","8":"product_cat-tous-les-produits","9":"product_tag-suntat","10":"product_shipping_class-top-produits","12":"first","13":"instock","14":"taxable","15":"shipping-taxable","16":"purchasable","17":"product-type-simple"},"_links":{"self":[{"href":"https:\/\/prointer.fr\/meinau\/wp-json\/wp\/v2\/product\/72642","targetHints":{"allow":["GET"]}}],"collection":[{"href":"https:\/\/prointer.fr\/meinau\/wp-json\/wp\/v2\/product"}],"about":[{"href":"https:\/\/prointer.fr\/meinau\/wp-json\/wp\/v2\/types\/product"}],"replies":[{"embeddable":true,"href":"https:\/\/prointer.fr\/meinau\/wp-json\/wp\/v2\/comments?post=72642"}],"version-history":[{"count":1,"href":"https:\/\/prointer.fr\/meinau\/wp-json\/wp\/v2\/product\/72642\/revisions"}],"predecessor-version":[{"id":72677,"href":"https:\/\/prointer.fr\/meinau\/wp-json\/wp\/v2\/product\/72642\/revisions\/72677"}],"wp:featuredmedia":[{"embeddable":true,"href":"https:\/\/prointer.fr\/meinau\/wp-json\/wp\/v2\/media\/71579"}],"wp:attachment":[{"href":"https:\/\/prointer.fr\/meinau\/wp-json\/wp\/v2\/media?parent=72642"}],"wp:term":[{"taxonomy":"product_cat","embeddable":true,"href":"https:\/\/prointer.fr\/meinau\/wp-json\/wp\/v2\/product_cat?post=72642"},{"taxonomy":"product_tag","embeddable":true,"href":"https:\/\/prointer.fr\/meinau\/wp-json\/wp\/v2\/product_tag?post=72642"}],"curies":[{"name":"wp","href":"https:\/\/api.w.org\/{rel}","templated":true}]}}