{"id":72644,"date":"2025-11-25T15:24:33","date_gmt":"2025-11-25T15:24:33","guid":{"rendered":"https:\/\/viande-halal.fr\/meinau\/?post_type=product&#038;p=72644"},"modified":"2025-11-25T15:24:42","modified_gmt":"2025-11-25T15:24:42","slug":"chocolat-dubai-hunkar-200g","status":"publish","type":"product","link":"https:\/\/prointer.fr\/meinau\/produit\/chocolat-dubai-hunkar-200g\/","title":{"rendered":"CHOCOLAT DUBAI HUNKAR &#8211; 200G"},"content":{"rendered":"<p>D\u00e9couvrez le d\u00e9licieux CHOCOLAT DUBAI HUNKAR &#8211; 200G de la c\u00e9l\u00e8bre marque HUNKAR, disponible dans notre rayon \u00e9picerie sucr\u00e9e. Ce chocolat de qualit\u00e9 sup\u00e9rieure est une v\u00e9ritable invitation au voyage gustatif gr\u00e2ce \u00e0 son go\u00fbt unique et exotique inspir\u00e9 de la ville de Dubai.<br \/>\nn<br \/>\nnFabriqu\u00e9 avec des ingr\u00e9dients soigneusement s\u00e9lectionn\u00e9s, ce chocolat fondant et onctueux ravira les papilles des amateurs de douceurs. Son format de 200g en fait un en-cas id\u00e9al \u00e0 d\u00e9guster \u00e0 tout moment de la journ\u00e9e pour combler les petites faims ou simplement se faire plaisir.<br \/>\nn<br \/>\nnQue vous soyez un amateur de chocolat ou \u00e0 la recherche d&rsquo;une id\u00e9e cadeau gourmande, le CHOCOLAT DUBAI HUNKAR &#8211; 200G est le produit parfait pour satisfaire vos envies sucr\u00e9es. Son packaging \u00e9l\u00e9gant en fait \u00e9galement un bel objet \u00e0 offrir \u00e0 vos proches lors d&rsquo;occasions sp\u00e9ciales.<br \/>\nn<br \/>\nnN&rsquo;h\u00e9sitez plus et laissez-vous tenter par ce d\u00e9licieux chocolat aux saveurs uniques, disponible uniquement dans notre supermarch\u00e9. Faites-vous plaisir et laissez-vous s\u00e9duire par l&rsquo;exotisme et la gourmandise du CHOCOLAT DUBAI HUNKAR &#8211; 200G de la marque HUNKAR.<\/p>\n","protected":false},"excerpt":{"rendered":"<p>D\u00e9couvrez le d\u00e9licieux chocolat Dubai Hunkar en format 200g, une cr\u00e9ation gourmande de la marque Hunkar. Savourez ce chocolat de qualit\u00e9 sup\u00e9rieure, parfait pour les amateurs de douceurs exquises.<\/p>\n","protected":false},"featured_media":71582,"comment_status":"closed","ping_status":"closed","template":"","meta":{"footnotes":""},"product_cat":[105,75],"product_tag":[127,345],"class_list":{"0":"post-72644","1":"product","2":"type-product","3":"status-publish","4":"has-post-thumbnail","6":"product_brand-hunkar","7":"product_cat-epicerie-sucree","8":"product_cat-tous-les-produits","9":"product_tag-hunkar","10":"product_tag-pistache","11":"product_shipping_class-top-produits","13":"first","14":"instock","15":"taxable","16":"shipping-taxable","17":"purchasable","18":"product-type-simple"},"_links":{"self":[{"href":"https:\/\/prointer.fr\/meinau\/wp-json\/wp\/v2\/product\/72644","targetHints":{"allow":["GET"]}}],"collection":[{"href":"https:\/\/prointer.fr\/meinau\/wp-json\/wp\/v2\/product"}],"about":[{"href":"https:\/\/prointer.fr\/meinau\/wp-json\/wp\/v2\/types\/product"}],"replies":[{"embeddable":true,"href":"https:\/\/prointer.fr\/meinau\/wp-json\/wp\/v2\/comments?post=72644"}],"version-history":[{"count":1,"href":"https:\/\/prointer.fr\/meinau\/wp-json\/wp\/v2\/product\/72644\/revisions"}],"predecessor-version":[{"id":72685,"href":"https:\/\/prointer.fr\/meinau\/wp-json\/wp\/v2\/product\/72644\/revisions\/72685"}],"wp:featuredmedia":[{"embeddable":true,"href":"https:\/\/prointer.fr\/meinau\/wp-json\/wp\/v2\/media\/71582"}],"wp:attachment":[{"href":"https:\/\/prointer.fr\/meinau\/wp-json\/wp\/v2\/media?parent=72644"}],"wp:term":[{"taxonomy":"product_cat","embeddable":true,"href":"https:\/\/prointer.fr\/meinau\/wp-json\/wp\/v2\/product_cat?post=72644"},{"taxonomy":"product_tag","embeddable":true,"href":"https:\/\/prointer.fr\/meinau\/wp-json\/wp\/v2\/product_tag?post=72644"}],"curies":[{"name":"wp","href":"https:\/\/api.w.org\/{rel}","templated":true}]}}