{"id":72699,"date":"2025-11-25T15:24:46","date_gmt":"2025-11-25T15:24:46","guid":{"rendered":"https:\/\/viande-halal.fr\/meinau\/?post_type=product&#038;p=72699"},"modified":"2025-11-25T15:24:49","modified_gmt":"2025-11-25T15:24:49","slug":"nectar-griotte-dimes-1l","status":"publish","type":"product","link":"https:\/\/prointer.fr\/meinau\/produit\/nectar-griotte-dimes-1l\/","title":{"rendered":"NECTAR GRIOTTE DIMES &#8211; 1L"},"content":{"rendered":"<p>Le NECTAR GRIOTTE DIMES &#8211; 1L est une d\u00e9licieuse boisson fruit\u00e9e de la marque DIMES, sp\u00e9cialement con\u00e7ue pour ravir les papilles des amateurs de saveurs exotiques. Avec sa texture onctueuse et son go\u00fbt sucr\u00e9 et acidul\u00e9, ce nectar de griotte saura vous s\u00e9duire d\u00e8s la premi\u00e8re gorg\u00e9e.nnId\u00e9al pour les moments de d\u00e9tente ou pour accompagner un repas, le NECTAR GRIOTTE DIMES &#8211; 1L est une boisson rafra\u00eechissante qui saura satisfaire toutes vos envies de douceur. Fabriqu\u00e9 \u00e0 partir de griottes soigneusement s\u00e9lectionn\u00e9es, ce nectar est une v\u00e9ritable invitation au voyage et \u00e0 la gourmandise.nnDisponible en format familial de 1 litre, ce nectar est parfait pour partager un moment convivial en famille ou entre amis. Que ce soit pour une soir\u00e9e barbecue, un pique-nique en plein air ou simplement pour vous d\u00e9salt\u00e9rer \u00e0 la maison, le NECTAR GRIOTTE DIMES &#8211; 1L saura vous accompagner en toutes occasions.nnAjoutez d\u00e8s maintenant cette d\u00e9licieuse boisson \u00e0 votre panier lors de votre prochaine visite dans notre supermarch\u00e9. Profitez de l&rsquo;offre exceptionnelle sur le NECTAR GRIOTTE DIMES &#8211; 1L et laissez-vous tenter par cette explosion de saveurs fruit\u00e9es !<\/p>\n","protected":false},"excerpt":{"rendered":"<p>D\u00e9couvrez le d\u00e9licieux Nectar Griotte Dimes de la marque Dimes. Ce jus de fruits de 1L offre une explosion de saveurs sucr\u00e9es et acidul\u00e9es. Id\u00e9al pour les amateurs de fruits.<\/p>\n","protected":false},"featured_media":71605,"comment_status":"closed","ping_status":"closed","template":"","meta":{"footnotes":""},"product_cat":[76,75],"product_tag":[199],"class_list":{"0":"post-72699","1":"product","2":"type-product","3":"status-publish","4":"has-post-thumbnail","6":"product_brand-dimes","7":"product_cat-boissons","8":"product_cat-tous-les-produits","9":"product_tag-dimes","10":"product_shipping_class-top-produits","12":"first","13":"instock","14":"taxable","15":"shipping-taxable","16":"purchasable","17":"product-type-simple"},"_links":{"self":[{"href":"https:\/\/prointer.fr\/meinau\/wp-json\/wp\/v2\/product\/72699","targetHints":{"allow":["GET"]}}],"collection":[{"href":"https:\/\/prointer.fr\/meinau\/wp-json\/wp\/v2\/product"}],"about":[{"href":"https:\/\/prointer.fr\/meinau\/wp-json\/wp\/v2\/types\/product"}],"replies":[{"embeddable":true,"href":"https:\/\/prointer.fr\/meinau\/wp-json\/wp\/v2\/comments?post=72699"}],"version-history":[{"count":1,"href":"https:\/\/prointer.fr\/meinau\/wp-json\/wp\/v2\/product\/72699\/revisions"}],"predecessor-version":[{"id":72719,"href":"https:\/\/prointer.fr\/meinau\/wp-json\/wp\/v2\/product\/72699\/revisions\/72719"}],"wp:featuredmedia":[{"embeddable":true,"href":"https:\/\/prointer.fr\/meinau\/wp-json\/wp\/v2\/media\/71605"}],"wp:attachment":[{"href":"https:\/\/prointer.fr\/meinau\/wp-json\/wp\/v2\/media?parent=72699"}],"wp:term":[{"taxonomy":"product_cat","embeddable":true,"href":"https:\/\/prointer.fr\/meinau\/wp-json\/wp\/v2\/product_cat?post=72699"},{"taxonomy":"product_tag","embeddable":true,"href":"https:\/\/prointer.fr\/meinau\/wp-json\/wp\/v2\/product_tag?post=72699"}],"curies":[{"name":"wp","href":"https:\/\/api.w.org\/{rel}","templated":true}]}}