{"id":72772,"date":"2025-11-25T15:25:03","date_gmt":"2025-11-25T15:25:03","guid":{"rendered":"https:\/\/viande-halal.fr\/meinau\/?post_type=product&#038;p=72772"},"modified":"2025-11-25T15:25:15","modified_gmt":"2025-11-25T15:25:15","slug":"huile-de-tournesol-zelyag-900g","status":"publish","type":"product","link":"https:\/\/prointer.fr\/meinau\/produit\/huile-de-tournesol-zelyag-900g\/","title":{"rendered":"HUILE DE TOURNESOL ZELYAG &#8211; 900G"},"content":{"rendered":"<p>D\u00e9couvrez l&rsquo;huile de tournesol ZELYAG, un produit incontournable de la cat\u00e9gorie \u00e9picerie sal\u00e9e. Cette huile de tournesol de qualit\u00e9 sup\u00e9rieure est conditionn\u00e9e dans un format pratique de 900g, id\u00e9al pour une utilisation quotidienne en cuisine. nnL&rsquo;huile de tournesol ZELYAG est obtenue \u00e0 partir de graines de tournesol soigneusement s\u00e9lectionn\u00e9es, garantissant ainsi une saveur d\u00e9licate et un go\u00fbt authentique \u00e0 tous vos plats. Sa texture l\u00e9g\u00e8re et sa haute teneur en acides gras insatur\u00e9s en font un choix sain et \u00e9quilibr\u00e9 pour vos pr\u00e9parations culinaires.nnPolyvalente, cette huile de tournesol ZELYAG est parfaite pour la cuisson, la friture et m\u00eame pour assaisonner vos salades. Sa haute temp\u00e9rature de cuisson en fait un alli\u00e9 de choix pour pr\u00e9parer des plats savoureux et croustillants en toute simplicit\u00e9.nnAjoutez d\u00e8s aujourd&rsquo;hui l&rsquo;huile de tournesol ZELYAG \u00e0 votre panier et laissez-vous s\u00e9duire par sa qualit\u00e9 et son authenticit\u00e9. Parfait pour les amateurs de cuisine soucieux de leur sant\u00e9, ce produit saura ravir les papilles les plus exigeantes. Ne passez pas \u00e0 c\u00f4t\u00e9 de ce produit incontournable pour un plaisir gustatif sans pareil !<\/p>\n","protected":false},"excerpt":{"rendered":"<p>D\u00e9couvrez l&rsquo;huile de tournesol ZELYAG, une huile de qualit\u00e9 sup\u00e9rieure en format 900g. Id\u00e9ale pour la cuisine et la cuisson, elle apporte une saveur d\u00e9licate \u00e0 vos plats.<\/p>\n","protected":false},"featured_media":71639,"comment_status":"closed","ping_status":"closed","template":"","meta":{"footnotes":""},"product_cat":[104,75],"product_tag":[206],"class_list":{"0":"post-72772","1":"product","2":"type-product","3":"status-publish","4":"has-post-thumbnail","6":"product_brand-zelyag","7":"product_cat-epicerie-salee","8":"product_cat-tous-les-produits","9":"product_tag-zelyag","10":"product_shipping_class-top-produits","12":"first","13":"instock","14":"taxable","15":"shipping-taxable","16":"purchasable","17":"product-type-simple"},"_links":{"self":[{"href":"https:\/\/prointer.fr\/meinau\/wp-json\/wp\/v2\/product\/72772","targetHints":{"allow":["GET"]}}],"collection":[{"href":"https:\/\/prointer.fr\/meinau\/wp-json\/wp\/v2\/product"}],"about":[{"href":"https:\/\/prointer.fr\/meinau\/wp-json\/wp\/v2\/types\/product"}],"replies":[{"embeddable":true,"href":"https:\/\/prointer.fr\/meinau\/wp-json\/wp\/v2\/comments?post=72772"}],"version-history":[{"count":1,"href":"https:\/\/prointer.fr\/meinau\/wp-json\/wp\/v2\/product\/72772\/revisions"}],"predecessor-version":[{"id":72812,"href":"https:\/\/prointer.fr\/meinau\/wp-json\/wp\/v2\/product\/72772\/revisions\/72812"}],"wp:featuredmedia":[{"embeddable":true,"href":"https:\/\/prointer.fr\/meinau\/wp-json\/wp\/v2\/media\/71639"}],"wp:attachment":[{"href":"https:\/\/prointer.fr\/meinau\/wp-json\/wp\/v2\/media?parent=72772"}],"wp:term":[{"taxonomy":"product_cat","embeddable":true,"href":"https:\/\/prointer.fr\/meinau\/wp-json\/wp\/v2\/product_cat?post=72772"},{"taxonomy":"product_tag","embeddable":true,"href":"https:\/\/prointer.fr\/meinau\/wp-json\/wp\/v2\/product_tag?post=72772"}],"curies":[{"name":"wp","href":"https:\/\/api.w.org\/{rel}","templated":true}]}}