{"id":72830,"date":"2025-11-25T15:25:19","date_gmt":"2025-11-25T15:25:19","guid":{"rendered":"https:\/\/viande-halal.fr\/meinau\/?post_type=product&#038;p=72830"},"modified":"2025-11-25T15:25:27","modified_gmt":"2025-11-25T15:25:27","slug":"brochettes-halal-au-choix","status":"publish","type":"product","link":"https:\/\/prointer.fr\/meinau\/produit\/brochettes-halal-au-choix\/","title":{"rendered":"BROCHETTES HALAL AU CHOIX"},"content":{"rendered":"<h3>BROCHETTES HALAL AU CHOIX<\/h3>\n<p data-start=\"1846\" data-end=\"2349\">Les<a href=\"https:\/\/viande-halal.fr\/categorie-produit\/tous-les-produits\/boucherie-charcuterie\/barbecue-grillades-halal\/\" target=\"_blank\" rel=\"noopener\"><strong> brochettes halal<\/strong><\/a> propos\u00e9es par Pro-Inter sont pens\u00e9es pour satisfaire toutes les envies de viandes savoureuses et de grillades g\u00e9n\u00e9reuses. Pr\u00e9par\u00e9es directement par nos bouchers, elles b\u00e9n\u00e9ficient d\u2019un savoir-faire artisanal et d\u2019une attention particuli\u00e8re port\u00e9e \u00e0 la s\u00e9lection des viandes. Chaque brochette est compos\u00e9e de morceaux soigneusement d\u00e9coup\u00e9s pour offrir une texture tendre, une cuisson homog\u00e8ne et une excellente tenue, que vous choisissiez la po\u00eale, le grill, le four ou le barbecue.<\/p>\n<p data-start=\"2351\" data-end=\"2857\">Notre gamme de brochettes halal se distingue par une vari\u00e9t\u00e9 unique de viandes et de marinades. Les clients peuvent s\u00e9lectionner entre <strong>plusieurs types de viandes halal : b\u0153uf, veau, agneau ou poulet.<\/strong> Cette diversit\u00e9 permet de s\u2019adapter \u00e0 tous les go\u00fbts, des amateurs de viandes rouges aux adeptes de volailles plus l\u00e9g\u00e8res. Nos bouchers choisissent des morceaux adapt\u00e9s aux brochettes afin d\u2019assurer une texture moelleuse et une cuisson r\u00e9guli\u00e8re, essentielle pour obtenir une viande juteuse et savoureuse.<\/p>\n<p data-start=\"2859\" data-end=\"3651\">Pour enrichir l\u2019exp\u00e9rience gustative, plusieurs marinades artisanales sont propos\u00e9es :<\/p>\n<ul>\n<li data-start=\"2859\" data-end=\"3651\">Marinade <strong>andalouse<\/strong>, relev\u00e9e au paprika, cette marinade apporte une saveur parfum\u00e9e et l\u00e9g\u00e8rement fum\u00e9e, id\u00e9ale pour les grillades estivales.<\/li>\n<li data-start=\"2859\" data-end=\"3651\">Marinade<strong> ma\u00eetre d\u2019h\u00f4te<\/strong>l mise sur la finesse et la simplicit\u00e9, elle est inspir\u00e9e des recettes de cuisine traditionnelle.<\/li>\n<li data-start=\"2859\" data-end=\"3651\">Marinade <strong>miel et abricot<\/strong> offre une touche sucr\u00e9e-sal\u00e9e tr\u00e8s appr\u00e9ci\u00e9e,<\/li>\n<li data-start=\"2859\" data-end=\"3651\">Marinade <strong>orientale au curry<\/strong> apporte des notes chaudes et ensoleill\u00e9es rappelant la cuisine du Maghreb et du Moyen-Orient.<\/li>\n<li data-start=\"2859\" data-end=\"3651\">Enfin, la <strong>marinade piquante <\/strong>qui s\u2019adresse \u00e0 ceux qui recherchent une saveur plus intense et relev\u00e9e.<\/li>\n<\/ul>\n<p>Cette palette aromatique permet \u00e0 chacun de <strong>personnaliser son repas en choisissant une viande et un assaisonnement parfaitement adapt\u00e9s \u00e0 ses pr\u00e9f\u00e9rences.<\/strong><\/p>\n<p data-start=\"3653\" data-end=\"4145\">Les brochettes halal de Pro-Inter sont parfaites pour toutes les occasions : repas improvis\u00e9s, barbecues entre amis, soir\u00e9es en famille ou m\u00eame plats plus \u00e9labor\u00e9s cuits au four. Gr\u00e2ce \u00e0 leur <strong>pr\u00e9paration artisanale,<\/strong> elles demandent tr\u00e8s peu de pr\u00e9paration suppl\u00e9mentaire. Elles peuvent \u00eatre simplement cuites telles quelles ou int\u00e9gr\u00e9es dans des recettes plus complexes, comme des assiettes grillades, des couscous modernes revisit\u00e9s, des plats de riz ou des accompagnements m\u00e9diterran\u00e9ens.<\/p>\n<p data-start=\"4147\" data-end=\"4365\">De plus, la <strong>commande en ligne permet de gagner du temps<\/strong> : il vous suffit de s\u00e9lectionner vos viandes et vos marinades, et nos bouchers pr\u00e9parent vos brochettes pour vous. Vous n\u2019avez plus qu\u2019\u00e0 les r\u00e9cup\u00e9rer en magasin. Disponibles au rayon boucherie de vos supermarch\u00e9s Pro-Inter, ces brochettes halal repr\u00e9sentent l\u2019alliance parfaite entre qualit\u00e9, fra\u00eecheur, saveur et praticit\u00e9.<\/p>\n","protected":false},"excerpt":{"rendered":"<p data-start=\"383\" data-end=\"952\">Les<strong> brochettes halal<\/strong> pr\u00e9par\u00e9es par les bouchers Pro-Inter sont l\u2019un des produits incontournables de notre rayon boucherie pour toutes les envies de grillades, de barbecues et de repas conviviaux. Propos\u00e9es en <strong>plusieurs vari\u00e9t\u00e9s de viandes halal \u2013 b\u0153uf, veau, agneau et poulet<\/strong> \u2013 elles r\u00e9pondent aux go\u00fbts et aux besoins de chacun, tout en garantissant une viande de qualit\u00e9 soigneusement travaill\u00e9e. Chaque brochette est pr\u00e9par\u00e9e par nos bouchers, qui s\u00e9lectionnent des morceaux tendres et savoureux afin d\u2019assurer une cuisson homog\u00e8ne et un r\u00e9sultat juteux.<\/p>\n<p data-start=\"954\" data-end=\"1404\">Pour permettre une exp\u00e9rience culinaire encore plus vari\u00e9e, <strong>plusieurs marinades sont \u00e9galement disponibles : andalouse au paprika, ma\u00eetre d\u2019h\u00f4tel, miel\/abricot, orientale au curry ou encore piquante.<\/strong> Ces assaisonnements viennent sublimer la viande et apportent des saveurs authentiques, parfaites pour des grillades parfum\u00e9es et r\u00e9ussies. Vous pouvez ainsi choisir entre des brochettes plus douces, plus relev\u00e9es ou plus exotiques selon vos envies.<\/p>\n<p data-start=\"1406\" data-end=\"1801\">Que ce soit pour un repas de semaine, une soir\u00e9e entre amis, un barbecue en famille ou une pr\u00e9paration au four ou \u00e0 la po\u00eale, ces brochettes halal sont pratiques, pr\u00eates \u00e0 cuire et adapt\u00e9es \u00e0 tous les styles de cuisine. Elles sont disponibles chaque jour au rayon boucherie, et vous pouvez \u00e9galement les <strong>commander en ligne pour gagner du temps et r\u00e9cup\u00e9rer votre commande directement en magasin<\/strong>.<\/p>\n","protected":false},"featured_media":72864,"comment_status":"open","ping_status":"closed","template":"","meta":{"footnotes":""},"product_cat":[75,527,312,337,313],"product_tag":[466,344,467,333,335],"class_list":{"0":"post-72830","1":"product","2":"type-product","3":"status-publish","4":"has-post-thumbnail","6":"product_brand-pro-inter","7":"product_cat-tous-les-produits","8":"product_cat-barbecue-grillades-halal","9":"product_cat-boucherie-charcuterie","10":"product_cat-les-bons-plans","11":"product_cat-plateaux-prepares","12":"product_tag-brochettes","13":"product_tag-plateau","14":"product_tag-plateau-brochettes","15":"product_tag-plateaux-prepares","16":"product_tag-viande-halal","18":"first","19":"instock","20":"taxable","21":"shipping-taxable","22":"purchasable","23":"product-type-variable","24":"has-default-attributes"},"_links":{"self":[{"href":"https:\/\/prointer.fr\/meinau\/wp-json\/wp\/v2\/product\/72830","targetHints":{"allow":["GET"]}}],"collection":[{"href":"https:\/\/prointer.fr\/meinau\/wp-json\/wp\/v2\/product"}],"about":[{"href":"https:\/\/prointer.fr\/meinau\/wp-json\/wp\/v2\/types\/product"}],"replies":[{"embeddable":true,"href":"https:\/\/prointer.fr\/meinau\/wp-json\/wp\/v2\/comments?post=72830"}],"version-history":[{"count":1,"href":"https:\/\/prointer.fr\/meinau\/wp-json\/wp\/v2\/product\/72830\/revisions"}],"predecessor-version":[{"id":72865,"href":"https:\/\/prointer.fr\/meinau\/wp-json\/wp\/v2\/product\/72830\/revisions\/72865"}],"wp:featuredmedia":[{"embeddable":true,"href":"https:\/\/prointer.fr\/meinau\/wp-json\/wp\/v2\/media\/72864"}],"wp:attachment":[{"href":"https:\/\/prointer.fr\/meinau\/wp-json\/wp\/v2\/media?parent=72830"}],"wp:term":[{"taxonomy":"product_cat","embeddable":true,"href":"https:\/\/prointer.fr\/meinau\/wp-json\/wp\/v2\/product_cat?post=72830"},{"taxonomy":"product_tag","embeddable":true,"href":"https:\/\/prointer.fr\/meinau\/wp-json\/wp\/v2\/product_tag?post=72830"}],"curies":[{"name":"wp","href":"https:\/\/api.w.org\/{rel}","templated":true}]}}