{"id":72906,"date":"2025-11-25T15:25:28","date_gmt":"2025-11-25T15:25:28","guid":{"rendered":"https:\/\/viande-halal.fr\/meinau\/?post_type=product&#038;p=72906"},"modified":"2025-11-25T15:25:51","modified_gmt":"2025-11-25T15:25:51","slug":"noix-de-veau-halal","status":"publish","type":"product","link":"https:\/\/prointer.fr\/meinau\/produit\/noix-de-veau-halal\/","title":{"rendered":"NOIX DE VEAU HALAL"},"content":{"rendered":"<h3>NOIX DE VEAU HALAL<\/h3>\n<p data-start=\"1233\" data-end=\"1579\">La <strong data-start=\"1236\" data-end=\"1258\">noix de <a href=\"https:\/\/viande-halal.fr\/categorie-produit\/tous-les-produits\/boucherie-charcuterie\/viande-halal\/viande-de-veau\/\" target=\"_blank\" rel=\"noopener\">veau<\/a> halal<\/strong> est un morceau d\u2019exception qui allie finesse, tendret\u00e9 et go\u00fbt raffin\u00e9. Situ\u00e9e dans la cuisse du veau, elle se compose d\u2019une viande maigre, peu grasse, et d\u2019une texture extr\u00eamement tendre. Gr\u00e2ce \u00e0 sa structure homog\u00e8ne, elle offre une cuisson r\u00e9guli\u00e8re et un rendu fondant, parfait pour les plats mijot\u00e9s ou les r\u00f4tis.<\/p>\n<p data-start=\"1581\" data-end=\"1947\">Chez <strong data-start=\"1586\" data-end=\"1599\">Pro-Inter<\/strong>, nous s\u00e9lectionnons avec le plus grand soin des <strong data-start=\"1648\" data-end=\"1679\">viandes de veau 100 % halal<\/strong>, issues d\u2019\u00e9levages europ\u00e9ens conformes aux normes les plus strictes en mati\u00e8re de tra\u00e7abilit\u00e9 et de qualit\u00e9. Chaque morceau est pr\u00e9par\u00e9 par nos bouchers selon les r\u00e8gles du m\u00e9tier, afin d\u2019offrir une viande fra\u00eeche, savoureuse et toujours respectueuse du rite halal.<\/p>\n<p data-start=\"1949\" data-end=\"2025\">La <strong data-start=\"1952\" data-end=\"1974\">noix de veau halal<\/strong> est id\u00e9ale pour une grande vari\u00e9t\u00e9 de recettes :<\/p>\n<ul data-start=\"2026\" data-end=\"2404\">\n<li data-start=\"2026\" data-end=\"2138\">\n<p data-start=\"2028\" data-end=\"2138\"><strong data-start=\"2028\" data-end=\"2039\">En r\u00f4ti<\/strong>, elle r\u00e9v\u00e8le tout son moelleux et sa finesse, notamment lorsqu\u2019elle est cuite lentement au four.<\/p>\n<\/li>\n<li data-start=\"2139\" data-end=\"2280\">\n<p data-start=\"2141\" data-end=\"2280\"><strong data-start=\"2141\" data-end=\"2158\">En blanquette<\/strong>, elle apporte une texture fondante et un go\u00fbt doux qui se marient parfaitement avec des sauces cr\u00e9meuses et citronn\u00e9es.<\/p>\n<\/li>\n<li data-start=\"2281\" data-end=\"2404\">\n<p data-start=\"2283\" data-end=\"2404\"><strong data-start=\"2283\" data-end=\"2305\">En escalopes fines<\/strong>, elle se pr\u00eate aux pr\u00e9parations rapides comme les saut\u00e9s ou les plats mijot\u00e9s \u00e0 la sauce tomate.<\/p>\n<\/li>\n<\/ul>\n<p data-start=\"2406\" data-end=\"2640\">Riche en prot\u00e9ines et pauvre en mati\u00e8res grasses, la noix de veau halal est \u00e9galement un choix nutritif et \u00e9quilibr\u00e9. Elle s\u00e9duit les amateurs de cuisine authentique \u00e0 la recherche d\u2019une viande d\u00e9licate, tendre et de grande qualit\u00e9.<\/p>\n<p data-start=\"2642\" data-end=\"2851\">Disponible au kilo dans vos <strong data-start=\"2670\" data-end=\"2694\">boucheries Pro-Inter<\/strong>, la noix de veau halal incarne l\u2019excellence d\u2019une viande europ\u00e9enne certifi\u00e9e halal, pr\u00e9par\u00e9e avec soin pour garantir plaisir et confiance \u00e0 chaque repas.<\/p>\n","protected":false},"excerpt":{"rendered":"<p data-start=\"229\" data-end=\"619\">La <strong data-start=\"232\" data-end=\"254\">noix de veau halal<\/strong> est une pi\u00e8ce noble et raffin\u00e9e, appr\u00e9ci\u00e9e pour sa <strong data-start=\"306\" data-end=\"333\">tendret\u00e9 exceptionnelle<\/strong> et sa <strong data-start=\"340\" data-end=\"359\">saveur d\u00e9licate<\/strong>. Pr\u00e9lev\u00e9e dans la cuisse du veau, cette partie maigre et r\u00e9guli\u00e8re est id\u00e9ale pour les <strong data-start=\"447\" data-end=\"456\">r\u00f4tis<\/strong>, <strong data-start=\"458\" data-end=\"473\">blanquettes<\/strong>, ou <strong data-start=\"478\" data-end=\"502\">plats mijot\u00e9s l\u00e9gers<\/strong>. Elle se distingue par une texture fine et fondante, garantissant une viande tendre et moelleuse \u00e0 chaque bouch\u00e9e.<\/p>\n<p data-start=\"621\" data-end=\"883\">Chez <strong data-start=\"626\" data-end=\"639\">Pro-Inter<\/strong>, notre noix de veau est <strong data-start=\"664\" data-end=\"679\">100 % halal<\/strong> et issue d\u2019\u00e9levages europ\u00e9ens s\u00e9lectionn\u00e9s avec rigueur. Chaque pi\u00e8ce est pr\u00e9par\u00e9e avec soin par nos bouchers afin de garantir une qualit\u00e9 constante, une d\u00e9coupe pr\u00e9cise et une fra\u00eecheur irr\u00e9prochable.<\/p>\n<p data-start=\"885\" data-end=\"1184\">La noix de veau halal est une viande polyvalente qui s\u2019adapte \u00e0 toutes vos envies culinaires : r\u00f4tie au four, cuite en cocotte, ou d\u00e9coup\u00e9e en escalopes fines pour des plats plus rapides. C\u2019est une pi\u00e8ce savoureuse et \u00e9quilibr\u00e9e, id\u00e9ale pour les repas familiaux comme pour les occasions sp\u00e9ciales.<\/p>\n","protected":false},"featured_media":72930,"comment_status":"open","ping_status":"closed","template":"","meta":{"footnotes":""},"product_cat":[75,312,529,693],"product_tag":[699,697,698,335],"class_list":{"0":"post-72906","1":"product","2":"type-product","3":"status-publish","4":"has-post-thumbnail","6":"product_cat-tous-les-produits","7":"product_cat-boucherie-charcuterie","8":"product_cat-viande-halal","9":"product_cat-viande-de-veau","10":"product_tag-noix-de-veau","11":"product_tag-veau","12":"product_tag-viande","13":"product_tag-viande-halal","15":"first","16":"instock","17":"taxable","18":"shipping-taxable","19":"product-type-simple"},"_links":{"self":[{"href":"https:\/\/prointer.fr\/meinau\/wp-json\/wp\/v2\/product\/72906","targetHints":{"allow":["GET"]}}],"collection":[{"href":"https:\/\/prointer.fr\/meinau\/wp-json\/wp\/v2\/product"}],"about":[{"href":"https:\/\/prointer.fr\/meinau\/wp-json\/wp\/v2\/types\/product"}],"replies":[{"embeddable":true,"href":"https:\/\/prointer.fr\/meinau\/wp-json\/wp\/v2\/comments?post=72906"}],"version-history":[{"count":1,"href":"https:\/\/prointer.fr\/meinau\/wp-json\/wp\/v2\/product\/72906\/revisions"}],"predecessor-version":[{"id":72931,"href":"https:\/\/prointer.fr\/meinau\/wp-json\/wp\/v2\/product\/72906\/revisions\/72931"}],"wp:featuredmedia":[{"embeddable":true,"href":"https:\/\/prointer.fr\/meinau\/wp-json\/wp\/v2\/media\/72930"}],"wp:attachment":[{"href":"https:\/\/prointer.fr\/meinau\/wp-json\/wp\/v2\/media?parent=72906"}],"wp:term":[{"taxonomy":"product_cat","embeddable":true,"href":"https:\/\/prointer.fr\/meinau\/wp-json\/wp\/v2\/product_cat?post=72906"},{"taxonomy":"product_tag","embeddable":true,"href":"https:\/\/prointer.fr\/meinau\/wp-json\/wp\/v2\/product_tag?post=72906"}],"curies":[{"name":"wp","href":"https:\/\/api.w.org\/{rel}","templated":true}]}}