{"id":72950,"date":"2025-11-25T15:25:52","date_gmt":"2025-11-25T15:25:52","guid":{"rendered":"https:\/\/viande-halal.fr\/meinau\/?post_type=product&#038;p=72950"},"modified":"2025-11-25T15:26:44","modified_gmt":"2025-11-25T15:26:44","slug":"emince-de-poulet-marine-halal","status":"publish","type":"product","link":"https:\/\/prointer.fr\/meinau\/produit\/emince-de-poulet-marine-halal\/","title":{"rendered":"\u00c9MINC\u00c9 DE POULET MARIN\u00c9 HALAL"},"content":{"rendered":"<h3>\u00c9MINC\u00c9 DE POULET MARIN\u00c9 HALAL<\/h3>\n<p data-start=\"1590\" data-end=\"2020\"><a href=\"https:\/\/viande-halal.fr\/categorie-produit\/tous-les-produits\/boucherie-charcuterie\/barbecue-grillades-halal\/\" target=\"_blank\" rel=\"noopener\"><strong>L\u2019\u00e9minc\u00e9 de poulet marin\u00e9 halal<\/strong><\/a> d\u2019origine Union Europ\u00e9enne est un produit phare pour ceux qui recherchent une viande pratique, savoureuse et de qualit\u00e9. Chaque \u00e9minc\u00e9 est pr\u00e9par\u00e9 et d\u00e9coup\u00e9 par nos bouchers pour garantir des morceaux r\u00e9guliers, tendres et faciles \u00e0 cuire. La marinade appliqu\u00e9e par nos artisans bouchers permet de sublimer le go\u00fbt naturel du poulet, tout en assurant une viande juteuse et parfum\u00e9e \u00e0 la cuisson.<\/p>\n<p data-start=\"2022\" data-end=\"2501\">La viande est issue de poulets s\u00e9lectionn\u00e9s en Union Europ\u00e9enne, r\u00e9pondant \u00e0 des standards stricts de qualit\u00e9, de tra\u00e7abilit\u00e9 et de s\u00e9curit\u00e9 alimentaire. Le caract\u00e8re halal de ce produit est certifi\u00e9, ce qui le rend adapt\u00e9 aux consommateurs recherchant des produits conformes \u00e0 leurs habitudes alimentaires. Le travail artisanal r\u00e9alis\u00e9 par nos bouchers permet de proposer un \u00e9minc\u00e9 de poulet marin\u00e9 pr\u00eat \u00e0 cuire, pratique pour le quotidien et pour les occasions plus festives.<\/p>\n<p data-start=\"2503\" data-end=\"3075\">La marinade, sp\u00e9cialement con\u00e7ue pour ce type de produit, enrichit la viande de saveurs subtiles et harmonieuses. Elle peut \u00eatre l\u00e9g\u00e8rement \u00e9pic\u00e9e ou aromatis\u00e9e avec des herbes et des ingr\u00e9dients naturels, permettant de pr\u00e9parer rapidement des plats riches en go\u00fbt. L\u2019\u00e9minc\u00e9 de poulet marin\u00e9 halal est id\u00e9al pour de nombreuses pr\u00e9parations culinaires : po\u00eal\u00e9e de l\u00e9gumes, saut\u00e9s, couscous, plats \u00e0 base de riz, p\u00e2tes ou salades compl\u00e8tes. Sa cuisson rapide et homog\u00e8ne en fait un produit pratique pour les repas press\u00e9s tout en conservant une qualit\u00e9 gustative optimale.<\/p>\n<p data-start=\"3077\" data-end=\"3449\">Ce produit s\u2019adapte \u00e0 tous les types de cuisson : po\u00eale, grill, wok ou barbecue. Les morceaux fins permettent une cuisson rapide, sans risque de dess\u00e8chement, tout en assurant une texture tendre et juteuse. Que ce soit pour un d\u00e9jeuner express, un d\u00eener familial ou un repas convivial entre amis, l\u2019\u00e9minc\u00e9 de poulet marin\u00e9 halal offre une solution pratique et gourmande \u00e0 tous.<\/p>\n<p data-start=\"3451\" data-end=\"3825\">Disponibles chaque jour au rayon boucherie de vos magasins Pro-Inter dans le Grand Est et le Territoire de Belfort, ces \u00e9minc\u00e9s de poulet halal allient <strong data-start=\"3557\" data-end=\"3592\">qualit\u00e9, fra\u00eecheur et praticit\u00e9<\/strong>, avec une viande soigneusement pr\u00e9par\u00e9e et marin\u00e9e par nos bouchers pour r\u00e9v\u00e9ler toutes ses saveurs. Ils constituent un choix parfait pour tous ceux qui souhaitent cuisiner rapidement des plats savoureux, \u00e9quilibr\u00e9s et conformes aux exigences halal.<\/p>\n","protected":false},"excerpt":{"rendered":"<p data-start=\"275\" data-end=\"747\">L\u2019\u00e9minc\u00e9 de poulet marin\u00e9 halal d\u2019origine Union Europ\u00e9enne propos\u00e9 par Pro-Inter est une solution pratique et savoureuse pour tous vos repas rapides, grillades ou plats mijot\u00e9s. Pr\u00e9par\u00e9 par nos bouchers avec soin, ce poulet halal b\u00e9n\u00e9ficie d\u2019une marinade \u00e9quilibr\u00e9e qui rehausse la tendret\u00e9 et la saveur naturelle de la viande. Chaque morceau est soigneusement d\u00e9coup\u00e9 pour garantir une cuisson homog\u00e8ne et un r\u00e9sultat juteux, id\u00e9al pour des repas conviviaux ou express.<\/p>\n<p data-start=\"749\" data-end=\"1235\">Gr\u00e2ce \u00e0 sa pr\u00e9paration professionnelle, cet \u00e9minc\u00e9 de poulet halal est pr\u00eat \u00e0 cuire, ce qui permet de gagner du temps en cuisine sans compromettre le go\u00fbt. La marinade apporte des ar\u00f4mes d\u00e9licats et savoureux, qui se marient parfaitement avec des accompagnements vari\u00e9s tels que l\u00e9gumes saut\u00e9s, riz, p\u00e2tes, couscous ou salades compos\u00e9es. Ce produit convient \u00e0 toutes les occasions, que ce soit pour un d\u00e9jeuner rapide en semaine, un d\u00eener familial ou une soir\u00e9e conviviale entre amis.<\/p>\n<p data-start=\"1237\" data-end=\"1545\">Disponible au rayon boucherie de vos magasins Pro-Inter, cet \u00e9minc\u00e9 de poulet marin\u00e9 halal allie <strong data-start=\"1334\" data-end=\"1364\">praticit\u00e9, go\u00fbt et qualit\u00e9<\/strong>. Sa provenance Union Europ\u00e9enne garantit une viande fra\u00eeche, s\u00e9lectionn\u00e9e selon des standards stricts de qualit\u00e9 et de s\u00e9curit\u00e9 alimentaire, tout en respectant les exigences halal.<\/p>\n","protected":false},"featured_media":73015,"comment_status":"open","ping_status":"closed","template":"","meta":{"footnotes":""},"product_cat":[312,527,75],"product_tag":[],"class_list":{"0":"post-72950","1":"product","2":"type-product","3":"status-publish","4":"has-post-thumbnail","6":"product_cat-boucherie-charcuterie","7":"product_cat-barbecue-grillades-halal","8":"product_cat-tous-les-produits","10":"first","11":"instock","12":"taxable","13":"shipping-taxable","14":"product-type-simple"},"_links":{"self":[{"href":"https:\/\/prointer.fr\/meinau\/wp-json\/wp\/v2\/product\/72950","targetHints":{"allow":["GET"]}}],"collection":[{"href":"https:\/\/prointer.fr\/meinau\/wp-json\/wp\/v2\/product"}],"about":[{"href":"https:\/\/prointer.fr\/meinau\/wp-json\/wp\/v2\/types\/product"}],"replies":[{"embeddable":true,"href":"https:\/\/prointer.fr\/meinau\/wp-json\/wp\/v2\/comments?post=72950"}],"version-history":[{"count":1,"href":"https:\/\/prointer.fr\/meinau\/wp-json\/wp\/v2\/product\/72950\/revisions"}],"predecessor-version":[{"id":73016,"href":"https:\/\/prointer.fr\/meinau\/wp-json\/wp\/v2\/product\/72950\/revisions\/73016"}],"wp:featuredmedia":[{"embeddable":true,"href":"https:\/\/prointer.fr\/meinau\/wp-json\/wp\/v2\/media\/73015"}],"wp:attachment":[{"href":"https:\/\/prointer.fr\/meinau\/wp-json\/wp\/v2\/media?parent=72950"}],"wp:term":[{"taxonomy":"product_cat","embeddable":true,"href":"https:\/\/prointer.fr\/meinau\/wp-json\/wp\/v2\/product_cat?post=72950"},{"taxonomy":"product_tag","embeddable":true,"href":"https:\/\/prointer.fr\/meinau\/wp-json\/wp\/v2\/product_tag?post=72950"}],"curies":[{"name":"wp","href":"https:\/\/api.w.org\/{rel}","templated":true}]}}