{"id":72994,"date":"2025-11-25T15:26:19","date_gmt":"2025-11-25T15:26:19","guid":{"rendered":"https:\/\/viande-halal.fr\/meinau\/?post_type=product&#038;p=72994"},"modified":"2025-11-25T15:27:19","modified_gmt":"2025-11-25T15:27:19","slug":"ailes-de-poulet-10kg","status":"publish","type":"product","link":"https:\/\/prointer.fr\/meinau\/produit\/ailes-de-poulet-10kg\/","title":{"rendered":"AILES DE POULET 10KG"},"content":{"rendered":"<h3>AILES DE POULET 10KG<\/h3>\n<p data-start=\"1705\" data-end=\"4119\">Les<a href=\"https:\/\/viande-halal.fr\/categorie-produit\/tous-les-produits\/boucherie-charcuterie\/volaille-halal\/\" target=\"_blank\" rel=\"noopener\"><strong> ailes de poulet 10 kg<\/strong><\/a> offrent une solution id\u00e9ale pour toutes les cuisines souhaitant disposer d\u2019un produit \u00e0 la fois gourmand, polyvalent et \u00e9conomique. Conditionn\u00e9es en carton, elles sont con\u00e7ues pour r\u00e9pondre aux besoins des professionnels de la restauration, des traiteurs, des collectivit\u00e9s, mais aussi des particuliers qui pr\u00e9parent des repas familiaux ou des grandes tabl\u00e9es.<\/p>\n<p data-start=\"1705\" data-end=\"4119\">Les <strong>ailes de poulet 10kg<\/strong> sont l\u2019un des morceaux les plus appr\u00e9ci\u00e9s de la volaille, notamment gr\u00e2ce \u00e0 leur texture unique : une chair juteuse \u00e0 l\u2019int\u00e9rieur, une peau qui devient croustillante \u00e0 la cuisson et une richesse naturelle en saveurs. Elles se pr\u00eatent parfaitement aux marinades et sont capables d\u2019absorber les \u00e9pices, sauces et aromates pour offrir des recettes vari\u00e9es et savoureuses.<\/p>\n<p data-start=\"1705\" data-end=\"4119\">Que ce soit pour r\u00e9aliser des ailes r\u00f4ties, grill\u00e9es ou laqu\u00e9es, les <strong>ailes de poulet 10kg<\/strong> convient \u00e0 toutes les m\u00e9thodes de cuisson. Au four, elles d\u00e9veloppent un go\u00fbt intense et une peau dor\u00e9e ; \u00e0 la po\u00eale ou \u00e0 la friteuse, elles deviennent croustillantes et irr\u00e9sistibles ; au barbecue, elles se transforment en un classique incontournable de la cuisine estivale. Les ailes de poulet sont \u00e9galement parfaites pour pr\u00e9parer des recettes inspir\u00e9es des cuisines du monde : marinades orientales, saveurs asiatiques, sauces am\u00e9ricaines, inspirations africaines ou assaisonnements m\u00e9diterran\u00e9ens.<\/p>\n<p data-start=\"1705\" data-end=\"4119\">Le conditionnement de 10 kg permet d\u2019avoir une quantit\u00e9 suffisante pour des services r\u00e9guliers ou pour anticiper les besoins lors de fortes activit\u00e9s saisonni\u00e8res. Stock\u00e9es en carton, les <strong>ailes de poulet 10kg<\/strong> sont faciles \u00e0 transporter, \u00e0 ranger et \u00e0 organiser en chambre froide ou en cong\u00e9lation. Ce format \u00e9conomique permet aussi de r\u00e9duire les achats fr\u00e9quents et d\u2019assurer une disponibilit\u00e9 constante du produit.<\/p>\n<p data-start=\"1705\" data-end=\"4119\">Les<strong> ailes de poulet 10kg<\/strong> sont \u00e9galement tr\u00e8s appr\u00e9ci\u00e9es pour leur rapport qualit\u00e9-prix : elles permettent de cuisiner des plats g\u00e9n\u00e9reux, gourmands et conviviaux sans compromettre le budget. Leur cuisson rapide et leur facilit\u00e9 de pr\u00e9paration en font un produit accessible \u00e0 toutes les cuisines, qu\u2019elles soient professionnelles ou m\u00e9nag\u00e8res.<\/p>\n<blockquote>\n<p data-start=\"1705\" data-end=\"4119\">Disponibles dans nos magasins Pro-Inter, les ailes de poulet 10 kg s\u2019inscrivent dans notre volont\u00e9 de proposer des produits de qualit\u00e9, adapt\u00e9s aux recettes du monde et aux besoins de nos clients, qu\u2019ils recherchent des morceaux classiques ou des inspirations culinaires plus originales.<\/p>\n<\/blockquote>\n","protected":false},"excerpt":{"rendered":"<p data-start=\"147\" data-end=\"1564\">Les <strong>ailes de poulet 10 kg<\/strong> constituent un indispensable pour toutes les cuisines recherchant une viande savoureuse, pratique et \u00e9conomique en grand format. Conditionn\u00e9es en carton, elles sont id\u00e9ales pour les restaurateurs, les traiteurs, les familles nombreuses ou toute personne pr\u00e9parant des repas en quantit\u00e9. Les ailes de poulet sont reconnues pour leur chair juteuse, leur peau croustillante apr\u00e8s cuisson et leur capacit\u00e9 \u00e0 absorber parfaitement les marinades, \u00e9pices et sauces du monde. Elles se pr\u00eatent aussi bien aux cuissons au four, au barbecue, \u00e0 la friteuse, au grill ou en mijot\u00e9, ce qui en fait un produit extr\u00eamement polyvalent.<\/p>\n<p data-start=\"147\" data-end=\"1564\">Le format 10 kg permet une gestion optimale des stocks, un gain \u00e9conomique important et une disponibilit\u00e9 imm\u00e9diate pour toutes les pr\u00e9parations. Naturelles, faciles \u00e0 cuisiner et adapt\u00e9es \u00e0 une multitude de recettes traditionnelles ou modernes, les ailes de poulet sont parfaites pour varier les saveurs : marinades orientales, paprika, sauces sucr\u00e9es-sal\u00e9es, piments doux ou forts, herbes aromatiques, miel, cumin ou citron.<\/p>\n<p data-start=\"147\" data-end=\"1564\">Ce produit s\u2019adresse autant aux professionnels de la restauration qu\u2019aux amateurs de cuisine g\u00e9n\u00e9reuse, recherchant un morceau de volaille gourmand et simple \u00e0 travailler. Conditionn\u00e9es en carton pour faciliter le transport et la conservation, les <strong>ailes de poulet 10 kg<\/strong> sont un choix s\u00fbr, polyvalent et \u00e9conomique pour toutes les cuisines.<\/p>\n<blockquote>\n<p data-start=\"1566\" data-end=\"1651\">Disponible dans vos magasins Pro-Inter dans le Grand Est et le Territoire de Belfort.<\/p>\n<\/blockquote>\n","protected":false},"featured_media":73053,"comment_status":"open","ping_status":"closed","template":"","meta":{"footnotes":""},"product_cat":[75,312,526],"product_tag":[736,708,691,721],"class_list":{"0":"post-72994","1":"product","2":"type-product","3":"status-publish","4":"has-post-thumbnail","6":"product_cat-tous-les-produits","7":"product_cat-boucherie-charcuterie","8":"product_cat-volaille-halal","9":"product_tag-ailes","10":"product_tag-boucherie","11":"product_tag-poulet","12":"product_tag-volaille","14":"first","15":"instock","16":"taxable","17":"shipping-taxable","18":"product-type-simple"},"_links":{"self":[{"href":"https:\/\/prointer.fr\/meinau\/wp-json\/wp\/v2\/product\/72994","targetHints":{"allow":["GET"]}}],"collection":[{"href":"https:\/\/prointer.fr\/meinau\/wp-json\/wp\/v2\/product"}],"about":[{"href":"https:\/\/prointer.fr\/meinau\/wp-json\/wp\/v2\/types\/product"}],"replies":[{"embeddable":true,"href":"https:\/\/prointer.fr\/meinau\/wp-json\/wp\/v2\/comments?post=72994"}],"version-history":[{"count":1,"href":"https:\/\/prointer.fr\/meinau\/wp-json\/wp\/v2\/product\/72994\/revisions"}],"predecessor-version":[{"id":73054,"href":"https:\/\/prointer.fr\/meinau\/wp-json\/wp\/v2\/product\/72994\/revisions\/73054"}],"wp:featuredmedia":[{"embeddable":true,"href":"https:\/\/prointer.fr\/meinau\/wp-json\/wp\/v2\/media\/73053"}],"wp:attachment":[{"href":"https:\/\/prointer.fr\/meinau\/wp-json\/wp\/v2\/media?parent=72994"}],"wp:term":[{"taxonomy":"product_cat","embeddable":true,"href":"https:\/\/prointer.fr\/meinau\/wp-json\/wp\/v2\/product_cat?post=72994"},{"taxonomy":"product_tag","embeddable":true,"href":"https:\/\/prointer.fr\/meinau\/wp-json\/wp\/v2\/product_tag?post=72994"}],"curies":[{"name":"wp","href":"https:\/\/api.w.org\/{rel}","templated":true}]}}