{"id":13858,"date":"2025-11-25T15:16:01","date_gmt":"2025-11-25T15:16:01","guid":{"rendered":"https:\/\/viande-halal.fr\/montagne-verte\/?post_type=product&#038;p=13858"},"modified":"2025-11-25T15:16:06","modified_gmt":"2025-11-25T15:16:06","slug":"pepsi-cola-33cl","status":"publish","type":"product","link":"https:\/\/prointer.fr\/montagne-verte\/produit\/pepsi-cola-33cl\/","title":{"rendered":"PEPSI COLA &#8211; 33CL"},"content":{"rendered":"<p>PEPSI COLA &#8211; 33CL est une boisson rafra\u00eechissante embl\u00e9matique de la marque PEPSI. Avec son go\u00fbt unique et sa c\u00e9l\u00e8bre recette secr\u00e8te, cette boisson gazeuse est appr\u00e9ci\u00e9e par des millions de personnes \u00e0 travers le monde. Parfait pour se d\u00e9salt\u00e9rer lors des chaudes journ\u00e9es d&rsquo;\u00e9t\u00e9 ou pour accompagner un repas entre amis, le PEPSI COLA &#8211; 33CL est un incontournable des rayons boissons.nnFabriqu\u00e9 avec des ingr\u00e9dients de qualit\u00e9, ce soda au cola offre une saveur d\u00e9licieusement sucr\u00e9e et p\u00e9tillante qui saura satisfaire les papilles des petits et des grands. Son format pratique de 33cl en fait un choix id\u00e9al pour les pauses fra\u00eecheur \u00e0 tout moment de la journ\u00e9e.nnEn tant que supermarch\u00e9 physique, nous sommes fiers de proposer \u00e0 nos clients des produits de qualit\u00e9 comme le PEPSI COLA &#8211; 33CL de la marque PEPSI. Avec son packaging reconnaissable entre tous, cette boisson saura trouver sa place dans votre panier lors de votre prochaine visite en magasin.nnN&rsquo;h\u00e9sitez pas \u00e0 venir d\u00e9couvrir notre large s\u00e9lection de boissons pour trouver celles qui satisferont vos envies de rafra\u00eechissement. Profitez de l&rsquo;expertise de notre \u00e9quipe pour vous guider dans vos choix et repartez avec vos produits pr\u00e9f\u00e9r\u00e9s pour des moments de plaisir et de convivialit\u00e9.<\/p>\n","protected":false},"excerpt":{"rendered":"<p>D\u00e9couvrez le go\u00fbt rafra\u00eechissant de Pepsi Cola en format 33cl. Une boisson p\u00e9tillante et d\u00e9salt\u00e9rante id\u00e9ale pour accompagner vos repas ou pour vous rafra\u00eechir \u00e0 tout moment de la journ\u00e9e. Profitez de l&rsquo;authentique saveur de Pepsi.<\/p>\n","protected":false},"featured_media":13139,"comment_status":"closed","ping_status":"closed","template":"","meta":{"footnotes":""},"product_cat":[76,75],"product_tag":[117],"class_list":{"0":"post-13858","1":"product","2":"type-product","3":"status-publish","4":"has-post-thumbnail","6":"product_brand-pepsi","7":"product_cat-boissons","8":"product_cat-tous-les-produits","9":"product_tag-pepsi","10":"product_shipping_class-top-produits","12":"first","13":"instock","14":"taxable","15":"shipping-taxable","16":"purchasable","17":"product-type-simple"},"_links":{"self":[{"href":"https:\/\/prointer.fr\/montagne-verte\/wp-json\/wp\/v2\/product\/13858","targetHints":{"allow":["GET"]}}],"collection":[{"href":"https:\/\/prointer.fr\/montagne-verte\/wp-json\/wp\/v2\/product"}],"about":[{"href":"https:\/\/prointer.fr\/montagne-verte\/wp-json\/wp\/v2\/types\/product"}],"replies":[{"embeddable":true,"href":"https:\/\/prointer.fr\/montagne-verte\/wp-json\/wp\/v2\/comments?post=13858"}],"version-history":[{"count":1,"href":"https:\/\/prointer.fr\/montagne-verte\/wp-json\/wp\/v2\/product\/13858\/revisions"}],"predecessor-version":[{"id":13891,"href":"https:\/\/prointer.fr\/montagne-verte\/wp-json\/wp\/v2\/product\/13858\/revisions\/13891"}],"wp:featuredmedia":[{"embeddable":true,"href":"https:\/\/prointer.fr\/montagne-verte\/wp-json\/wp\/v2\/media\/13139"}],"wp:attachment":[{"href":"https:\/\/prointer.fr\/montagne-verte\/wp-json\/wp\/v2\/media?parent=13858"}],"wp:term":[{"taxonomy":"product_cat","embeddable":true,"href":"https:\/\/prointer.fr\/montagne-verte\/wp-json\/wp\/v2\/product_cat?post=13858"},{"taxonomy":"product_tag","embeddable":true,"href":"https:\/\/prointer.fr\/montagne-verte\/wp-json\/wp\/v2\/product_tag?post=13858"}],"curies":[{"name":"wp","href":"https:\/\/api.w.org\/{rel}","templated":true}]}}