{"id":13867,"date":"2025-11-25T15:16:02","date_gmt":"2025-11-25T15:16:02","guid":{"rendered":"https:\/\/viande-halal.fr\/montagne-verte\/?post_type=product&#038;p=13867"},"modified":"2025-11-25T15:16:11","modified_gmt":"2025-11-25T15:16:11","slug":"limonade-gazozu-zafer-200ml","status":"publish","type":"product","link":"https:\/\/prointer.fr\/montagne-verte\/produit\/limonade-gazozu-zafer-200ml\/","title":{"rendered":"LIMONADE GAZOZU ZAFER &#8211; 200ML"},"content":{"rendered":"<p>D\u00e9couvrez la d\u00e9licieuse limonade Gazozu Zafer de 200ml, une boisson rafra\u00eechissante et p\u00e9tillante de la c\u00e9l\u00e8bre marque Zafer. Parfaite pour vous d\u00e9salt\u00e9rer lors des journ\u00e9es chaudes ou pour accompagner vos repas, cette limonade est un v\u00e9ritable must-have pour tous les amateurs de boissons gazeuses de qualit\u00e9.nnFabriqu\u00e9e avec des ingr\u00e9dients soigneusement s\u00e9lectionn\u00e9s, la limonade Gazozu Zafer saura ravir vos papilles avec son go\u00fbt unique et rafra\u00eechissant. Sa bouteille pratique de 200ml vous permettra de l&#8217;emporter partout avec vous, que ce soit en pique-nique, au bureau ou lors de vos d\u00e9placements.nnCette boisson est disponible dans notre supermarch\u00e9 physique, o\u00f9 vous pourrez retrouver un large choix de produits de qualit\u00e9 pour satisfaire toutes vos envies. N&rsquo;h\u00e9sitez pas \u00e0 venir d\u00e9couvrir la limonade Gazozu Zafer et \u00e0 profiter de son go\u00fbt inimitable \u00e0 tout moment de la journ\u00e9e.nnOffrez-vous un moment de fra\u00eecheur et de plaisir avec la limonade Gazozu Zafer de 200ml, une boisson p\u00e9tillante et savoureuse \u00e0 d\u00e9guster sans mod\u00e9ration. Commandez-la d\u00e8s maintenant dans notre supermarch\u00e9 et laissez-vous s\u00e9duire par sa qualit\u00e9 irr\u00e9prochable.<\/p>\n","protected":false},"excerpt":{"rendered":"<p>D\u00e9couvrez la d\u00e9licieuse limonade gaz\u00e9ifi\u00e9e Zafer en bouteille de 200ml. Rafra\u00eechissante et p\u00e9tillante, cette boisson saura \u00e9gayer vos pauses. Disponible en ligne, profitez de son go\u00fbt unique d\u00e8s maintenant.<\/p>\n","protected":false},"featured_media":13168,"comment_status":"closed","ping_status":"closed","template":"","meta":{"footnotes":""},"product_cat":[76,75],"product_tag":[122],"class_list":{"0":"post-13867","1":"product","2":"type-product","3":"status-publish","4":"has-post-thumbnail","6":"product_brand-zafer","7":"product_cat-boissons","8":"product_cat-tous-les-produits","9":"product_tag-zafer","10":"product_shipping_class-top-produits","12":"first","13":"instock","14":"taxable","15":"shipping-taxable","16":"purchasable","17":"product-type-simple"},"_links":{"self":[{"href":"https:\/\/prointer.fr\/montagne-verte\/wp-json\/wp\/v2\/product\/13867","targetHints":{"allow":["GET"]}}],"collection":[{"href":"https:\/\/prointer.fr\/montagne-verte\/wp-json\/wp\/v2\/product"}],"about":[{"href":"https:\/\/prointer.fr\/montagne-verte\/wp-json\/wp\/v2\/types\/product"}],"replies":[{"embeddable":true,"href":"https:\/\/prointer.fr\/montagne-verte\/wp-json\/wp\/v2\/comments?post=13867"}],"version-history":[{"count":1,"href":"https:\/\/prointer.fr\/montagne-verte\/wp-json\/wp\/v2\/product\/13867\/revisions"}],"predecessor-version":[{"id":13911,"href":"https:\/\/prointer.fr\/montagne-verte\/wp-json\/wp\/v2\/product\/13867\/revisions\/13911"}],"wp:featuredmedia":[{"embeddable":true,"href":"https:\/\/prointer.fr\/montagne-verte\/wp-json\/wp\/v2\/media\/13168"}],"wp:attachment":[{"href":"https:\/\/prointer.fr\/montagne-verte\/wp-json\/wp\/v2\/media?parent=13867"}],"wp:term":[{"taxonomy":"product_cat","embeddable":true,"href":"https:\/\/prointer.fr\/montagne-verte\/wp-json\/wp\/v2\/product_cat?post=13867"},{"taxonomy":"product_tag","embeddable":true,"href":"https:\/\/prointer.fr\/montagne-verte\/wp-json\/wp\/v2\/product_tag?post=13867"}],"curies":[{"name":"wp","href":"https:\/\/api.w.org\/{rel}","templated":true}]}}