{"id":14089,"date":"2025-11-25T15:16:39","date_gmt":"2025-11-25T15:16:39","guid":{"rendered":"https:\/\/viande-halal.fr\/montagne-verte\/?post_type=product&#038;p=14089"},"modified":"2025-11-25T15:16:51","modified_gmt":"2025-11-25T15:16:51","slug":"nouille-jaune-buldak-140g","status":"publish","type":"product","link":"https:\/\/prointer.fr\/montagne-verte\/produit\/nouille-jaune-buldak-140g\/","title":{"rendered":"NOUILLE JAUNE BULDAK- 140G"},"content":{"rendered":"<p>D\u00e9couvrez les d\u00e9licieuses nouilles jaunes Buldak de la marque Samyang, un incontournable de l&rsquo;\u00e9picerie sal\u00e9e ! Ces nouilles \u00e9pic\u00e9es sauront ravir les amateurs de sensations fortes et de saveurs authentiques. Avec leur assaisonnement relev\u00e9 et leur texture unique, elles sont parfaites pour un repas aussi rapide que savoureux.nnFabriqu\u00e9es \u00e0 partir d&rsquo;ingr\u00e9dients de qualit\u00e9, les nouilles jaunes Buldak de Samyang sont un choix id\u00e9al pour les repas du quotidien ou pour surprendre vos invit\u00e9s lors d&rsquo;un d\u00eener entre amis. Leur format de 140g vous permet de les emporter partout avec vous, que ce soit au bureau, en pique-nique ou en voyage.nnQue vous soyez novice ou habitu\u00e9 des plats \u00e9pic\u00e9s, laissez-vous tenter par ces nouilles jaunes Buldak qui sauront satisfaire vos papilles et vous offrir un v\u00e9ritable moment de plaisir gustatif. Ne ratez pas l&rsquo;occasion de go\u00fbter \u00e0 cette sp\u00e9cialit\u00e9 de la cuisine cor\u00e9enne, disponible d\u00e8s maintenant dans votre supermarch\u00e9 pr\u00e9f\u00e9r\u00e9.nnN&rsquo;h\u00e9sitez plus et ajoutez les nouilles jaunes Buldak de Samyang \u00e0 votre panier pour une exp\u00e9rience culinaire inoubliable !<\/p>\n","protected":false},"excerpt":{"rendered":"<p>D\u00e9couvrez les nouilles jaunes \u00e9pic\u00e9es Buldak de la marque Samyang. Savourez ce plat cor\u00e9en authentique de 140g. Id\u00e9al pour les amateurs de cuisine asiatique \u00e9pic\u00e9e. Commandez d\u00e8s maintenant !<\/p>\n","protected":false},"featured_media":14158,"comment_status":"closed","ping_status":"closed","template":"","meta":{"footnotes":""},"product_cat":[104,75],"product_tag":[141],"class_list":{"0":"post-14089","1":"product","2":"type-product","3":"status-publish","4":"has-post-thumbnail","6":"product_brand-samyang","7":"product_cat-epicerie-salee","8":"product_cat-tous-les-produits","9":"product_tag-samyang","10":"product_shipping_class-top-produits","12":"first","13":"instock","14":"taxable","15":"shipping-taxable","16":"purchasable","17":"product-type-simple"},"_links":{"self":[{"href":"https:\/\/prointer.fr\/montagne-verte\/wp-json\/wp\/v2\/product\/14089","targetHints":{"allow":["GET"]}}],"collection":[{"href":"https:\/\/prointer.fr\/montagne-verte\/wp-json\/wp\/v2\/product"}],"about":[{"href":"https:\/\/prointer.fr\/montagne-verte\/wp-json\/wp\/v2\/types\/product"}],"replies":[{"embeddable":true,"href":"https:\/\/prointer.fr\/montagne-verte\/wp-json\/wp\/v2\/comments?post=14089"}],"version-history":[{"count":1,"href":"https:\/\/prointer.fr\/montagne-verte\/wp-json\/wp\/v2\/product\/14089\/revisions"}],"predecessor-version":[{"id":14159,"href":"https:\/\/prointer.fr\/montagne-verte\/wp-json\/wp\/v2\/product\/14089\/revisions\/14159"}],"wp:featuredmedia":[{"embeddable":true,"href":"https:\/\/prointer.fr\/montagne-verte\/wp-json\/wp\/v2\/media\/14158"}],"wp:attachment":[{"href":"https:\/\/prointer.fr\/montagne-verte\/wp-json\/wp\/v2\/media?parent=14089"}],"wp:term":[{"taxonomy":"product_cat","embeddable":true,"href":"https:\/\/prointer.fr\/montagne-verte\/wp-json\/wp\/v2\/product_cat?post=14089"},{"taxonomy":"product_tag","embeddable":true,"href":"https:\/\/prointer.fr\/montagne-verte\/wp-json\/wp\/v2\/product_tag?post=14089"}],"curies":[{"name":"wp","href":"https:\/\/api.w.org\/{rel}","templated":true}]}}