{"id":14108,"date":"2025-11-25T15:16:40","date_gmt":"2025-11-25T15:16:40","guid":{"rendered":"https:\/\/viande-halal.fr\/montagne-verte\/?post_type=product&#038;p=14108"},"modified":"2025-11-25T15:18:04","modified_gmt":"2025-11-25T15:18:04","slug":"pates-dirsek-ankara-500g","status":"publish","type":"product","link":"https:\/\/prointer.fr\/montagne-verte\/produit\/pates-dirsek-ankara-500g\/","title":{"rendered":"PATES DIRSEK ANKARA &#8211; 500G"},"content":{"rendered":"<p>D\u00e9couvrez les d\u00e9licieuses p\u00e2tes Dirsek Ankara de la marque Ankara, un incontournable de l&rsquo;\u00e9picerie sal\u00e9e. Avec leur format de 500g, ces p\u00e2tes sont id\u00e9ales pour accompagner vos plats pr\u00e9f\u00e9r\u00e9s et satisfaire toute la famille. Fabriqu\u00e9es avec des ingr\u00e9dients de qualit\u00e9, elles sont riches en saveur et en texture, pour une exp\u00e9rience gustative unique \u00e0 chaque bouch\u00e9e.nnLes p\u00e2tes Dirsek Ankara sont faciles et rapides \u00e0 pr\u00e9parer, parfaites pour les repas du quotidien ou les occasions sp\u00e9ciales. Leur forme originale et leur texture al dente en font un choix parfait pour des recettes vari\u00e9es, des plus simples aux plus \u00e9labor\u00e9es. Ajoutez-y votre sauce pr\u00e9f\u00e9r\u00e9e, des l\u00e9gumes frais ou de la viande pour cr\u00e9er des plats savoureux et \u00e9quilibr\u00e9s.nnSur notre site, retrouvez ces p\u00e2tes Dirsek Ankara de qualit\u00e9 sup\u00e9rieure et ajoutez-les \u00e0 votre panier pour les d\u00e9guster chez vous. Profitez de la praticit\u00e9 de la commande en ligne et du retrait en magasin pour faire vos courses en toute tranquillit\u00e9. Offrez-vous le meilleur de l&rsquo;\u00e9picerie sal\u00e9e avec les p\u00e2tes Dirsek Ankara de la marque Ankara. Commandez d\u00e8s maintenant et r\u00e9galez-vous !<\/p>\n","protected":false},"excerpt":{"rendered":"<p>D\u00e9couvrez les d\u00e9licieuses p\u00e2tes Dirsek Ankara de 500g, la marque Ankara propose des p\u00e2tes de qualit\u00e9 sup\u00e9rieure, id\u00e9ales pour un repas savoureux et facile \u00e0 pr\u00e9parer. Profitez-en d\u00e8s maintenant !<\/p>\n","protected":false},"featured_media":14494,"comment_status":"closed","ping_status":"closed","template":"","meta":{"footnotes":""},"product_cat":[104,75],"product_tag":[154],"class_list":{"0":"post-14108","1":"product","2":"type-product","3":"status-publish","4":"has-post-thumbnail","6":"product_brand-ankara","7":"product_cat-epicerie-salee","8":"product_cat-tous-les-produits","9":"product_tag-ankara","10":"product_shipping_class-top-produits","12":"first","13":"instock","14":"taxable","15":"shipping-taxable","16":"purchasable","17":"product-type-simple"},"_links":{"self":[{"href":"https:\/\/prointer.fr\/montagne-verte\/wp-json\/wp\/v2\/product\/14108","targetHints":{"allow":["GET"]}}],"collection":[{"href":"https:\/\/prointer.fr\/montagne-verte\/wp-json\/wp\/v2\/product"}],"about":[{"href":"https:\/\/prointer.fr\/montagne-verte\/wp-json\/wp\/v2\/types\/product"}],"replies":[{"embeddable":true,"href":"https:\/\/prointer.fr\/montagne-verte\/wp-json\/wp\/v2\/comments?post=14108"}],"version-history":[{"count":1,"href":"https:\/\/prointer.fr\/montagne-verte\/wp-json\/wp\/v2\/product\/14108\/revisions"}],"predecessor-version":[{"id":14495,"href":"https:\/\/prointer.fr\/montagne-verte\/wp-json\/wp\/v2\/product\/14108\/revisions\/14495"}],"wp:featuredmedia":[{"embeddable":true,"href":"https:\/\/prointer.fr\/montagne-verte\/wp-json\/wp\/v2\/media\/14494"}],"wp:attachment":[{"href":"https:\/\/prointer.fr\/montagne-verte\/wp-json\/wp\/v2\/media?parent=14108"}],"wp:term":[{"taxonomy":"product_cat","embeddable":true,"href":"https:\/\/prointer.fr\/montagne-verte\/wp-json\/wp\/v2\/product_cat?post=14108"},{"taxonomy":"product_tag","embeddable":true,"href":"https:\/\/prointer.fr\/montagne-verte\/wp-json\/wp\/v2\/product_tag?post=14108"}],"curies":[{"name":"wp","href":"https:\/\/api.w.org\/{rel}","templated":true}]}}