{"id":14115,"date":"2025-11-25T15:16:40","date_gmt":"2025-11-25T15:16:40","guid":{"rendered":"https:\/\/viande-halal.fr\/montagne-verte\/?post_type=product&#038;p=14115"},"modified":"2025-11-25T15:16:50","modified_gmt":"2025-11-25T15:16:50","slug":"snack-mini-salami-suntat-25g","status":"publish","type":"product","link":"https:\/\/prointer.fr\/montagne-verte\/produit\/snack-mini-salami-suntat-25g\/","title":{"rendered":"SNACK MINI SALAMI SUNTAT &#8211; 25G"},"content":{"rendered":"<p>D\u00e9couvrez les d\u00e9licieux Snack Mini Salami Suntat de 25g, une savoureuse collation \u00e0 emporter partout avec vous. Fabriqu\u00e9s par la c\u00e9l\u00e8bre marque Suntat, ces mini saucissons sont parfaits pour combler une petite faim \u00e0 tout moment de la journ\u00e9e.nnLes Snack Mini Salami Suntat sont \u00e9labor\u00e9s \u00e0 partir d&rsquo;ingr\u00e9dients de qualit\u00e9, garantissant un go\u00fbt authentique et une texture fondante en bouche. Leur format pratique vous permet de les glisser facilement dans votre sac pour les d\u00e9guster lors de vos d\u00e9placements, au bureau ou lors de vos sorties en plein air.nnQue vous soyez amateur de charcuterie ou simplement \u00e0 la recherche d&rsquo;une collation gourmande, ces Snack Mini Salami Suntat sauront vous s\u00e9duire par leur saveur unique et leur praticit\u00e9. Leur emballage individuel pr\u00e9serve leur fra\u00eecheur et leur qualit\u00e9, pour une exp\u00e9rience gustative optimale \u00e0 chaque bouch\u00e9e.nnAjoutez les Snack Mini Salami Suntat \u00e0 votre panier lors de votre prochaine visite dans notre supermarch\u00e9, et laissez-vous tenter par cette d\u00e9licieuse alternative pour satisfaire vos envies de charcuterie. N&rsquo;h\u00e9sitez pas \u00e0 consulter notre rayon charcuterie pour d\u00e9couvrir d&rsquo;autres produits de qualit\u00e9 qui raviront vos papilles.<\/p>\n","protected":false},"excerpt":{"rendered":"<p>D\u00e9couvrez les d\u00e9licieux snacks mini salami Suntat de 25g pour une pause gourmande et savoureuse. Parfait pour les petites faims, ils sont pratiques et savoureux. Profitez-en d\u00e8s maintenant !<\/p>\n","protected":false},"featured_media":13320,"comment_status":"closed","ping_status":"closed","template":"","meta":{"footnotes":""},"product_cat":[314,638,75],"product_tag":[94],"class_list":{"0":"post-14115","1":"product","2":"type-product","3":"status-publish","4":"has-post-thumbnail","6":"product_brand-suntat","7":"product_cat-produits-frais","8":"product_cat-rayon-charcuterie","9":"product_cat-tous-les-produits","10":"product_tag-suntat","11":"product_shipping_class-top-produits","13":"first","14":"instock","15":"taxable","16":"shipping-taxable","17":"purchasable","18":"product-type-simple"},"_links":{"self":[{"href":"https:\/\/prointer.fr\/montagne-verte\/wp-json\/wp\/v2\/product\/14115","targetHints":{"allow":["GET"]}}],"collection":[{"href":"https:\/\/prointer.fr\/montagne-verte\/wp-json\/wp\/v2\/product"}],"about":[{"href":"https:\/\/prointer.fr\/montagne-verte\/wp-json\/wp\/v2\/types\/product"}],"replies":[{"embeddable":true,"href":"https:\/\/prointer.fr\/montagne-verte\/wp-json\/wp\/v2\/comments?post=14115"}],"version-history":[{"count":1,"href":"https:\/\/prointer.fr\/montagne-verte\/wp-json\/wp\/v2\/product\/14115\/revisions"}],"predecessor-version":[{"id":14155,"href":"https:\/\/prointer.fr\/montagne-verte\/wp-json\/wp\/v2\/product\/14115\/revisions\/14155"}],"wp:featuredmedia":[{"embeddable":true,"href":"https:\/\/prointer.fr\/montagne-verte\/wp-json\/wp\/v2\/media\/13320"}],"wp:attachment":[{"href":"https:\/\/prointer.fr\/montagne-verte\/wp-json\/wp\/v2\/media?parent=14115"}],"wp:term":[{"taxonomy":"product_cat","embeddable":true,"href":"https:\/\/prointer.fr\/montagne-verte\/wp-json\/wp\/v2\/product_cat?post=14115"},{"taxonomy":"product_tag","embeddable":true,"href":"https:\/\/prointer.fr\/montagne-verte\/wp-json\/wp\/v2\/product_tag?post=14115"}],"curies":[{"name":"wp","href":"https:\/\/api.w.org\/{rel}","templated":true}]}}