{"id":14452,"date":"2025-11-25T16:03:07","date_gmt":"2025-11-25T16:03:07","guid":{"rendered":"https:\/\/viande-halal.fr\/mutzig\/?post_type=product&#038;p=14452"},"modified":"2025-11-25T16:03:10","modified_gmt":"2025-11-25T16:03:10","slug":"coca-cola-33cl","status":"publish","type":"product","link":"https:\/\/prointer.fr\/mutzig\/produit\/coca-cola-33cl\/","title":{"rendered":"COCA COLA &#8211; 33CL"},"content":{"rendered":"<p>D\u00e9couvrez la c\u00e9l\u00e8bre boisson rafra\u00eechissante COCA COLA en format pratique de 33cl. Cette boisson embl\u00e9matique de la marque COCA COLA est un incontournable des rayons boissons de votre supermarch\u00e9. Savourez le go\u00fbt unique et d\u00e9salt\u00e9rant de cette boisson p\u00e9tillante au cola, id\u00e9ale pour accompagner vos repas ou simplement pour vous rafra\u00eechir \u00e0 tout moment de la journ\u00e9e.nnFabriqu\u00e9 \u00e0 partir d&rsquo;ingr\u00e9dients de qualit\u00e9, le COCA COLA est une boisson sans alcool qui plaira \u00e0 toute la famille. Son format de 33cl est parfait pour emporter partout avec vous, que ce soit au travail, en balade ou lors de vos sorties en plein air. Avec son packaging reconnaissable entre mille, le COCA COLA est un produit iconique qui saura satisfaire vos envies de boisson p\u00e9tillante et sucr\u00e9e.nnOffrez-vous un moment de plaisir en d\u00e9gustant une canette de COCA COLA bien fra\u00eeche. N&rsquo;attendez plus pour vous procurer ce produit phare de la cat\u00e9gorie Boissons dans votre supermarch\u00e9 pr\u00e9f\u00e9r\u00e9. Profitez de son go\u00fbt incomparable et de sa renomm\u00e9e mondiale pour vous faire plaisir \u00e0 tout moment.<\/p>\n","protected":false},"excerpt":{"rendered":"<p>D\u00e9couvrez le c\u00e9l\u00e8bre soda COCA COLA en format pratique de 33cl. Rafra\u00eechissant et d\u00e9licieusement p\u00e9tillant, ce classique de la boisson gazeuse saura satisfaire vos envies de douceur.<\/p>\n","protected":false},"featured_media":13476,"comment_status":"open","ping_status":"closed","template":"","meta":{"footnotes":""},"product_cat":[76,75],"product_tag":[89],"class_list":{"0":"post-14452","1":"product","2":"type-product","3":"status-publish","4":"has-post-thumbnail","6":"product_brand-coca-cola","7":"product_cat-boissons","8":"product_cat-tous-les-produits","9":"product_tag-coca-cola","10":"product_shipping_class-top-produits","12":"first","13":"instock","14":"taxable","15":"shipping-taxable","16":"purchasable","17":"product-type-simple"},"_links":{"self":[{"href":"https:\/\/prointer.fr\/mutzig\/wp-json\/wp\/v2\/product\/14452","targetHints":{"allow":["GET"]}}],"collection":[{"href":"https:\/\/prointer.fr\/mutzig\/wp-json\/wp\/v2\/product"}],"about":[{"href":"https:\/\/prointer.fr\/mutzig\/wp-json\/wp\/v2\/types\/product"}],"replies":[{"embeddable":true,"href":"https:\/\/prointer.fr\/mutzig\/wp-json\/wp\/v2\/comments?post=14452"}],"version-history":[{"count":1,"href":"https:\/\/prointer.fr\/mutzig\/wp-json\/wp\/v2\/product\/14452\/revisions"}],"predecessor-version":[{"id":14523,"href":"https:\/\/prointer.fr\/mutzig\/wp-json\/wp\/v2\/product\/14452\/revisions\/14523"}],"wp:featuredmedia":[{"embeddable":true,"href":"https:\/\/prointer.fr\/mutzig\/wp-json\/wp\/v2\/media\/13476"}],"wp:attachment":[{"href":"https:\/\/prointer.fr\/mutzig\/wp-json\/wp\/v2\/media?parent=14452"}],"wp:term":[{"taxonomy":"product_cat","embeddable":true,"href":"https:\/\/prointer.fr\/mutzig\/wp-json\/wp\/v2\/product_cat?post=14452"},{"taxonomy":"product_tag","embeddable":true,"href":"https:\/\/prointer.fr\/mutzig\/wp-json\/wp\/v2\/product_tag?post=14452"}],"curies":[{"name":"wp","href":"https:\/\/api.w.org\/{rel}","templated":true}]}}