{"id":14479,"date":"2025-11-25T16:03:08","date_gmt":"2025-11-25T16:03:08","guid":{"rendered":"https:\/\/viande-halal.fr\/mutzig\/?post_type=product&#038;p=14479"},"modified":"2025-11-25T16:03:58","modified_gmt":"2025-11-25T16:03:58","slug":"eau-petillante-grenade-beypazari","status":"publish","type":"product","link":"https:\/\/prointer.fr\/mutzig\/produit\/eau-petillante-grenade-beypazari\/","title":{"rendered":"EAU PETILLANTE GRENADE BEYPAZARI  &#8211;"},"content":{"rendered":"<p>D\u00e9couvrez l&rsquo;eau p\u00e9tillante grenade BeyPazari, une boisson rafra\u00eechissante et exotique \u00e0 la fois. Fabriqu\u00e9e par la c\u00e9l\u00e8bre marque BeyPazari, cette eau gazeuse est id\u00e9ale pour vous d\u00e9salt\u00e9rer en toute occasion.nnLa grenade, fruit aux nombreuses vertus pour la sant\u00e9, apporte une touche de douceur et d&rsquo;acidit\u00e9 \u00e0 cette boisson p\u00e9tillante. Son go\u00fbt unique et savoureux en fait un choix parfait pour accompagner vos repas ou simplement pour vous rafra\u00eechir lors des chaudes journ\u00e9es d&rsquo;\u00e9t\u00e9.nnLa marque BeyPazari est reconnue pour la qualit\u00e9 de ses produits et son engagement envers le bien-\u00eatre de ses consommateurs. L&rsquo;eau p\u00e9tillante grenade BeyPazari ne fait pas exception \u00e0 la r\u00e8gle, avec des ingr\u00e9dients s\u00e9lectionn\u00e9s avec soin et une fabrication respectueuse de l&rsquo;environnement.nnDisponible en bouteille de 1L, vous pourrez facilement emporter votre eau p\u00e9tillante grenade BeyPazari partout avec vous. N&rsquo;h\u00e9sitez plus et offrez-vous un moment de fra\u00eecheur et de plaisir avec cette d\u00e9licieuse boisson aux saveurs exotiques.nnRetrouvez d\u00e8s maintenant l&rsquo;eau p\u00e9tillante grenade BeyPazari dans votre supermarch\u00e9 pr\u00e9f\u00e9r\u00e9 et laissez-vous s\u00e9duire par son go\u00fbt unique et envo\u00fbtant. Une exp\u00e9rience gustative \u00e0 ne pas manquer !<\/p>\n","protected":false},"excerpt":{"rendered":"<p>D\u00e9couvrez l&rsquo;eau p\u00e9tillante grenade de qualit\u00e9 sup\u00e9rieure de la marque Beypazari. Rafra\u00eechissante et d\u00e9licieusement fruit\u00e9e, cette boisson p\u00e9tillante saura vous s\u00e9duire. Essayez-la d\u00e8s maintenant et vivez une exp\u00e9rience gustative unique.<\/p>\n","protected":false},"featured_media":14888,"comment_status":"closed","ping_status":"closed","template":"","meta":{"footnotes":""},"product_cat":[76,75],"product_tag":[95],"class_list":{"0":"post-14479","1":"product","2":"type-product","3":"status-publish","4":"has-post-thumbnail","6":"product_brand-beypazari","7":"product_cat-boissons","8":"product_cat-tous-les-produits","9":"product_tag-beypazari","10":"product_shipping_class-top-produits","12":"first","13":"instock","14":"taxable","15":"shipping-taxable","16":"purchasable","17":"product-type-simple"},"_links":{"self":[{"href":"https:\/\/prointer.fr\/mutzig\/wp-json\/wp\/v2\/product\/14479","targetHints":{"allow":["GET"]}}],"collection":[{"href":"https:\/\/prointer.fr\/mutzig\/wp-json\/wp\/v2\/product"}],"about":[{"href":"https:\/\/prointer.fr\/mutzig\/wp-json\/wp\/v2\/types\/product"}],"replies":[{"embeddable":true,"href":"https:\/\/prointer.fr\/mutzig\/wp-json\/wp\/v2\/comments?post=14479"}],"version-history":[{"count":1,"href":"https:\/\/prointer.fr\/mutzig\/wp-json\/wp\/v2\/product\/14479\/revisions"}],"predecessor-version":[{"id":14889,"href":"https:\/\/prointer.fr\/mutzig\/wp-json\/wp\/v2\/product\/14479\/revisions\/14889"}],"wp:featuredmedia":[{"embeddable":true,"href":"https:\/\/prointer.fr\/mutzig\/wp-json\/wp\/v2\/media\/14888"}],"wp:attachment":[{"href":"https:\/\/prointer.fr\/mutzig\/wp-json\/wp\/v2\/media?parent=14479"}],"wp:term":[{"taxonomy":"product_cat","embeddable":true,"href":"https:\/\/prointer.fr\/mutzig\/wp-json\/wp\/v2\/product_cat?post=14479"},{"taxonomy":"product_tag","embeddable":true,"href":"https:\/\/prointer.fr\/mutzig\/wp-json\/wp\/v2\/product_tag?post=14479"}],"curies":[{"name":"wp","href":"https:\/\/api.w.org\/{rel}","templated":true}]}}