{"id":14646,"date":"2025-11-25T16:03:22","date_gmt":"2025-11-25T16:03:22","guid":{"rendered":"https:\/\/viande-halal.fr\/mutzig\/?post_type=product&#038;p=14646"},"modified":"2025-11-25T16:03:26","modified_gmt":"2025-11-25T16:03:26","slug":"cordon-de-volaille-id-halal-1kg","status":"publish","type":"product","link":"https:\/\/prointer.fr\/mutzig\/produit\/cordon-de-volaille-id-halal-1kg\/","title":{"rendered":"CORDON DE VOLAILLE ID HALAL &#8211; 1KG"},"content":{"rendered":"<p>Le Cordon de Volaille ID Halal est un produit de qualit\u00e9 sup\u00e9rieure de la marque ID Halal, sp\u00e9cialis\u00e9e dans la boucherie halal. Ce d\u00e9licieux cordon de volaille est parfait pour les amateurs de viande halal souhaitant pr\u00e9parer des plats savoureux et authentiques. Avec son poids de 1kg, il conviendra parfaitement pour nourrir toute la famille lors d&rsquo;un repas convivial.nnCe produit est certifi\u00e9 halal, garantissant ainsi le respect des normes religieuses et alimentaires pour les consommateurs musulmans. Vous pourrez donc cuisiner en toute confiance et s\u00e9r\u00e9nit\u00e9, en sachant que vous respectez vos convictions et vos valeurs.nnLe Cordon de Volaille ID Halal est non seulement savoureux, mais il est \u00e9galement pratique \u00e0 utiliser. Vous pouvez le pr\u00e9parer de diff\u00e9rentes mani\u00e8res, que ce soit au four, \u00e0 la po\u00eale ou m\u00eame au barbecue. Sa texture tendre et juteuse comblera les papilles des plus exigeants.nnN&rsquo;h\u00e9sitez pas \u00e0 vous procurer ce produit de qualit\u00e9 sup\u00e9rieure pour ajouter une touche d&rsquo;originalit\u00e9 et de saveur \u00e0 vos plats. Disponible en exclusivit\u00e9 dans notre supermarch\u00e9 physique, le Cordon de Volaille ID Halal est un incontournable pour les amateurs de viande halal. Commandez-le d\u00e8s maintenant et r\u00e9galez-vous en toute simplicit\u00e9 !<\/p>\n","protected":false},"excerpt":{"rendered":"<p>Le cordon de volaille ID Halal est un produit de qualit\u00e9 sup\u00e9rieure, id\u00e9al pour pr\u00e9parer des plats d\u00e9licieux et halal. Un kilogramme de viande tendre et savoureuse pour satisfaire tous les palais.<\/p>\n","protected":false},"featured_media":13709,"comment_status":"closed","ping_status":"closed","template":"","meta":{"footnotes":""},"product_cat":[639,78,75],"product_tag":[135],"class_list":{"0":"post-14646","1":"product","2":"type-product","3":"status-publish","4":"has-post-thumbnail","6":"product_brand-id-halal","7":"product_cat-nuggets","8":"product_cat-pane","9":"product_cat-tous-les-produits","10":"product_tag-id-halal","11":"product_shipping_class-top-produits","13":"first","14":"instock","15":"taxable","16":"shipping-taxable","17":"purchasable","18":"product-type-simple"},"_links":{"self":[{"href":"https:\/\/prointer.fr\/mutzig\/wp-json\/wp\/v2\/product\/14646","targetHints":{"allow":["GET"]}}],"collection":[{"href":"https:\/\/prointer.fr\/mutzig\/wp-json\/wp\/v2\/product"}],"about":[{"href":"https:\/\/prointer.fr\/mutzig\/wp-json\/wp\/v2\/types\/product"}],"replies":[{"embeddable":true,"href":"https:\/\/prointer.fr\/mutzig\/wp-json\/wp\/v2\/comments?post=14646"}],"version-history":[{"count":1,"href":"https:\/\/prointer.fr\/mutzig\/wp-json\/wp\/v2\/product\/14646\/revisions"}],"predecessor-version":[{"id":14678,"href":"https:\/\/prointer.fr\/mutzig\/wp-json\/wp\/v2\/product\/14646\/revisions\/14678"}],"wp:featuredmedia":[{"embeddable":true,"href":"https:\/\/prointer.fr\/mutzig\/wp-json\/wp\/v2\/media\/13709"}],"wp:attachment":[{"href":"https:\/\/prointer.fr\/mutzig\/wp-json\/wp\/v2\/media?parent=14646"}],"wp:term":[{"taxonomy":"product_cat","embeddable":true,"href":"https:\/\/prointer.fr\/mutzig\/wp-json\/wp\/v2\/product_cat?post=14646"},{"taxonomy":"product_tag","embeddable":true,"href":"https:\/\/prointer.fr\/mutzig\/wp-json\/wp\/v2\/product_tag?post=14646"}],"curies":[{"name":"wp","href":"https:\/\/api.w.org\/{rel}","templated":true}]}}