{"id":14686,"date":"2025-11-25T16:03:27","date_gmt":"2025-11-25T16:03:27","guid":{"rendered":"https:\/\/viande-halal.fr\/mutzig\/?post_type=product&#038;p=14686"},"modified":"2025-11-25T16:04:09","modified_gmt":"2025-11-25T16:04:09","slug":"yum-yum-poulet-5x60g","status":"publish","type":"product","link":"https:\/\/prointer.fr\/mutzig\/produit\/yum-yum-poulet-5x60g\/","title":{"rendered":"YUM YUM POULET &#8211; 5X60G"},"content":{"rendered":"<p><span data-sheets-root=\"1\">D\u00e9couvrez le d\u00e9licieux YUM YUM POULET &#8211; 5X60G, un produit incontournable de la marque YUM YUM dans la cat\u00e9gorie \u00c9picerie sal\u00e9e. Ces d\u00e9licieuses nouilles instantan\u00e9es au go\u00fbt savoureux de poulet sont parfaites pour combler une petite faim ou pour un repas rapide et d\u00e9licieux. Chaque sachet contient 5 portions de 60g, id\u00e9al pour une utilisation pratique et \u00e9conomique.<\/span><br \/>\nn<br \/>\nnLes nouilles YUM YUM POULET sont faciles et rapides \u00e0 pr\u00e9parer, il vous suffit de les faire cuire dans de l&rsquo;eau bouillante pendant quelques minutes avant d&rsquo;y ajouter l&rsquo;assaisonnement pour obtenir un plat d\u00e9licieux en un rien de temps. Que ce soit pour un d\u00e9jeuner au bureau, un d\u00eener improvis\u00e9 ou une collation gourmande, ces nouilles instantan\u00e9es sauront satisfaire vos papilles \u00e0 chaque bouch\u00e9e.<br \/>\nn<br \/>\nnNe manquez pas l&rsquo;occasion de go\u00fbter aux saveurs exotiques et authentiques des nouilles YUM YUM POULET &#8211; 5X60G, un produit de qualit\u00e9 qui saura vous s\u00e9duire d\u00e8s la premi\u00e8re d\u00e9gustation. Faites-vous plaisir en ajoutant ce produit incontournable \u00e0 votre panier lors de votre prochaine visite dans notre supermarch\u00e9, pour une exp\u00e9rience culinaire unique et savoureuse.<\/p>\n","protected":false},"excerpt":{"rendered":"<p><span data-sheets-root=\"1\">D\u00e9couvrez le d\u00e9licieux YUM YUM POULET &#8211; 5X60G. Une savoureuse option pour un repas rapide et gourmand. Profitez de la marque YUM YUM pour une exp\u00e9rience culinaire inoubliable.<\/span><\/p>\n","protected":false},"featured_media":14922,"comment_status":"closed","ping_status":"closed","template":"","meta":{"footnotes":""},"product_cat":[75,104],"product_tag":[323],"class_list":{"0":"post-14686","1":"product","2":"type-product","3":"status-publish","4":"has-post-thumbnail","6":"product_brand-yum-yum","7":"product_cat-tous-les-produits","8":"product_cat-epicerie-salee","9":"product_tag-yum-yum-poulet-5x60g","10":"product_shipping_class-top-produits","12":"first","13":"instock","14":"taxable","15":"shipping-taxable","16":"purchasable","17":"product-type-simple"},"_links":{"self":[{"href":"https:\/\/prointer.fr\/mutzig\/wp-json\/wp\/v2\/product\/14686","targetHints":{"allow":["GET"]}}],"collection":[{"href":"https:\/\/prointer.fr\/mutzig\/wp-json\/wp\/v2\/product"}],"about":[{"href":"https:\/\/prointer.fr\/mutzig\/wp-json\/wp\/v2\/types\/product"}],"replies":[{"embeddable":true,"href":"https:\/\/prointer.fr\/mutzig\/wp-json\/wp\/v2\/comments?post=14686"}],"version-history":[{"count":1,"href":"https:\/\/prointer.fr\/mutzig\/wp-json\/wp\/v2\/product\/14686\/revisions"}],"predecessor-version":[{"id":14923,"href":"https:\/\/prointer.fr\/mutzig\/wp-json\/wp\/v2\/product\/14686\/revisions\/14923"}],"wp:featuredmedia":[{"embeddable":true,"href":"https:\/\/prointer.fr\/mutzig\/wp-json\/wp\/v2\/media\/14922"}],"wp:attachment":[{"href":"https:\/\/prointer.fr\/mutzig\/wp-json\/wp\/v2\/media?parent=14686"}],"wp:term":[{"taxonomy":"product_cat","embeddable":true,"href":"https:\/\/prointer.fr\/mutzig\/wp-json\/wp\/v2\/product_cat?post=14686"},{"taxonomy":"product_tag","embeddable":true,"href":"https:\/\/prointer.fr\/mutzig\/wp-json\/wp\/v2\/product_tag?post=14686"}],"curies":[{"name":"wp","href":"https:\/\/api.w.org\/{rel}","templated":true}]}}