{"id":15127,"date":"2025-11-25T16:04:55","date_gmt":"2025-11-25T16:04:55","guid":{"rendered":"https:\/\/viande-halal.fr\/mutzig\/?post_type=product&#038;p=15127"},"modified":"2025-11-25T16:04:55","modified_gmt":"2025-11-25T16:04:55","slug":"snack-de-mais-paprika-gusto-100g","status":"publish","type":"product","link":"https:\/\/prointer.fr\/mutzig\/produit\/snack-de-mais-paprika-gusto-100g\/","title":{"rendered":"SNACK DE MAIS PAPRIKA GUSTO &#8211; 100G"},"content":{"rendered":"<p>D\u00e9couvrez le d\u00e9licieux SNACK DE MA\u00cfS PAPRIKA GUSTO &#8211; 100G, une irr\u00e9sistible collation de la marque GUSTO. Id\u00e9al pour les petites faims ou les moments de d\u00e9tente, ce snack de ma\u00efs croustillant est subtilement relev\u00e9 d&rsquo;une touche de paprika pour une explosion de saveurs en bouche. nnFabriqu\u00e9 avec des ingr\u00e9dients de qualit\u00e9, ce snack de ma\u00efs est parfait pour les amateurs de saveurs \u00e9pic\u00e9es et gourmandes. Son format de 100g en fait un compagnon id\u00e9al \u00e0 emporter partout avec vous, que ce soit au bureau, en balade ou pour une pause gourmande \u00e0 la maison. nnAjoutez une touche de piquant \u00e0 vos pauses gourmandes avec ce SNACK DE MA\u00cfS PAPRIKA GUSTO &#8211; 100G, un produit incontournable de la cat\u00e9gorie \u00c9picerie sal\u00e9e. nnRetrouvez ce produit et bien d&rsquo;autres encore dans notre supermarch\u00e9 physique, o\u00f9 qualit\u00e9 et saveur se rencontrent pour vous offrir une exp\u00e9rience unique. N&rsquo;h\u00e9sitez pas \u00e0 venir d\u00e9couvrir nos d\u00e9licieuses sp\u00e9cialit\u00e9s et \u00e0 vous laisser tenter par notre s\u00e9lection vari\u00e9e de produits gourmands.<\/p>\n","protected":false},"excerpt":{"rendered":"<p>D\u00e9couvrez le d\u00e9licieux snack de ma\u00efs paprika Gusto, un incontournable pour les amateurs de saveurs \u00e9pic\u00e9es. Croquant et savoureux, ce produit de 100g saura combler vos envies de grignotage.<\/p>\n","protected":false},"featured_media":14056,"comment_status":"closed","ping_status":"closed","template":"","meta":{"footnotes":""},"product_cat":[104,75],"product_tag":[157],"class_list":{"0":"post-15127","1":"product","2":"type-product","3":"status-publish","4":"has-post-thumbnail","6":"product_brand-gusto","7":"product_cat-epicerie-salee","8":"product_cat-tous-les-produits","9":"product_tag-gusto","10":"product_shipping_class-top-produits","12":"first","13":"instock","14":"taxable","15":"shipping-taxable","16":"purchasable","17":"product-type-simple"},"_links":{"self":[{"href":"https:\/\/prointer.fr\/mutzig\/wp-json\/wp\/v2\/product\/15127","targetHints":{"allow":["GET"]}}],"collection":[{"href":"https:\/\/prointer.fr\/mutzig\/wp-json\/wp\/v2\/product"}],"about":[{"href":"https:\/\/prointer.fr\/mutzig\/wp-json\/wp\/v2\/types\/product"}],"replies":[{"embeddable":true,"href":"https:\/\/prointer.fr\/mutzig\/wp-json\/wp\/v2\/comments?post=15127"}],"version-history":[{"count":1,"href":"https:\/\/prointer.fr\/mutzig\/wp-json\/wp\/v2\/product\/15127\/revisions"}],"predecessor-version":[{"id":15141,"href":"https:\/\/prointer.fr\/mutzig\/wp-json\/wp\/v2\/product\/15127\/revisions\/15141"}],"wp:featuredmedia":[{"embeddable":true,"href":"https:\/\/prointer.fr\/mutzig\/wp-json\/wp\/v2\/media\/14056"}],"wp:attachment":[{"href":"https:\/\/prointer.fr\/mutzig\/wp-json\/wp\/v2\/media?parent=15127"}],"wp:term":[{"taxonomy":"product_cat","embeddable":true,"href":"https:\/\/prointer.fr\/mutzig\/wp-json\/wp\/v2\/product_cat?post=15127"},{"taxonomy":"product_tag","embeddable":true,"href":"https:\/\/prointer.fr\/mutzig\/wp-json\/wp\/v2\/product_tag?post=15127"}],"curies":[{"name":"wp","href":"https:\/\/api.w.org\/{rel}","templated":true}]}}