{"id":14435,"date":"2025-11-25T16:05:53","date_gmt":"2025-11-25T16:05:53","guid":{"rendered":"https:\/\/viande-halal.fr\/pfastatt\/?post_type=product&#038;p=14435"},"modified":"2025-11-25T16:05:55","modified_gmt":"2025-11-25T16:05:55","slug":"capri-sun-multi-20cl","status":"publish","type":"product","link":"https:\/\/prointer.fr\/pfastatt\/produit\/capri-sun-multi-20cl\/","title":{"rendered":"CAPRI-SUN MULTI &#8211; 20CL"},"content":{"rendered":"<p>D\u00e9couvrez le d\u00e9licieux CAPRI-SUN MULTI &#8211; 20CL de la c\u00e9l\u00e8bre marque CAPRI-SUN, une boisson rafra\u00eechissante id\u00e9ale pour vous d\u00e9salt\u00e9rer \u00e0 tout moment de la journ\u00e9e. Le CAPRI-SUN MULTI est un m\u00e9lange savoureux de jus de fruits \u00e0 base de concentr\u00e9s, sans colorants artificiels ni conservateurs, pour une exp\u00e9rience gustative naturelle et authentique.nnCe format pratique de 20cl est parfait pour emporter partout avec vous, que ce soit \u00e0 l&rsquo;\u00e9cole, au travail ou lors de vos activit\u00e9s en plein air. Facile \u00e0 glisser dans un sac \u00e0 dos ou une lunch box, le CAPRI-SUN MULTI est le compagnon id\u00e9al pour vous hydrater en toute simplicit\u00e9.nnEn plus d&rsquo;\u00eatre d\u00e9licieuse, cette boisson est \u00e9galement une excellente source de vitamines essentielles pour votre bien-\u00eatre. Avec son go\u00fbt fruit\u00e9 et sa texture l\u00e9g\u00e8re, le CAPRSUN MULTI saura ravir les papilles des petits comme des grands.nnN&rsquo;attendez plus pour vous procurer le CAPRI-SUN MULTI &#8211; 20CL et profitez d&rsquo;une pause gourmande et rafra\u00eechissante \u00e0 tout moment de la journ\u00e9e. Disponible d\u00e8s maintenant dans votre supermarch\u00e9 pr\u00e9f\u00e9r\u00e9, venez vite d\u00e9couvrir cette d\u00e9licieuse boisson dans notre rayon boissons.<\/p>\n","protected":false},"excerpt":{"rendered":"<p>D\u00e9couvrez le d\u00e9licieux Capri-Sun Multi en format pratique de 20cl. Une boisson rafra\u00eechissante aux ar\u00f4mes de fruits pour les petits et les grands. Id\u00e9al pour se d\u00e9salt\u00e9rer en toute occasion.<\/p>\n","protected":false},"featured_media":13475,"comment_status":"open","ping_status":"closed","template":"","meta":{"footnotes":""},"product_cat":[76,75],"product_tag":[96],"class_list":{"0":"post-14435","1":"product","2":"type-product","3":"status-publish","4":"has-post-thumbnail","6":"product_brand-capri-sun","7":"product_cat-boissons","8":"product_cat-tous-les-produits","9":"product_tag-capri-sun","10":"product_shipping_class-top-produits","12":"first","13":"instock","14":"taxable","15":"shipping-taxable","16":"purchasable","17":"product-type-simple"},"_links":{"self":[{"href":"https:\/\/prointer.fr\/pfastatt\/wp-json\/wp\/v2\/product\/14435","targetHints":{"allow":["GET"]}}],"collection":[{"href":"https:\/\/prointer.fr\/pfastatt\/wp-json\/wp\/v2\/product"}],"about":[{"href":"https:\/\/prointer.fr\/pfastatt\/wp-json\/wp\/v2\/types\/product"}],"replies":[{"embeddable":true,"href":"https:\/\/prointer.fr\/pfastatt\/wp-json\/wp\/v2\/comments?post=14435"}],"version-history":[{"count":1,"href":"https:\/\/prointer.fr\/pfastatt\/wp-json\/wp\/v2\/product\/14435\/revisions"}],"predecessor-version":[{"id":14483,"href":"https:\/\/prointer.fr\/pfastatt\/wp-json\/wp\/v2\/product\/14435\/revisions\/14483"}],"wp:featuredmedia":[{"embeddable":true,"href":"https:\/\/prointer.fr\/pfastatt\/wp-json\/wp\/v2\/media\/13475"}],"wp:attachment":[{"href":"https:\/\/prointer.fr\/pfastatt\/wp-json\/wp\/v2\/media?parent=14435"}],"wp:term":[{"taxonomy":"product_cat","embeddable":true,"href":"https:\/\/prointer.fr\/pfastatt\/wp-json\/wp\/v2\/product_cat?post=14435"},{"taxonomy":"product_tag","embeddable":true,"href":"https:\/\/prointer.fr\/pfastatt\/wp-json\/wp\/v2\/product_tag?post=14435"}],"curies":[{"name":"wp","href":"https:\/\/api.w.org\/{rel}","templated":true}]}}