{"id":14472,"date":"2025-11-25T16:05:54","date_gmt":"2025-11-25T16:05:54","guid":{"rendered":"https:\/\/viande-halal.fr\/pfastatt\/?post_type=product&#038;p=14472"},"modified":"2025-11-25T16:05:58","modified_gmt":"2025-11-25T16:05:58","slug":"tablette-de-chocolat-dubai-ulker","status":"publish","type":"product","link":"https:\/\/prointer.fr\/pfastatt\/produit\/tablette-de-chocolat-dubai-ulker\/","title":{"rendered":"TABLETTE DE CHOCOLAT DUBAI ULKER &#8211;"},"content":{"rendered":"<p>D\u00e9couvrez la tablette de chocolat Dubai Ulker, une d\u00e9licieuse douceur en provenance des Emirats Arabes Unis. Fabriqu\u00e9e par la c\u00e9l\u00e8bre marque Ulker, cette tablette de chocolat ravira les amateurs de douceurs sucr\u00e9es.<br \/>\nn<br \/>\nnAvec son go\u00fbt raffin\u00e9 et sa texture fondante, la tablette de chocolat Dubai Ulker est parfaite pour une pause gourmande \u00e0 tout moment de la journ\u00e9e. Que ce soit pour combler une petite faim ou pour accompagner votre caf\u00e9, ce d\u00e9licieux chocolat saura satisfaire vos papilles.<br \/>\nn<br \/>\nnDisponible dans la cat\u00e9gorie \u00c9picerie sucr\u00e9e de notre supermarch\u00e9, la tablette de chocolat Dubai Ulker est un produit de qualit\u00e9 qui saura vous s\u00e9duire par son go\u00fbt unique et son packaging \u00e9l\u00e9gant.<br \/>\nn<br \/>\nnN&rsquo;h\u00e9sitez plus et laissez-vous tenter par cette savoureuse tablette de chocolat Dubai Ulker. Commandez-la d\u00e8s maintenant et offrez-vous un moment de pur plaisir gustatif. Profitez de la qualit\u00e9 et du savoir-faire de la marque Ulker pour vous r\u00e9galer en toute simplicit\u00e9.<br \/>\nn<br \/>\nnRetrouvez la tablette de chocolat Dubai Ulker dans notre supermarch\u00e9 physique et laissez-vous emporter par son go\u00fbt d\u00e9licieux et sa texture onctueuse. Un incontournable de la gourmandise \u00e0 savourer sans mod\u00e9ration !<\/p>\n","protected":false},"excerpt":{"rendered":"<p>D\u00e9couvrez la tablette de chocolat Dubai Ulker, un d\u00e9lice exquis et fondant. Fabriqu\u00e9e par la c\u00e9l\u00e8bre marque Ulker, cette tablette ravira vos papilles avec son go\u00fbt irr\u00e9sistible. Commandez-la d\u00e8s maintenant !<\/p>\n","protected":false},"featured_media":13511,"comment_status":"open","ping_status":"closed","template":"","meta":{"footnotes":""},"product_cat":[105,75],"product_tag":[345,106],"class_list":{"0":"post-14472","1":"product","2":"type-product","3":"status-publish","4":"has-post-thumbnail","6":"product_brand-ulker","7":"product_cat-epicerie-sucree","8":"product_cat-tous-les-produits","9":"product_tag-pistache","10":"product_tag-ulker","11":"product_shipping_class-top-produits","13":"first","14":"instock","15":"taxable","16":"shipping-taxable","17":"purchasable","18":"product-type-simple"},"_links":{"self":[{"href":"https:\/\/prointer.fr\/pfastatt\/wp-json\/wp\/v2\/product\/14472","targetHints":{"allow":["GET"]}}],"collection":[{"href":"https:\/\/prointer.fr\/pfastatt\/wp-json\/wp\/v2\/product"}],"about":[{"href":"https:\/\/prointer.fr\/pfastatt\/wp-json\/wp\/v2\/types\/product"}],"replies":[{"embeddable":true,"href":"https:\/\/prointer.fr\/pfastatt\/wp-json\/wp\/v2\/comments?post=14472"}],"version-history":[{"count":1,"href":"https:\/\/prointer.fr\/pfastatt\/wp-json\/wp\/v2\/product\/14472\/revisions"}],"predecessor-version":[{"id":14501,"href":"https:\/\/prointer.fr\/pfastatt\/wp-json\/wp\/v2\/product\/14472\/revisions\/14501"}],"wp:featuredmedia":[{"embeddable":true,"href":"https:\/\/prointer.fr\/pfastatt\/wp-json\/wp\/v2\/media\/13511"}],"wp:attachment":[{"href":"https:\/\/prointer.fr\/pfastatt\/wp-json\/wp\/v2\/media?parent=14472"}],"wp:term":[{"taxonomy":"product_cat","embeddable":true,"href":"https:\/\/prointer.fr\/pfastatt\/wp-json\/wp\/v2\/product_cat?post=14472"},{"taxonomy":"product_tag","embeddable":true,"href":"https:\/\/prointer.fr\/pfastatt\/wp-json\/wp\/v2\/product_tag?post=14472"}],"curies":[{"name":"wp","href":"https:\/\/api.w.org\/{rel}","templated":true}]}}