{"id":14569,"date":"2025-11-25T16:06:06","date_gmt":"2025-11-25T16:06:06","guid":{"rendered":"https:\/\/viande-halal.fr\/pfastatt\/?post_type=product&#038;p=14569"},"modified":"2025-11-25T16:07:16","modified_gmt":"2025-11-25T16:07:16","slug":"yaourt-nature-suzme-suntat-2-5kg","status":"publish","type":"product","link":"https:\/\/prointer.fr\/pfastatt\/produit\/yaourt-nature-suzme-suntat-2-5kg\/","title":{"rendered":"YAOURT NATURE SUZME SUNTAT &#8211; 2.5KG"},"content":{"rendered":"<p>D\u00e9couvrez le yaourt nature suzme Suntat de 2,5kg, un produit incontournable de la cat\u00e9gorie lait, fromage et oeuf. Fabriqu\u00e9 par la marque de renom Suntat, ce yaourt est parfait pour les amateurs de produits laitiers de qualit\u00e9.nnLe yaourt suzme Suntat est un produit naturellement riche en prot\u00e9ines, id\u00e9al pour compl\u00e9ter votre alimentation quotidienne. Sa texture cr\u00e9meuse et son go\u00fbt d\u00e9licat en font un produit appr\u00e9ci\u00e9 de tous.nnCe yaourt de grande contenance est parfait pour toute la famille. Que ce soit au petit-d\u00e9jeuner, en dessert ou en en-cas, le yaourt nature suzme Suntat saura vous s\u00e9duire par sa fra\u00eecheur et sa saveur unique.nnEn choisissant le yaourt suzme Suntat, vous optez pour un produit de qualit\u00e9, issu d&rsquo;une marque reconnue pour son savoir-faire. Profitez de ce produit savoureux et sain pour agr\u00e9menter vos repas du quotidien.nnN&rsquo;attendez plus pour d\u00e9couvrir le yaourt nature suzme Suntat de 2,5kg dans votre supermarch\u00e9 pr\u00e9f\u00e9r\u00e9. Offrez-vous le plaisir d&rsquo;une pause gourmande et \u00e9quilibr\u00e9e avec ce produit d&rsquo;exception.<\/p>\n","protected":false},"excerpt":{"rendered":"<p>D\u00e9couvrez le d\u00e9licieux yaourt nature suzme Suntat, un produit de qualit\u00e9 en format \u00e9conomique de 2.5kg. Savoureux et cr\u00e9meux, parfait pour vos recettes ou en accompagnement. Profitez-en d\u00e8s maintenant !<\/p>\n","protected":false},"featured_media":14952,"comment_status":"closed","ping_status":"closed","template":"","meta":{"footnotes":""},"product_cat":[92,75],"product_tag":[94],"class_list":{"0":"post-14569","1":"product","2":"type-product","3":"status-publish","4":"has-post-thumbnail","6":"product_brand-suntat","7":"product_cat-produits-laitiers","8":"product_cat-tous-les-produits","9":"product_tag-suntat","10":"product_shipping_class-top-produits","12":"first","13":"instock","14":"taxable","15":"shipping-taxable","16":"purchasable","17":"product-type-simple"},"_links":{"self":[{"href":"https:\/\/prointer.fr\/pfastatt\/wp-json\/wp\/v2\/product\/14569","targetHints":{"allow":["GET"]}}],"collection":[{"href":"https:\/\/prointer.fr\/pfastatt\/wp-json\/wp\/v2\/product"}],"about":[{"href":"https:\/\/prointer.fr\/pfastatt\/wp-json\/wp\/v2\/types\/product"}],"replies":[{"embeddable":true,"href":"https:\/\/prointer.fr\/pfastatt\/wp-json\/wp\/v2\/comments?post=14569"}],"version-history":[{"count":1,"href":"https:\/\/prointer.fr\/pfastatt\/wp-json\/wp\/v2\/product\/14569\/revisions"}],"predecessor-version":[{"id":14953,"href":"https:\/\/prointer.fr\/pfastatt\/wp-json\/wp\/v2\/product\/14569\/revisions\/14953"}],"wp:featuredmedia":[{"embeddable":true,"href":"https:\/\/prointer.fr\/pfastatt\/wp-json\/wp\/v2\/media\/14952"}],"wp:attachment":[{"href":"https:\/\/prointer.fr\/pfastatt\/wp-json\/wp\/v2\/media?parent=14569"}],"wp:term":[{"taxonomy":"product_cat","embeddable":true,"href":"https:\/\/prointer.fr\/pfastatt\/wp-json\/wp\/v2\/product_cat?post=14569"},{"taxonomy":"product_tag","embeddable":true,"href":"https:\/\/prointer.fr\/pfastatt\/wp-json\/wp\/v2\/product_tag?post=14569"}],"curies":[{"name":"wp","href":"https:\/\/api.w.org\/{rel}","templated":true}]}}