{"id":14647,"date":"2025-11-25T16:06:14","date_gmt":"2025-11-25T16:06:14","guid":{"rendered":"https:\/\/viande-halal.fr\/pfastatt\/?post_type=product&#038;p=14647"},"modified":"2025-11-25T16:06:17","modified_gmt":"2025-11-25T16:06:17","slug":"tournesol-dakota-grille-sale-kerem","status":"publish","type":"product","link":"https:\/\/prointer.fr\/pfastatt\/produit\/tournesol-dakota-grille-sale-kerem\/","title":{"rendered":"TOURNESOL DAKOTA GRILLE SALE KEREM"},"content":{"rendered":"<p>Le TOURNESOL DAKOTA GRILLE SALE KEREM est un produit incontournable de la marque KEREM, sp\u00e9cialis\u00e9e dans l&rsquo;\u00e9picerie sal\u00e9e. Id\u00e9al pour les amateurs de snacks sal\u00e9s et croustillants, ce produit saura satisfaire vos envies de grignotage. nnLes graines de tournesol sont grill\u00e9es \u00e0 la perfection pour obtenir une texture croquante et un go\u00fbt savoureux. Riches en nutriments et en antioxydants, les graines de tournesol sont \u00e9galement b\u00e9n\u00e9fiques pour la sant\u00e9. nnLe TOURNESOL DAKOTA GRILLE SALE KEREM est parfait pour accompagner vos ap\u00e9ritifs entre amis ou pour combler une petite faim entre les repas. Son format pratique vous permet de l&#8217;emporter partout avec vous, que ce soit au bureau, en voyage ou lors de vos activit\u00e9s sportives. nnAjoutez une touche de gourmandise \u00e0 vos instants de d\u00e9tente avec le TOURNESOL DAKOTA GRILLE SALE KEREM. N&rsquo;h\u00e9sitez pas \u00e0 d\u00e9couvrir les autres produits de la marque KEREM pour compl\u00e9ter votre panier d&rsquo;\u00e9picerie sal\u00e9e. Rendez-vous dans notre supermarch\u00e9 pour retrouver ce produit de qualit\u00e9 et bien d&rsquo;autres encore.<\/p>\n","protected":false},"excerpt":{"rendered":"<p>TOURNESOL DAKOTA GRILLE SALE KEREM est une d\u00e9licieuse collation sal\u00e9e et croquante, id\u00e9ale pour les amateurs de snacks. D\u00e9couvrez le go\u00fbt authentique de ce produit Kerem, parfait pour une pause gourmande.<\/p>\n","protected":false},"featured_media":13755,"comment_status":"closed","ping_status":"closed","template":"","meta":{"footnotes":""},"product_cat":[104,75],"product_tag":[144],"class_list":{"0":"post-14647","1":"product","2":"type-product","3":"status-publish","4":"has-post-thumbnail","6":"product_brand-kerem","7":"product_cat-epicerie-salee","8":"product_cat-tous-les-produits","9":"product_tag-kerem","10":"product_shipping_class-top-produits","12":"first","13":"instock","14":"taxable","15":"shipping-taxable","16":"purchasable","17":"product-type-simple"},"_links":{"self":[{"href":"https:\/\/prointer.fr\/pfastatt\/wp-json\/wp\/v2\/product\/14647","targetHints":{"allow":["GET"]}}],"collection":[{"href":"https:\/\/prointer.fr\/pfastatt\/wp-json\/wp\/v2\/product"}],"about":[{"href":"https:\/\/prointer.fr\/pfastatt\/wp-json\/wp\/v2\/types\/product"}],"replies":[{"embeddable":true,"href":"https:\/\/prointer.fr\/pfastatt\/wp-json\/wp\/v2\/comments?post=14647"}],"version-history":[{"count":1,"href":"https:\/\/prointer.fr\/pfastatt\/wp-json\/wp\/v2\/product\/14647\/revisions"}],"predecessor-version":[{"id":14689,"href":"https:\/\/prointer.fr\/pfastatt\/wp-json\/wp\/v2\/product\/14647\/revisions\/14689"}],"wp:featuredmedia":[{"embeddable":true,"href":"https:\/\/prointer.fr\/pfastatt\/wp-json\/wp\/v2\/media\/13755"}],"wp:attachment":[{"href":"https:\/\/prointer.fr\/pfastatt\/wp-json\/wp\/v2\/media?parent=14647"}],"wp:term":[{"taxonomy":"product_cat","embeddable":true,"href":"https:\/\/prointer.fr\/pfastatt\/wp-json\/wp\/v2\/product_cat?post=14647"},{"taxonomy":"product_tag","embeddable":true,"href":"https:\/\/prointer.fr\/pfastatt\/wp-json\/wp\/v2\/product_tag?post=14647"}],"curies":[{"name":"wp","href":"https:\/\/api.w.org\/{rel}","templated":true}]}}