{"id":14660,"date":"2025-11-25T16:06:14","date_gmt":"2025-11-25T16:06:14","guid":{"rendered":"https:\/\/viande-halal.fr\/pfastatt\/?post_type=product&#038;p=14660"},"modified":"2025-11-25T16:06:21","modified_gmt":"2025-11-25T16:06:21","slug":"soupe-poulet-creme-bizim-mutfak-6","status":"publish","type":"product","link":"https:\/\/prointer.fr\/pfastatt\/produit\/soupe-poulet-creme-bizim-mutfak-6\/","title":{"rendered":"SOUPE POULET CREME BIZIM MUTFAK &#8211; 6"},"content":{"rendered":"<p>D\u00e9couvrez la d\u00e9licieuse soupe poulet cr\u00e8me Bizim Mutafak &#8211; 6 de la marque Ulker, une v\u00e9ritable invitation au voyage culinaire. Cette soupe savoureuse et r\u00e9confortante est id\u00e9ale pour les amateurs de cuisine turque traditionnelle. Pr\u00e9par\u00e9e avec des ingr\u00e9dients de qualit\u00e9, cette soupe est une v\u00e9ritable explosion de saveurs en bouche.nnAvec sa texture onctueuse et sa combinaison subtile de poulet et de cr\u00e8me, cette soupe est parfaite pour les repas en famille ou entre amis. Facile \u00e0 pr\u00e9parer, il vous suffit de r\u00e9chauffer doucement le contenu du sachet et de d\u00e9guster chaud.nnCette soupe poulet cr\u00e8me Bizim Mutafak &#8211; 6 est un incontournable de la cat\u00e9gorie \u00e9picerie sal\u00e9e. Que ce soit pour une soir\u00e9e cosy \u00e0 la maison ou pour vous r\u00e9chauffer lors des soir\u00e9es d&rsquo;hiver, elle saura satisfaire vos papilles et vous apporter une touche d&rsquo;exotisme \u00e0 vos repas.nnAjoutez d\u00e8s maintenant la soupe poulet cr\u00e8me Bizim Mutafak &#8211; 6 de la marque Ulker \u00e0 votre panier lors de votre prochaine visite en magasin. Laissez-vous tenter par cette d\u00e9licieuse soupe qui vous fera voyager au c\u0153ur des saveurs turques.<\/p>\n","protected":false},"excerpt":{"rendered":"<p>D\u00e9couvrez la d\u00e9licieuse soupe poulet cr\u00e8me Bizim Mutkak &#8211; 6 d&rsquo;Ulker. Une recette savoureuse et r\u00e9confortante, id\u00e9ale pour vous r\u00e9chauffer en hiver. Essayez-la d\u00e8s maintenant pour une exp\u00e9rience gustative inoubliable.<\/p>\n","protected":false},"featured_media":14701,"comment_status":"closed","ping_status":"closed","template":"","meta":{"footnotes":""},"product_cat":[104,75],"product_tag":[106],"class_list":{"0":"post-14660","1":"product","2":"type-product","3":"status-publish","4":"has-post-thumbnail","6":"product_brand-ulker","7":"product_cat-epicerie-salee","8":"product_cat-tous-les-produits","9":"product_tag-ulker","10":"product_shipping_class-top-produits","12":"first","13":"instock","14":"taxable","15":"shipping-taxable","16":"purchasable","17":"product-type-simple"},"_links":{"self":[{"href":"https:\/\/prointer.fr\/pfastatt\/wp-json\/wp\/v2\/product\/14660","targetHints":{"allow":["GET"]}}],"collection":[{"href":"https:\/\/prointer.fr\/pfastatt\/wp-json\/wp\/v2\/product"}],"about":[{"href":"https:\/\/prointer.fr\/pfastatt\/wp-json\/wp\/v2\/types\/product"}],"replies":[{"embeddable":true,"href":"https:\/\/prointer.fr\/pfastatt\/wp-json\/wp\/v2\/comments?post=14660"}],"version-history":[{"count":1,"href":"https:\/\/prointer.fr\/pfastatt\/wp-json\/wp\/v2\/product\/14660\/revisions"}],"predecessor-version":[{"id":14702,"href":"https:\/\/prointer.fr\/pfastatt\/wp-json\/wp\/v2\/product\/14660\/revisions\/14702"}],"wp:featuredmedia":[{"embeddable":true,"href":"https:\/\/prointer.fr\/pfastatt\/wp-json\/wp\/v2\/media\/14701"}],"wp:attachment":[{"href":"https:\/\/prointer.fr\/pfastatt\/wp-json\/wp\/v2\/media?parent=14660"}],"wp:term":[{"taxonomy":"product_cat","embeddable":true,"href":"https:\/\/prointer.fr\/pfastatt\/wp-json\/wp\/v2\/product_cat?post=14660"},{"taxonomy":"product_tag","embeddable":true,"href":"https:\/\/prointer.fr\/pfastatt\/wp-json\/wp\/v2\/product_tag?post=14660"}],"curies":[{"name":"wp","href":"https:\/\/api.w.org\/{rel}","templated":true}]}}