{"id":14663,"date":"2025-11-25T16:06:14","date_gmt":"2025-11-25T16:06:14","guid":{"rendered":"https:\/\/viande-halal.fr\/pfastatt\/?post_type=product&#038;p=14663"},"modified":"2025-11-25T16:07:37","modified_gmt":"2025-11-25T16:07:37","slug":"soupe-de-lentilles-bizim-mutfak-6","status":"publish","type":"product","link":"https:\/\/prointer.fr\/pfastatt\/produit\/soupe-de-lentilles-bizim-mutfak-6\/","title":{"rendered":"SOUPE DE LENTILLES BIZIM MUTFAK &#8211; 6"},"content":{"rendered":"<p>D\u00e9couvrez la d\u00e9licieuse soupe de lentilles Bizim Mutlak &#8211; 6 de la marque Ulker, un incontournable de l&rsquo;\u00e9picerie sal\u00e9e. Cette soupe savoureuse et r\u00e9confortante vous transporte au c\u0153ur de la cuisine traditionnelle turque avec ses ingr\u00e9dients de qualit\u00e9 et son go\u00fbt authentique.nnPr\u00e9par\u00e9e avec des lentilles soigneusement s\u00e9lectionn\u00e9es, des l\u00e9gumes frais et des \u00e9pices savamment dos\u00e9es, cette soupe est un v\u00e9ritable concentr\u00e9 de saveurs qui saura ravir les papilles des plus gourmands. Facile et rapide \u00e0 pr\u00e9parer, elle est id\u00e9ale pour une pause d\u00e9jeuner sur le pouce ou un d\u00eener r\u00e9confortant.nnQue vous soyez en qu\u00eate d&rsquo;un repas chaud et nourrissant ou simplement d&rsquo;une pause gourmande, la soupe de lentilles Bizim Mutlak &#8211; 6 est la solution id\u00e9ale. Offrez-vous un moment de plaisir gustatif en d\u00e9gustant cette soupe g\u00e9n\u00e9reuse et savoureuse, \u00e0 partager en famille ou entre amis.nnDisponible d\u00e8s maintenant dans votre supermarch\u00e9 pr\u00e9f\u00e9r\u00e9, la soupe de lentilles Bizim Mutlak &#8211; 6 de la marque Ulker est un produit incontournable \u00e0 avoir dans votre cuisine. N&rsquo;attendez plus pour vous r\u00e9galer et laissez-vous s\u00e9duire par cette recette traditionnelle aux saveurs envo\u00fbtantes.<\/p>\n","protected":false},"excerpt":{"rendered":"<p>D\u00e9couvrez la d\u00e9licieuse soupe de lentilles de la marque Ulker. Pr\u00eate en quelques minutes, cette soupe nourrissante et savoureuse est parfaite pour un repas rapide et r\u00e9confortant. Essayez-la d\u00e8s maintenant !<\/p>\n","protected":false},"featured_media":13888,"comment_status":"closed","ping_status":"closed","template":"","meta":{"footnotes":""},"product_cat":[104,75],"product_tag":[106],"class_list":{"0":"post-14663","1":"product","2":"type-product","3":"status-publish","4":"has-post-thumbnail","6":"product_brand-ulker","7":"product_cat-epicerie-salee","8":"product_cat-tous-les-produits","9":"product_tag-ulker","10":"product_shipping_class-top-produits","12":"first","13":"instock","14":"taxable","15":"shipping-taxable","16":"purchasable","17":"product-type-simple"},"_links":{"self":[{"href":"https:\/\/prointer.fr\/pfastatt\/wp-json\/wp\/v2\/product\/14663","targetHints":{"allow":["GET"]}}],"collection":[{"href":"https:\/\/prointer.fr\/pfastatt\/wp-json\/wp\/v2\/product"}],"about":[{"href":"https:\/\/prointer.fr\/pfastatt\/wp-json\/wp\/v2\/types\/product"}],"replies":[{"embeddable":true,"href":"https:\/\/prointer.fr\/pfastatt\/wp-json\/wp\/v2\/comments?post=14663"}],"version-history":[{"count":1,"href":"https:\/\/prointer.fr\/pfastatt\/wp-json\/wp\/v2\/product\/14663\/revisions"}],"predecessor-version":[{"id":15028,"href":"https:\/\/prointer.fr\/pfastatt\/wp-json\/wp\/v2\/product\/14663\/revisions\/15028"}],"wp:featuredmedia":[{"embeddable":true,"href":"https:\/\/prointer.fr\/pfastatt\/wp-json\/wp\/v2\/media\/13888"}],"wp:attachment":[{"href":"https:\/\/prointer.fr\/pfastatt\/wp-json\/wp\/v2\/media?parent=14663"}],"wp:term":[{"taxonomy":"product_cat","embeddable":true,"href":"https:\/\/prointer.fr\/pfastatt\/wp-json\/wp\/v2\/product_cat?post=14663"},{"taxonomy":"product_tag","embeddable":true,"href":"https:\/\/prointer.fr\/pfastatt\/wp-json\/wp\/v2\/product_tag?post=14663"}],"curies":[{"name":"wp","href":"https:\/\/api.w.org\/{rel}","templated":true}]}}