{"id":14670,"date":"2025-11-25T16:06:15","date_gmt":"2025-11-25T16:06:15","guid":{"rendered":"https:\/\/viande-halal.fr\/pfastatt\/?post_type=product&#038;p=14670"},"modified":"2025-11-25T16:07:12","modified_gmt":"2025-11-25T16:07:12","slug":"capri-sun-multivitamine-33cl","status":"publish","type":"product","link":"https:\/\/prointer.fr\/pfastatt\/produit\/capri-sun-multivitamine-33cl\/","title":{"rendered":"CAPRI-SUN MULTIVITAMINE &#8211; 33CL"},"content":{"rendered":"<p>D\u00e9couvrez le d\u00e9licieux CAPRI-SUN MULTIVITAMINE &#8211; 33CL, la boisson id\u00e9ale pour vous hydrater tout en b\u00e9n\u00e9ficiant d&rsquo;un apport en vitamines essentielles. La marque CAPRI-SUN est r\u00e9put\u00e9e pour ses boissons fruit\u00e9es et rafra\u00eechissantes, parfaites pour toute la famille.nnCe Capri-Sun Multivitamine est sp\u00e9cialement formul\u00e9 pour vous offrir un cocktail de vitamines indispensables \u00e0 votre bien-\u00eatre. Sa formule unique contient une combinaison de vitamines C, B6, B12 et E pour renforcer votre syst\u00e8me immunitaire et vous donner un coup de boost au quotidien.nnAvec son format pratique de 33cl, vous pourrez facilement emporter votre Capri-Sun Multivitamine partout avec vous, que ce soit au travail, \u00e0 l&rsquo;\u00e9cole ou lors de vos activit\u00e9s sportives. Sa bouteille refermable vous permettra de conserver toute la fra\u00eecheur de la boisson, pour une exp\u00e9rience gustative optimale \u00e0 chaque gorg\u00e9e.nnNe tardez plus et offrez-vous le plaisir sain et savoureux du CAPRI-SUN MULTIVITAMINE &#8211; 33CL. Disponible d\u00e8s maintenant dans votre supermarch\u00e9 pr\u00e9f\u00e9r\u00e9, en rayon boissons. N&rsquo;h\u00e9sitez pas \u00e0 ajouter ce produit \u00e0 votre panier pour profiter de tous ses bienfaits !<\/p>\n","protected":false},"excerpt":{"rendered":"<p>D\u00e9couvrez le d\u00e9licieux CAPRI-SUN MULTIVITAMINE &#8211; 33CL de la c\u00e9l\u00e8bre marque CAPRI-SUN. Rafra\u00eechissant et plein de vitamines, ce jus de fruit est id\u00e9al pour une pause \u00e9nergisante et saine.<\/p>\n","protected":false},"featured_media":14938,"comment_status":"closed","ping_status":"closed","template":"","meta":{"footnotes":""},"product_cat":[76,75],"product_tag":[96],"class_list":{"0":"post-14670","1":"product","2":"type-product","3":"status-publish","4":"has-post-thumbnail","6":"product_brand-capri-sun","7":"product_cat-boissons","8":"product_cat-tous-les-produits","9":"product_tag-capri-sun","10":"product_shipping_class-top-produits","12":"first","13":"instock","14":"taxable","15":"shipping-taxable","16":"purchasable","17":"product-type-simple"},"_links":{"self":[{"href":"https:\/\/prointer.fr\/pfastatt\/wp-json\/wp\/v2\/product\/14670","targetHints":{"allow":["GET"]}}],"collection":[{"href":"https:\/\/prointer.fr\/pfastatt\/wp-json\/wp\/v2\/product"}],"about":[{"href":"https:\/\/prointer.fr\/pfastatt\/wp-json\/wp\/v2\/types\/product"}],"replies":[{"embeddable":true,"href":"https:\/\/prointer.fr\/pfastatt\/wp-json\/wp\/v2\/comments?post=14670"}],"version-history":[{"count":1,"href":"https:\/\/prointer.fr\/pfastatt\/wp-json\/wp\/v2\/product\/14670\/revisions"}],"predecessor-version":[{"id":14939,"href":"https:\/\/prointer.fr\/pfastatt\/wp-json\/wp\/v2\/product\/14670\/revisions\/14939"}],"wp:featuredmedia":[{"embeddable":true,"href":"https:\/\/prointer.fr\/pfastatt\/wp-json\/wp\/v2\/media\/14938"}],"wp:attachment":[{"href":"https:\/\/prointer.fr\/pfastatt\/wp-json\/wp\/v2\/media?parent=14670"}],"wp:term":[{"taxonomy":"product_cat","embeddable":true,"href":"https:\/\/prointer.fr\/pfastatt\/wp-json\/wp\/v2\/product_cat?post=14670"},{"taxonomy":"product_tag","embeddable":true,"href":"https:\/\/prointer.fr\/pfastatt\/wp-json\/wp\/v2\/product_tag?post=14670"}],"curies":[{"name":"wp","href":"https:\/\/api.w.org\/{rel}","templated":true}]}}