{"id":14831,"date":"2025-11-25T16:06:47","date_gmt":"2025-11-25T16:06:47","guid":{"rendered":"https:\/\/viande-halal.fr\/pfastatt\/?post_type=product&#038;p=14831"},"modified":"2025-11-25T16:06:58","modified_gmt":"2025-11-25T16:06:58","slug":"semoule-de-ble-extra-fine-le-renard","status":"publish","type":"product","link":"https:\/\/prointer.fr\/pfastatt\/produit\/semoule-de-ble-extra-fine-le-renard\/","title":{"rendered":"SEMOULE DE BLE EXTRA FINE LE RENARD"},"content":{"rendered":"<p>La semoule de bl\u00e9 extra fine Le Renard est un incontournable de l&rsquo;\u00e9picerie sal\u00e9e, id\u00e9ale pour la pr\u00e9paration de d\u00e9licieuses recettes orientales et m\u00e9diterran\u00e9ennes. Cette semoule de bl\u00e9 de qualit\u00e9 sup\u00e9rieure est propos\u00e9e par la marque renomm\u00e9e Le Renard, garantissant ainsi un produit de grande qualit\u00e9 pour vos plats pr\u00e9f\u00e9r\u00e9s.nnLa semoule de bl\u00e9 extra fine Le Renard est parfaite pour la r\u00e9alisation de couscous, de g\u00e2teaux de semoule ou encore de d\u00e9licieuses p\u00e2tisseries orientales. Sa texture fine et l\u00e9g\u00e8re en fait un ingr\u00e9dient de choix pour obtenir des plats savoureux et authentiques.nnEn choisissant la semoule de bl\u00e9 extra fine Le Renard, vous optez pour un produit de confiance, reconnu pour sa qualit\u00e9 et sa saveur incomparable. Ajoutez cette semoule \u00e0 votre panier d&rsquo;\u00e9picerie sal\u00e9e pour apporter une touche de gourmandise \u00e0 vos plats du quotidien.nnNe tardez plus et d\u00e9couvrez la semoule de bl\u00e9 extra fine Le Renard sur les rayons de notre supermarch\u00e9 physique. Profitez de la qualit\u00e9 et du savoir-faire de la marque Le Renard pour sublimer vos recettes et r\u00e9galer vos convives lors de vos repas en famille ou entre amis.<\/p>\n","protected":false},"excerpt":{"rendered":"<p>La semoule de bl\u00e9 extra fine Le Renard est un produit de qualit\u00e9 sup\u00e9rieure, parfaite pour la pr\u00e9paration de d\u00e9licieux plats traditionnels. D\u00e9couvrez la marque Le Renard pour une cuisine savoureuse.<\/p>\n","protected":false},"featured_media":14874,"comment_status":"closed","ping_status":"closed","template":"","meta":{"footnotes":""},"product_cat":[104,75],"product_tag":[161],"class_list":{"0":"post-14831","1":"product","2":"type-product","3":"status-publish","4":"has-post-thumbnail","6":"product_brand-le-renard","7":"product_cat-epicerie-salee","8":"product_cat-tous-les-produits","9":"product_tag-le-renard","10":"product_shipping_class-top-produits","12":"first","13":"instock","14":"taxable","15":"shipping-taxable","16":"purchasable","17":"product-type-simple"},"_links":{"self":[{"href":"https:\/\/prointer.fr\/pfastatt\/wp-json\/wp\/v2\/product\/14831","targetHints":{"allow":["GET"]}}],"collection":[{"href":"https:\/\/prointer.fr\/pfastatt\/wp-json\/wp\/v2\/product"}],"about":[{"href":"https:\/\/prointer.fr\/pfastatt\/wp-json\/wp\/v2\/types\/product"}],"replies":[{"embeddable":true,"href":"https:\/\/prointer.fr\/pfastatt\/wp-json\/wp\/v2\/comments?post=14831"}],"version-history":[{"count":1,"href":"https:\/\/prointer.fr\/pfastatt\/wp-json\/wp\/v2\/product\/14831\/revisions"}],"predecessor-version":[{"id":14875,"href":"https:\/\/prointer.fr\/pfastatt\/wp-json\/wp\/v2\/product\/14831\/revisions\/14875"}],"wp:featuredmedia":[{"embeddable":true,"href":"https:\/\/prointer.fr\/pfastatt\/wp-json\/wp\/v2\/media\/14874"}],"wp:attachment":[{"href":"https:\/\/prointer.fr\/pfastatt\/wp-json\/wp\/v2\/media?parent=14831"}],"wp:term":[{"taxonomy":"product_cat","embeddable":true,"href":"https:\/\/prointer.fr\/pfastatt\/wp-json\/wp\/v2\/product_cat?post=14831"},{"taxonomy":"product_tag","embeddable":true,"href":"https:\/\/prointer.fr\/pfastatt\/wp-json\/wp\/v2\/product_tag?post=14831"}],"curies":[{"name":"wp","href":"https:\/\/api.w.org\/{rel}","templated":true}]}}