{"id":15003,"date":"2025-11-25T16:07:30","date_gmt":"2025-11-25T16:07:30","guid":{"rendered":"https:\/\/viande-halal.fr\/pfastatt\/?post_type=product&#038;p=15003"},"modified":"2025-11-25T16:07:40","modified_gmt":"2025-11-25T16:07:40","slug":"sesame-dore-espig-250g","status":"publish","type":"product","link":"https:\/\/prointer.fr\/pfastatt\/produit\/sesame-dore-espig-250g\/","title":{"rendered":"SESAME DORE ESPIG &#8211; 250G"},"content":{"rendered":"<p>Le s\u00e9same dor\u00e9 Espig de 250g est un incontournable de votre \u00e9picerie sal\u00e9e. La marque Espig vous propose un produit de qualit\u00e9, id\u00e9al pour agr\u00e9menter vos plats et apporter une touche de saveur exotique \u00e0 vos recettes. Le s\u00e9same dor\u00e9 est r\u00e9put\u00e9 pour ses nombreuses vertus nutritionnelles et son go\u00fbt d\u00e9licat qui saura ravir vos papilles.nnCe produit est parfait pour accompagner vos salades, vos plats de viande ou de poisson, ou m\u00eame pour saupoudrer sur vos soupes et vos plats v\u00e9g\u00e9tariens. En plus d&rsquo;\u00eatre d\u00e9licieux, le s\u00e9same dor\u00e9 est \u00e9galement une excellente source de prot\u00e9ines, de fibres et d&rsquo;acides gras essentiels, ce qui en fait un alli\u00e9 de choix pour une alimentation saine et \u00e9quilibr\u00e9e.nnAjoutez d\u00e8s maintenant le s\u00e9same dor\u00e9 Espig \u00e0 votre panier lors de votre prochaine visite dans notre supermarch\u00e9. Vous ne pourrez plus vous en passer ! N&rsquo;h\u00e9sitez pas \u00e0 consulter notre rayon \u00e9picerie sal\u00e9e pour d\u00e9couvrir d&rsquo;autres produits de qualit\u00e9 qui sauront satisfaire vos papilles. Faites confiance \u00e0 la marque Espig pour des produits authentiques et savoureux.<\/p>\n","protected":false},"excerpt":{"rendered":"<p>D\u00e9couvrez le d\u00e9licieux s\u00e9same dor\u00e9 Espig &#8211; 250g, id\u00e9al pour sublimer vos plats. Issu de l&rsquo;agriculture biologique, ce produit de qualit\u00e9 sup\u00e9rieure ajoutera une touche de gourmandise \u00e0 vos recettes.<\/p>\n","protected":false},"featured_media":13920,"comment_status":"closed","ping_status":"closed","template":"","meta":{"footnotes":""},"product_cat":[104,75],"product_tag":[187],"class_list":{"0":"post-15003","1":"product","2":"type-product","3":"status-publish","4":"has-post-thumbnail","6":"product_brand-espig","7":"product_cat-epicerie-salee","8":"product_cat-tous-les-produits","9":"product_tag-espig","10":"product_shipping_class-top-produits","12":"first","13":"instock","14":"taxable","15":"shipping-taxable","16":"purchasable","17":"product-type-simple"},"_links":{"self":[{"href":"https:\/\/prointer.fr\/pfastatt\/wp-json\/wp\/v2\/product\/15003","targetHints":{"allow":["GET"]}}],"collection":[{"href":"https:\/\/prointer.fr\/pfastatt\/wp-json\/wp\/v2\/product"}],"about":[{"href":"https:\/\/prointer.fr\/pfastatt\/wp-json\/wp\/v2\/types\/product"}],"replies":[{"embeddable":true,"href":"https:\/\/prointer.fr\/pfastatt\/wp-json\/wp\/v2\/comments?post=15003"}],"version-history":[{"count":1,"href":"https:\/\/prointer.fr\/pfastatt\/wp-json\/wp\/v2\/product\/15003\/revisions"}],"predecessor-version":[{"id":15042,"href":"https:\/\/prointer.fr\/pfastatt\/wp-json\/wp\/v2\/product\/15003\/revisions\/15042"}],"wp:featuredmedia":[{"embeddable":true,"href":"https:\/\/prointer.fr\/pfastatt\/wp-json\/wp\/v2\/media\/13920"}],"wp:attachment":[{"href":"https:\/\/prointer.fr\/pfastatt\/wp-json\/wp\/v2\/media?parent=15003"}],"wp:term":[{"taxonomy":"product_cat","embeddable":true,"href":"https:\/\/prointer.fr\/pfastatt\/wp-json\/wp\/v2\/product_cat?post=15003"},{"taxonomy":"product_tag","embeddable":true,"href":"https:\/\/prointer.fr\/pfastatt\/wp-json\/wp\/v2\/product_tag?post=15003"}],"curies":[{"name":"wp","href":"https:\/\/api.w.org\/{rel}","templated":true}]}}